{"id":8066,"date":"2025-05-28T15:05:20","date_gmt":"2025-05-28T14:05:20","guid":{"rendered":"https:\/\/thescrumacademy.com\/?page_id=8066"},"modified":"2025-05-28T16:50:42","modified_gmt":"2025-05-28T15:50:42","slug":"liberar-el-rendimiento-maximo","status":"publish","type":"page","link":"https:\/\/thescrumacademy.com\/es\/entrenamiento-scrum\/liberar-el-rendimiento-maximo\/","title":{"rendered":"Liberar el rendimiento m\u00e1ximo"},"content":{"rendered":"<div class=\"fusion-fullwidth fullwidth-box fusion-builder-row-1 fusion-flex-container has-pattern-background has-mask-background nonhundred-percent-fullwidth non-hundred-percent-height-scrolling\" style=\"--awb-border-radius-top-left:0px;--awb-border-radius-top-right:0px;--awb-border-radius-bottom-right:0px;--awb-border-radius-bottom-left:0px;--awb-flex-wrap:wrap;\" ><div class=\"fusion-builder-row fusion-row fusion-flex-align-items-flex-start fusion-flex-content-wrap\" style=\"max-width:1144px;margin-left: calc(-4% \/ 2 );margin-right: calc(-4% \/ 2 );\"><div class=\"fusion-layout-column fusion_builder_column fusion-builder-column-0 fusion_builder_column_2_3 2_3 fusion-flex-column\" style=\"--awb-bg-size:cover;--awb-width-large:66.6666666667%;--awb-margin-top-large:0px;--awb-spacing-right-large:2.88%;--awb-margin-bottom-large:20px;--awb-spacing-left-large:2.88%;--awb-width-medium:66.6666666667%;--awb-order-medium:0;--awb-spacing-right-medium:2.88%;--awb-spacing-left-medium:2.88%;--awb-width-small:100%;--awb-order-small:0;--awb-spacing-right-small:1.92%;--awb-spacing-left-small:1.92%;\"><div class=\"fusion-column-wrapper fusion-column-has-shadow fusion-flex-justify-content-flex-start fusion-content-layout-column\"><div class=\"fusion-text fusion-text-1\"><h3>C\u00f3mo guiar a tu equipo de desarrollo de&#8230;<\/h3>\n<p>&#8230;un grupo de extra\u00f1os que eligieron trabajar unos con otros a un equipo de alto rendimiento y auto organizado usando estrategias basadas del Modelo de Tuckman.<\/p>\n<\/div><div class=\"fusion-text fusion-text-2\"><ul>\n<li style=\"font-weight: 400;\" aria-level=\"1\"><span style=\"font-weight: 400;\">\u00bfTus equipos de desarrollo luchan por lograr su m\u00e1ximo potencial?<\/span><\/li>\n<li style=\"font-weight: 400;\" aria-level=\"1\"><span style=\"font-weight: 400;\">\u00bfTienes que navegar conflictos a nivel del equipo?<\/span><\/li>\n<li style=\"font-weight: 400;\" aria-level=\"1\"><span style=\"font-weight: 400;\">Is their performance slow, irregular and unpredictable?<\/span><\/li>\n<\/ul>\n<p><span style=\"font-weight: 400;\">Originalmente desarrollado en los 1960, el Modelo de Tuckman ofrece l\u00edderes de equipos con un modelo sencillo para entender los din\u00e1micos y desarrollo de equipos. De la etapa inicial de Forming a la etapa de alto Performing, el Modelo de Tuckman describe el viaje al que todos los equipos llegan. M\u00e1s importante, este modelo ofrece ideas como facilitar el crecimiento y productividad del equipo en cada etapa. <\/span><\/p>\n<p><span style=\"font-weight: 400;\">Descarga nuestro libro blanco para aprender m\u00e1s sobre el desarrollo de equipo y c\u00f3mo transformar tus equipos de desarrollo usando los principios establecidos dentro del Modelo de Tuckman.<\/span><\/p>\n<\/div><div class=\"fusion-text fusion-text-3\"><h3>Lo que aprender\u00e1s<\/h3>\n<ul>\n<li style=\"font-weight: 400;\" aria-level=\"1\"><b>Forming<\/b>: <span style=\"font-weight: 400;\">Aprender c\u00f3mo crear claridad y animar las conexiones iniciales como lanzas el equipo y estableces estructura.<\/span> <b><i>Pro tip: esto es el tiempo cuando el equipo necesita que T\u00da seas su l\u00edder.<\/i><\/b><\/li>\n<li style=\"font-weight: 400;\" aria-level=\"1\"><b>Storming:<\/b><span style=\"font-weight: 400;\"> Identificar estrategias para navegar las diferencias, resolver discusiones y crear una mentalidad de resolver problemas. <\/span><b><i>Pro tip: esta etapa es d\u00f3nde muchos equipos fracasan.<br \/>\n<\/i><\/b><\/li>\n<li style=\"font-weight: 400;\" aria-level=\"1\"><b>Norming: Explorar c\u00f3mo animar colaboraci\u00f3n y lograr consenso dentro del equipo para promocionar liderazgo compartido, responsabilidad mutua e interdependencia. <\/b> <b><i>Pro tip: suelta el control y da al equipo la oportunidad para descubrir su propia voz y l\u00edder(es).<br \/>\n<\/i><\/b><\/li>\n<li style=\"font-weight: 400;\" aria-level=\"1\"><b>Performing:<\/b><span style=\"font-weight: 400;\"> Descubrir c\u00f3mo mantener el momento como el equipo llega al rendimiento m\u00e1ximo. <\/span><b><i>Pro tip: proporcionar oportunidades para el crecimiento.<\/i><\/b><\/li>\n<li style=\"font-weight: 400;\" aria-level=\"1\"><b>Adjourning:<\/b><span style=\"font-weight: 400;\"> Aprender a gestionar la disoluci\u00f3n del equipo que honre las contribuciones de todo el mundo cuando los miembros salen hacia nuevas funciones. <\/span> <b><i>Pro tip: everyone will experience this stage differently; be present.<\/i><\/b><\/li>\n<\/ul>\n<p><span style=\"font-weight: 400;\">Este libro blanco te ayudar\u00e1 a identificar los comportamientos observables del equipo en cada etapa de desarrollo y sugerir acciones cr\u00edticas que el liderazgo tenga que hacer para hacer avanzar al equipo a su pr\u00f3xima etapa de crecimiento.<\/span><\/p>\n<\/div><\/div><\/div><div class=\"fusion-layout-column fusion_builder_column fusion-builder-column-1 fusion_builder_column_1_3 1_3 fusion-flex-column\" style=\"--awb-bg-size:cover;--awb-width-large:33.3333333333%;--awb-margin-top-large:0px;--awb-spacing-right-large:5.76%;--awb-margin-bottom-large:20px;--awb-spacing-left-large:5.76%;--awb-width-medium:33.3333333333%;--awb-order-medium:0;--awb-spacing-right-medium:5.76%;--awb-spacing-left-medium:5.76%;--awb-width-small:100%;--awb-order-small:0;--awb-spacing-right-small:1.92%;--awb-spacing-left-small:1.92%;\"><div class=\"fusion-column-wrapper fusion-column-has-shadow fusion-flex-justify-content-flex-start fusion-content-layout-column\"><div class=\"fusion-image-element \" style=\"text-align:left;--awb-caption-title-font-family:var(--h2_typography-font-family);--awb-caption-title-font-weight:var(--h2_typography-font-weight);--awb-caption-title-font-style:var(--h2_typography-font-style);--awb-caption-title-size:var(--h2_typography-font-size);--awb-caption-title-transform:var(--h2_typography-text-transform);--awb-caption-title-line-height:var(--h2_typography-line-height);--awb-caption-title-letter-spacing:var(--h2_typography-letter-spacing);\"><span class=\" fusion-imageframe imageframe-none imageframe-1 hover-type-none\"><img decoding=\"async\" width=\"525\" height=\"674\" title=\"Unlocking Key Performance\" src=\"https:\/\/thescrumacademy.com\/wp-content\/uploads\/2025\/05\/Unlocking-Key-Performance.png\" data-orig-src=\"https:\/\/thescrumacademy.com\/wp-content\/uploads\/2025\/05\/Unlocking-Key-Performance.png\" alt class=\"lazyload img-responsive wp-image-8068\" srcset=\"data:image\/svg+xml,%3Csvg%20xmlns%3D%27http%3A%2F%2Fwww.w3.org%2F2000%2Fsvg%27%20width%3D%27525%27%20height%3D%27674%27%20viewBox%3D%270%200%20525%20674%27%3E%3Crect%20width%3D%27525%27%20height%3D%27674%27%20fill-opacity%3D%220%22%2F%3E%3C%2Fsvg%3E\" data-srcset=\"https:\/\/thescrumacademy.com\/wp-content\/uploads\/2025\/05\/Unlocking-Key-Performance-200x257.png 200w, https:\/\/thescrumacademy.com\/wp-content\/uploads\/2025\/05\/Unlocking-Key-Performance-400x514.png 400w, https:\/\/thescrumacademy.com\/wp-content\/uploads\/2025\/05\/Unlocking-Key-Performance.png 525w\" data-sizes=\"auto\" data-orig-sizes=\"(max-width: 640px) 100vw, 400px\" \/><\/span><\/div><div class=\"fusion-separator fusion-full-width-sep\" style=\"align-self: center;margin-left: auto;margin-right: auto;width:100%;\"><div class=\"fusion-separator-border sep-single\" style=\"--awb-height:20px;--awb-amount:20px;border-color:var(--awb-color5);border-top-width:1px;\"><\/div><\/div><div class=\"fusion-text fusion-text-4\"><div class=\"pipedriveWebForms\" data-pd-webforms=\"https:\/\/webforms.pipedrive.com\/f\/6aTPwEfhgdQQHBKSijEDjCQffVsMQyNoYUtsxRCP8oMerc3IEPvW7AEGRzVDFAzLXB\"><script src=\"https:\/\/webforms.pipedrive.com\/f\/loader\"><\/script><\/div>\n<\/div><\/div><\/div><\/div><\/div>\n","protected":false},"excerpt":{"rendered":"","protected":false},"author":5,"featured_media":7130,"parent":6525,"menu_order":4,"comment_status":"closed","ping_status":"closed","template":"","meta":{"_monsterinsights_skip_tracking":false,"_monsterinsights_sitenote_active":false,"_monsterinsights_sitenote_note":"","_monsterinsights_sitenote_category":0,"_price":"","_stock":"","_tribe_ticket_header":"","_tribe_default_ticket_provider":"TEC\\Tickets\\Commerce\\Module","_tribe_ticket_capacity":"0","_ticket_start_date":"","_ticket_end_date":"","_tribe_ticket_show_description":"","_tribe_ticket_show_not_going":false,"_tribe_ticket_use_global_stock":"","_tribe_ticket_global_stock_level":"","_global_stock_mode":"","_global_stock_cap":"","_tribe_rsvp_for_event":"","_tribe_ticket_going_count":"","_tribe_ticket_not_going_count":"","_tribe_tickets_list":"[]","_tribe_ticket_has_attendee_info_fields":false,"footnotes":"","_tec_slr_enabled":"","_tec_slr_layout":""},"class_list":["post-8066","page","type-page","status-publish","has-post-thumbnail","hentry"],"yoast_head":"<!-- This site is optimized with the Yoast SEO plugin v27.1.1 - https:\/\/yoast.com\/product\/yoast-seo-wordpress\/ -->\n<title>Liberar el rendimiento m\u00e1ximo<\/title>\n<meta name=\"description\" content=\"Descarga nuestro libro blanco para aprender m\u00e1s sobre el desarrollo de equipo y c\u00f3mo transformar tus equipos de desarrollo usando los principios establecidos dentro del Modelo de Tuckman.\" \/>\n<meta name=\"robots\" content=\"index, follow, max-snippet:-1, max-image-preview:large, max-video-preview:-1\" \/>\n<link rel=\"canonical\" href=\"https:\/\/thescrumacademy.com\/es\/entrenamiento-scrum\/liberar-el-rendimiento-maximo\/\" \/>\n<meta property=\"og:locale\" content=\"es_ES\" \/>\n<meta property=\"og:type\" content=\"article\" \/>\n<meta property=\"og:title\" content=\"Liberar el rendimiento m\u00e1ximo\" \/>\n<meta property=\"og:description\" content=\"Descarga nuestro libro blanco para aprender m\u00e1s sobre el desarrollo de equipo y c\u00f3mo transformar tus equipos de desarrollo usando los principios establecidos dentro del Modelo de Tuckman.\" \/>\n<meta property=\"og:url\" content=\"https:\/\/thescrumacademy.com\/es\/entrenamiento-scrum\/liberar-el-rendimiento-maximo\/\" \/>\n<meta property=\"og:site_name\" content=\"The Scrum Academy\" \/>\n<meta property=\"article:modified_time\" content=\"2025-05-28T15:50:42+00:00\" \/>\n<meta property=\"og:image\" content=\"https:\/\/thescrumacademy.com\/wp-content\/uploads\/2024\/10\/ACSM_Hannah_heroimage_2024-scaled-1-1024x683.jpg\" \/>\n\t<meta property=\"og:image:width\" content=\"1024\" \/>\n\t<meta property=\"og:image:height\" content=\"683\" \/>\n\t<meta property=\"og:image:type\" content=\"image\/jpeg\" \/>\n<meta name=\"twitter:card\" content=\"summary_large_image\" \/>\n<meta name=\"twitter:label1\" content=\"Tiempo de lectura\" \/>\n\t<meta name=\"twitter:data1\" content=\"2 minutos\" \/>\n<script type=\"application\/ld+json\" class=\"yoast-schema-graph\">{\"@context\":\"https:\/\/schema.org\",\"@graph\":[{\"@type\":\"WebPage\",\"@id\":\"https:\/\/thescrumacademy.com\/es\/entrenamiento-scrum\/liberar-el-rendimiento-maximo\/\",\"url\":\"https:\/\/thescrumacademy.com\/es\/entrenamiento-scrum\/liberar-el-rendimiento-maximo\/\",\"name\":\"Liberar el rendimiento m\u00e1ximo\",\"isPartOf\":{\"@id\":\"https:\/\/thescrumacademy.com\/es\/#website\"},\"primaryImageOfPage\":{\"@id\":\"https:\/\/thescrumacademy.com\/es\/entrenamiento-scrum\/liberar-el-rendimiento-maximo\/#primaryimage\"},\"image\":{\"@id\":\"https:\/\/thescrumacademy.com\/es\/entrenamiento-scrum\/liberar-el-rendimiento-maximo\/#primaryimage\"},\"thumbnailUrl\":\"https:\/\/thescrumacademy.com\/wp-content\/uploads\/2024\/10\/ACSM_Hannah_heroimage_2024-scaled-1.jpg\",\"datePublished\":\"2025-05-28T14:05:20+00:00\",\"dateModified\":\"2025-05-28T15:50:42+00:00\",\"description\":\"Descarga nuestro libro blanco para aprender m\u00e1s sobre el desarrollo de equipo y c\u00f3mo transformar tus equipos de desarrollo usando los principios establecidos dentro del Modelo de Tuckman.\",\"breadcrumb\":{\"@id\":\"https:\/\/thescrumacademy.com\/es\/entrenamiento-scrum\/liberar-el-rendimiento-maximo\/#breadcrumb\"},\"inLanguage\":\"es\",\"potentialAction\":[{\"@type\":\"ReadAction\",\"target\":[\"https:\/\/thescrumacademy.com\/es\/entrenamiento-scrum\/liberar-el-rendimiento-maximo\/\"]}]},{\"@type\":\"ImageObject\",\"inLanguage\":\"es\",\"@id\":\"https:\/\/thescrumacademy.com\/es\/entrenamiento-scrum\/liberar-el-rendimiento-maximo\/#primaryimage\",\"url\":\"https:\/\/thescrumacademy.com\/wp-content\/uploads\/2024\/10\/ACSM_Hannah_heroimage_2024-scaled-1.jpg\",\"contentUrl\":\"https:\/\/thescrumacademy.com\/wp-content\/uploads\/2024\/10\/ACSM_Hannah_heroimage_2024-scaled-1.jpg\",\"width\":2560,\"height\":1707},{\"@type\":\"BreadcrumbList\",\"@id\":\"https:\/\/thescrumacademy.com\/es\/entrenamiento-scrum\/liberar-el-rendimiento-maximo\/#breadcrumb\",\"itemListElement\":[{\"@type\":\"ListItem\",\"position\":1,\"name\":\"Home\",\"item\":\"https:\/\/thescrumacademy.com\/es\/\"},{\"@type\":\"ListItem\",\"position\":2,\"name\":\"Entrenamiento scrum\",\"item\":\"https:\/\/thescrumacademy.com\/es\/scrum-training\/\"},{\"@type\":\"ListItem\",\"position\":3,\"name\":\"Liberar el rendimiento m\u00e1ximo\"}]},{\"@type\":\"WebSite\",\"@id\":\"https:\/\/thescrumacademy.com\/es\/#website\",\"url\":\"https:\/\/thescrumacademy.com\/es\/\",\"name\":\"The Scrum Academy\",\"description\":\"Everyone anywhere can do better Scrum\",\"potentialAction\":[{\"@type\":\"SearchAction\",\"target\":{\"@type\":\"EntryPoint\",\"urlTemplate\":\"https:\/\/thescrumacademy.com\/es\/?s={search_term_string}\"},\"query-input\":{\"@type\":\"PropertyValueSpecification\",\"valueRequired\":true,\"valueName\":\"search_term_string\"}}],\"inLanguage\":\"es\"}]}<\/script>\n<!-- \/ Yoast SEO plugin. -->","yoast_head_json":{"title":"Liberar el rendimiento m\u00e1ximo","description":"Descarga nuestro libro blanco para aprender m\u00e1s sobre el desarrollo de equipo y c\u00f3mo transformar tus equipos de desarrollo usando los principios establecidos dentro del Modelo de Tuckman.","robots":{"index":"index","follow":"follow","max-snippet":"max-snippet:-1","max-image-preview":"max-image-preview:large","max-video-preview":"max-video-preview:-1"},"canonical":"https:\/\/thescrumacademy.com\/es\/entrenamiento-scrum\/liberar-el-rendimiento-maximo\/","og_locale":"es_ES","og_type":"article","og_title":"Liberar el rendimiento m\u00e1ximo","og_description":"Descarga nuestro libro blanco para aprender m\u00e1s sobre el desarrollo de equipo y c\u00f3mo transformar tus equipos de desarrollo usando los principios establecidos dentro del Modelo de Tuckman.","og_url":"https:\/\/thescrumacademy.com\/es\/entrenamiento-scrum\/liberar-el-rendimiento-maximo\/","og_site_name":"The Scrum Academy","article_modified_time":"2025-05-28T15:50:42+00:00","og_image":[{"width":1024,"height":683,"url":"https:\/\/thescrumacademy.com\/wp-content\/uploads\/2024\/10\/ACSM_Hannah_heroimage_2024-scaled-1-1024x683.jpg","type":"image\/jpeg"}],"twitter_card":"summary_large_image","twitter_misc":{"Tiempo de lectura":"2 minutos"},"schema":{"@context":"https:\/\/schema.org","@graph":[{"@type":"WebPage","@id":"https:\/\/thescrumacademy.com\/es\/entrenamiento-scrum\/liberar-el-rendimiento-maximo\/","url":"https:\/\/thescrumacademy.com\/es\/entrenamiento-scrum\/liberar-el-rendimiento-maximo\/","name":"Liberar el rendimiento m\u00e1ximo","isPartOf":{"@id":"https:\/\/thescrumacademy.com\/es\/#website"},"primaryImageOfPage":{"@id":"https:\/\/thescrumacademy.com\/es\/entrenamiento-scrum\/liberar-el-rendimiento-maximo\/#primaryimage"},"image":{"@id":"https:\/\/thescrumacademy.com\/es\/entrenamiento-scrum\/liberar-el-rendimiento-maximo\/#primaryimage"},"thumbnailUrl":"https:\/\/thescrumacademy.com\/wp-content\/uploads\/2024\/10\/ACSM_Hannah_heroimage_2024-scaled-1.jpg","datePublished":"2025-05-28T14:05:20+00:00","dateModified":"2025-05-28T15:50:42+00:00","description":"Descarga nuestro libro blanco para aprender m\u00e1s sobre el desarrollo de equipo y c\u00f3mo transformar tus equipos de desarrollo usando los principios establecidos dentro del Modelo de Tuckman.","breadcrumb":{"@id":"https:\/\/thescrumacademy.com\/es\/entrenamiento-scrum\/liberar-el-rendimiento-maximo\/#breadcrumb"},"inLanguage":"es","potentialAction":[{"@type":"ReadAction","target":["https:\/\/thescrumacademy.com\/es\/entrenamiento-scrum\/liberar-el-rendimiento-maximo\/"]}]},{"@type":"ImageObject","inLanguage":"es","@id":"https:\/\/thescrumacademy.com\/es\/entrenamiento-scrum\/liberar-el-rendimiento-maximo\/#primaryimage","url":"https:\/\/thescrumacademy.com\/wp-content\/uploads\/2024\/10\/ACSM_Hannah_heroimage_2024-scaled-1.jpg","contentUrl":"https:\/\/thescrumacademy.com\/wp-content\/uploads\/2024\/10\/ACSM_Hannah_heroimage_2024-scaled-1.jpg","width":2560,"height":1707},{"@type":"BreadcrumbList","@id":"https:\/\/thescrumacademy.com\/es\/entrenamiento-scrum\/liberar-el-rendimiento-maximo\/#breadcrumb","itemListElement":[{"@type":"ListItem","position":1,"name":"Home","item":"https:\/\/thescrumacademy.com\/es\/"},{"@type":"ListItem","position":2,"name":"Entrenamiento scrum","item":"https:\/\/thescrumacademy.com\/es\/scrum-training\/"},{"@type":"ListItem","position":3,"name":"Liberar el rendimiento m\u00e1ximo"}]},{"@type":"WebSite","@id":"https:\/\/thescrumacademy.com\/es\/#website","url":"https:\/\/thescrumacademy.com\/es\/","name":"The Scrum Academy","description":"Everyone anywhere can do better Scrum","potentialAction":[{"@type":"SearchAction","target":{"@type":"EntryPoint","urlTemplate":"https:\/\/thescrumacademy.com\/es\/?s={search_term_string}"},"query-input":{"@type":"PropertyValueSpecification","valueRequired":true,"valueName":"search_term_string"}}],"inLanguage":"es"}]}},"ticketed":false,"_links":{"self":[{"href":"https:\/\/thescrumacademy.com\/es\/wp-json\/wp\/v2\/pages\/8066","targetHints":{"allow":["GET"]}}],"collection":[{"href":"https:\/\/thescrumacademy.com\/es\/wp-json\/wp\/v2\/pages"}],"about":[{"href":"https:\/\/thescrumacademy.com\/es\/wp-json\/wp\/v2\/types\/page"}],"author":[{"embeddable":true,"href":"https:\/\/thescrumacademy.com\/es\/wp-json\/wp\/v2\/users\/5"}],"replies":[{"embeddable":true,"href":"https:\/\/thescrumacademy.com\/es\/wp-json\/wp\/v2\/comments?post=8066"}],"version-history":[{"count":0,"href":"https:\/\/thescrumacademy.com\/es\/wp-json\/wp\/v2\/pages\/8066\/revisions"}],"up":[{"embeddable":true,"href":"https:\/\/thescrumacademy.com\/es\/wp-json\/wp\/v2\/pages\/6525"}],"wp:featuredmedia":[{"embeddable":true,"href":"https:\/\/thescrumacademy.com\/es\/wp-json\/wp\/v2\/media\/7130"}],"wp:attachment":[{"href":"https:\/\/thescrumacademy.com\/es\/wp-json\/wp\/v2\/media?parent=8066"}],"curies":[{"name":"wp","href":"https:\/\/api.w.org\/{rel}","templated":true}]}}