{"id":8036,"date":"2025-04-14T16:00:49","date_gmt":"2025-04-14T15:00:49","guid":{"rendered":"https:\/\/thescrumacademy.com\/entrenamiento-scrum\/reclamar-tu-hoja-de-ruta\/"},"modified":"2025-05-28T16:40:58","modified_gmt":"2025-05-28T15:40:58","slug":"reclamar-tu-hoja-de-ruta-2","status":"publish","type":"page","link":"https:\/\/thescrumacademy.com\/es\/entrenamiento-scrum\/reclamar-tu-hoja-de-ruta-2\/","title":{"rendered":"Reclamar tu hoja de ruta"},"content":{"rendered":"<div class=\"fusion-fullwidth fullwidth-box fusion-builder-row-1 fusion-flex-container has-pattern-background has-mask-background nonhundred-percent-fullwidth non-hundred-percent-height-scrolling\" style=\"--awb-border-radius-top-left:0px;--awb-border-radius-top-right:0px;--awb-border-radius-bottom-right:0px;--awb-border-radius-bottom-left:0px;--awb-flex-wrap:wrap;\" ><div class=\"fusion-builder-row fusion-row fusion-flex-align-items-flex-start fusion-flex-content-wrap\" style=\"max-width:1144px;margin-left: calc(-4% \/ 2 );margin-right: calc(-4% \/ 2 );\"><div class=\"fusion-layout-column fusion_builder_column fusion-builder-column-0 fusion_builder_column_2_3 2_3 fusion-flex-column\" style=\"--awb-bg-size:cover;--awb-width-large:66.6666666667%;--awb-margin-top-large:0px;--awb-spacing-right-large:2.88%;--awb-margin-bottom-large:20px;--awb-spacing-left-large:2.88%;--awb-width-medium:66.6666666667%;--awb-order-medium:0;--awb-spacing-right-medium:2.88%;--awb-spacing-left-medium:2.88%;--awb-width-small:100%;--awb-order-small:0;--awb-spacing-right-small:1.92%;--awb-spacing-left-small:1.92%;\"><div class=\"fusion-column-wrapper fusion-column-has-shadow fusion-flex-justify-content-flex-start fusion-content-layout-column\"><div class=\"fusion-text fusion-text-1\"><h3>Liberar el poder de la resoluci\u00f3n colectiva de problemas durante el planeamiento estrat\u00e9gico<\/h3>\n<\/div><div class=\"fusion-text fusion-text-2\"><ul>\n<li><span style=\"font-weight: 400;\">\u00bfTu hoja de ruta gu\u00eda a tu <strong>estrategia empresaria<\/strong>l? <\/span><\/li>\n<li><span style=\"font-weight: 400;\">\u00bfO es simplemente otra lista de caracter\u00edsticas que desconectan estos objetivos que hacen crecer tu negocio?<\/span><\/li>\n<\/ul>\n<p><span style=\"font-weight: 400;\">Las investigaciones revelan que casi el 50% del liderazgo admite que sus hojas de ruta no reflejan las necesidades de sus clientes, o se alinean con su estrategia empresarial de largo plazo. \u00bfPor qu\u00e9? Puesto que la mayor\u00eda de los procesos de planificaci\u00f3n corporativos se dominan por pensamiento t\u00e1ctico. <\/span><\/p>\n<p><span style=\"font-weight: 400;\">Descarga nuestro libro blanco para descubrir c\u00f3mo mover la creaci\u00f3n de tu hoja de ruta de una actividad t\u00e1ctica a un <strong>di\u00e1logo din\u00e1mico y colaborativo<\/strong>. Con nuestro marco, te enfocas en los factores que hacen crecer tu negocio.<\/span><\/p>\n<\/div><div class=\"fusion-text fusion-text-3\"><h3>Lo que aprender\u00e1s<\/h3>\n<ul>\n<li style=\"font-weight: 400;\" aria-level=\"1\"><span style=\"font-weight: 400;\">Por qu\u00e9 la creaci\u00f3n tradicional de hoja de ruta falla y c\u00f3mo arreglarla.<\/span><\/li>\n<li style=\"font-weight: 400;\" aria-level=\"1\"><span style=\"font-weight: 400;\">Los errores m\u00e1s comunes se hacen por el liderazgo cuando construyen sus hojas de rutas.<\/span><\/li>\n<li style=\"font-weight: 400;\" aria-level=\"1\"><span style=\"font-weight: 400;\">Un proceso colaborativo para ayudar a construir una hoja de ruta que se asegura que tu estrategia y ejecuci\u00f3n trabajen en la misma direcci\u00f3n.<\/span><\/li>\n<li style=\"font-weight: 400;\" aria-level=\"1\"><span style=\"font-weight: 400;\">C\u00f3mo facilitar un evento de planificaci\u00f3n de un d\u00eda que crea alineamiento estrat\u00e9gico.<\/span><\/li>\n<\/ul>\n<p><span style=\"font-weight: 400;\">Nuestro proceso de baja tecnol\u00f3gica y cuatro pasos es ideal para ejecutivos, liderazgo, gerentes de productos, Product Owners y equipos de software que buscan un uso eficiente de sus recursos, maximizar la productividad de sus equipos de desarrollo y entregar a tiempo.<\/span><\/p>\n<\/div><\/div><\/div><div class=\"fusion-layout-column fusion_builder_column fusion-builder-column-1 fusion_builder_column_1_3 1_3 fusion-flex-column\" style=\"--awb-bg-size:cover;--awb-width-large:33.3333333333%;--awb-margin-top-large:0px;--awb-spacing-right-large:5.76%;--awb-margin-bottom-large:20px;--awb-spacing-left-large:5.76%;--awb-width-medium:33.3333333333%;--awb-order-medium:0;--awb-spacing-right-medium:5.76%;--awb-spacing-left-medium:5.76%;--awb-width-small:100%;--awb-order-small:0;--awb-spacing-right-small:1.92%;--awb-spacing-left-small:1.92%;\"><div class=\"fusion-column-wrapper fusion-column-has-shadow fusion-flex-justify-content-flex-start fusion-content-layout-column\"><div class=\"fusion-image-element \" style=\"text-align:left;--awb-caption-title-font-family:var(--h2_typography-font-family);--awb-caption-title-font-weight:var(--h2_typography-font-weight);--awb-caption-title-font-style:var(--h2_typography-font-style);--awb-caption-title-size:var(--h2_typography-font-size);--awb-caption-title-transform:var(--h2_typography-text-transform);--awb-caption-title-line-height:var(--h2_typography-line-height);--awb-caption-title-letter-spacing:var(--h2_typography-letter-spacing);\"><span class=\" fusion-imageframe imageframe-none imageframe-1 hover-type-none\"><img decoding=\"async\" width=\"525\" height=\"674\" title=\"Roadmapping with border and shadow 2\" src=\"https:\/\/thescrumacademy.com\/wp-content\/uploads\/2025\/04\/Roadmapping-with-border-and-shadow-2.png\" data-orig-src=\"https:\/\/thescrumacademy.com\/wp-content\/uploads\/2025\/04\/Roadmapping-with-border-and-shadow-2.png\" alt class=\"lazyload img-responsive wp-image-8003\" srcset=\"data:image\/svg+xml,%3Csvg%20xmlns%3D%27http%3A%2F%2Fwww.w3.org%2F2000%2Fsvg%27%20width%3D%27525%27%20height%3D%27674%27%20viewBox%3D%270%200%20525%20674%27%3E%3Crect%20width%3D%27525%27%20height%3D%27674%27%20fill-opacity%3D%220%22%2F%3E%3C%2Fsvg%3E\" data-srcset=\"https:\/\/thescrumacademy.com\/wp-content\/uploads\/2025\/04\/Roadmapping-with-border-and-shadow-2-200x257.png 200w, https:\/\/thescrumacademy.com\/wp-content\/uploads\/2025\/04\/Roadmapping-with-border-and-shadow-2-400x514.png 400w, https:\/\/thescrumacademy.com\/wp-content\/uploads\/2025\/04\/Roadmapping-with-border-and-shadow-2.png 525w\" data-sizes=\"auto\" data-orig-sizes=\"(max-width: 640px) 100vw, 400px\" \/><\/span><\/div><div class=\"fusion-separator fusion-full-width-sep\" style=\"align-self: center;margin-left: auto;margin-right: auto;width:100%;\"><div class=\"fusion-separator-border sep-single\" style=\"--awb-height:20px;--awb-amount:20px;border-color:var(--awb-color5);border-top-width:1px;\"><\/div><\/div><div class=\"fusion-text fusion-text-4\"><div class=\"pipedriveWebForms\" data-pd-webforms=\"https:\/\/webforms.pipedrive.com\/f\/6aVJJX8zObN8yLPS5SY3IeVFRMbNcUVwsyUprVtYLkdPLZrEuOVbZ9WYbT3db6GOWL\"><script src=\"https:\/\/webforms.pipedrive.com\/f\/loader\"><\/script><\/div>\n<\/div><\/div><\/div><\/div><\/div>\n","protected":false},"excerpt":{"rendered":"","protected":false},"author":5,"featured_media":7130,"parent":6525,"menu_order":4,"comment_status":"closed","ping_status":"closed","template":"","meta":{"_monsterinsights_skip_tracking":false,"_monsterinsights_sitenote_active":false,"_monsterinsights_sitenote_note":"","_monsterinsights_sitenote_category":0,"_price":"","_stock":"","_tribe_ticket_header":"","_tribe_default_ticket_provider":"TEC\\Tickets\\Commerce\\Module","_tribe_ticket_capacity":"0","_ticket_start_date":"","_ticket_end_date":"","_tribe_ticket_show_description":"","_tribe_ticket_show_not_going":false,"_tribe_ticket_use_global_stock":"","_tribe_ticket_global_stock_level":"","_global_stock_mode":"","_global_stock_cap":"","_tribe_rsvp_for_event":"","_tribe_ticket_going_count":"","_tribe_ticket_not_going_count":"","_tribe_tickets_list":"[]","_tribe_ticket_has_attendee_info_fields":false,"footnotes":"","_tec_slr_enabled":"","_tec_slr_layout":""},"class_list":["post-8036","page","type-page","status-publish","has-post-thumbnail","hentry"],"yoast_head":"<!-- This site is optimized with the Yoast SEO plugin v27.4 - https:\/\/yoast.com\/product\/yoast-seo-wordpress\/ -->\n<title>Advanced ScrumMaster certification (A-CSM)<\/title>\n<meta name=\"description\" content=\"The Scrum Academy offers Advanced Certified ScrumMaster (A-CSM) classes regularly online. Check our calendar for upcoming dates.\" \/>\n<meta name=\"robots\" content=\"index, follow, max-snippet:-1, max-image-preview:large, max-video-preview:-1\" \/>\n<link rel=\"canonical\" href=\"https:\/\/thescrumacademy.com\/es\/entrenamiento-scrum\/reclamar-tu-hoja-de-ruta-2\/\" \/>\n<meta property=\"og:locale\" content=\"es_ES\" \/>\n<meta property=\"og:type\" content=\"article\" \/>\n<meta property=\"og:title\" content=\"Advanced ScrumMaster certification (A-CSM)\" \/>\n<meta property=\"og:description\" content=\"The Scrum Academy offers Advanced Certified ScrumMaster (A-CSM) classes regularly online. Check our calendar for upcoming dates.\" \/>\n<meta property=\"og:url\" content=\"https:\/\/thescrumacademy.com\/es\/entrenamiento-scrum\/reclamar-tu-hoja-de-ruta-2\/\" \/>\n<meta property=\"og:site_name\" content=\"The Scrum Academy\" \/>\n<meta property=\"article:modified_time\" content=\"2025-05-28T15:40:58+00:00\" \/>\n<meta property=\"og:image\" content=\"https:\/\/thescrumacademy.com\/wp-content\/uploads\/2024\/10\/ACSM_Hannah_heroimage_2024-scaled-1-1024x683.jpg\" \/>\n\t<meta property=\"og:image:width\" content=\"1024\" \/>\n\t<meta property=\"og:image:height\" content=\"683\" \/>\n\t<meta property=\"og:image:type\" content=\"image\/jpeg\" \/>\n<meta name=\"twitter:card\" content=\"summary_large_image\" \/>\n<meta name=\"twitter:label1\" content=\"Tiempo de lectura\" \/>\n\t<meta name=\"twitter:data1\" content=\"2 minutos\" \/>\n<script type=\"application\/ld+json\" class=\"yoast-schema-graph\">{\"@context\":\"https:\\\/\\\/schema.org\",\"@graph\":[{\"@type\":\"WebPage\",\"@id\":\"https:\\\/\\\/thescrumacademy.com\\\/es\\\/entrenamiento-scrum\\\/reclamar-tu-hoja-de-ruta-2\\\/\",\"url\":\"https:\\\/\\\/thescrumacademy.com\\\/es\\\/entrenamiento-scrum\\\/reclamar-tu-hoja-de-ruta-2\\\/\",\"name\":\"Advanced ScrumMaster certification (A-CSM)\",\"isPartOf\":{\"@id\":\"https:\\\/\\\/thescrumacademy.com\\\/es\\\/#website\"},\"primaryImageOfPage\":{\"@id\":\"https:\\\/\\\/thescrumacademy.com\\\/es\\\/entrenamiento-scrum\\\/reclamar-tu-hoja-de-ruta-2\\\/#primaryimage\"},\"image\":{\"@id\":\"https:\\\/\\\/thescrumacademy.com\\\/es\\\/entrenamiento-scrum\\\/reclamar-tu-hoja-de-ruta-2\\\/#primaryimage\"},\"thumbnailUrl\":\"https:\\\/\\\/thescrumacademy.com\\\/wp-content\\\/uploads\\\/2024\\\/10\\\/ACSM_Hannah_heroimage_2024-scaled-1.jpg\",\"datePublished\":\"2025-04-14T15:00:49+00:00\",\"dateModified\":\"2025-05-28T15:40:58+00:00\",\"description\":\"The Scrum Academy offers Advanced Certified ScrumMaster (A-CSM) classes regularly online. Check our calendar for upcoming dates.\",\"breadcrumb\":{\"@id\":\"https:\\\/\\\/thescrumacademy.com\\\/es\\\/entrenamiento-scrum\\\/reclamar-tu-hoja-de-ruta-2\\\/#breadcrumb\"},\"inLanguage\":\"es\",\"potentialAction\":[{\"@type\":\"ReadAction\",\"target\":[\"https:\\\/\\\/thescrumacademy.com\\\/es\\\/entrenamiento-scrum\\\/reclamar-tu-hoja-de-ruta-2\\\/\"]}]},{\"@type\":\"ImageObject\",\"inLanguage\":\"es\",\"@id\":\"https:\\\/\\\/thescrumacademy.com\\\/es\\\/entrenamiento-scrum\\\/reclamar-tu-hoja-de-ruta-2\\\/#primaryimage\",\"url\":\"https:\\\/\\\/thescrumacademy.com\\\/wp-content\\\/uploads\\\/2024\\\/10\\\/ACSM_Hannah_heroimage_2024-scaled-1.jpg\",\"contentUrl\":\"https:\\\/\\\/thescrumacademy.com\\\/wp-content\\\/uploads\\\/2024\\\/10\\\/ACSM_Hannah_heroimage_2024-scaled-1.jpg\",\"width\":2560,\"height\":1707},{\"@type\":\"BreadcrumbList\",\"@id\":\"https:\\\/\\\/thescrumacademy.com\\\/es\\\/entrenamiento-scrum\\\/reclamar-tu-hoja-de-ruta-2\\\/#breadcrumb\",\"itemListElement\":[{\"@type\":\"ListItem\",\"position\":1,\"name\":\"Home\",\"item\":\"https:\\\/\\\/thescrumacademy.com\\\/es\\\/\"},{\"@type\":\"ListItem\",\"position\":2,\"name\":\"Entrenamiento scrum\",\"item\":\"https:\\\/\\\/thescrumacademy.com\\\/es\\\/scrum-training\\\/\"},{\"@type\":\"ListItem\",\"position\":3,\"name\":\"Reclamar tu hoja de ruta\"}]},{\"@type\":\"WebSite\",\"@id\":\"https:\\\/\\\/thescrumacademy.com\\\/es\\\/#website\",\"url\":\"https:\\\/\\\/thescrumacademy.com\\\/es\\\/\",\"name\":\"The Scrum Academy\",\"description\":\"Everyone anywhere can do better Scrum\",\"potentialAction\":[{\"@type\":\"SearchAction\",\"target\":{\"@type\":\"EntryPoint\",\"urlTemplate\":\"https:\\\/\\\/thescrumacademy.com\\\/es\\\/?s={search_term_string}\"},\"query-input\":{\"@type\":\"PropertyValueSpecification\",\"valueRequired\":true,\"valueName\":\"search_term_string\"}}],\"inLanguage\":\"es\"}]}<\/script>\n<!-- \/ Yoast SEO plugin. -->","yoast_head_json":{"title":"Advanced ScrumMaster certification (A-CSM)","description":"The Scrum Academy offers Advanced Certified ScrumMaster (A-CSM) classes regularly online. Check our calendar for upcoming dates.","robots":{"index":"index","follow":"follow","max-snippet":"max-snippet:-1","max-image-preview":"max-image-preview:large","max-video-preview":"max-video-preview:-1"},"canonical":"https:\/\/thescrumacademy.com\/es\/entrenamiento-scrum\/reclamar-tu-hoja-de-ruta-2\/","og_locale":"es_ES","og_type":"article","og_title":"Advanced ScrumMaster certification (A-CSM)","og_description":"The Scrum Academy offers Advanced Certified ScrumMaster (A-CSM) classes regularly online. Check our calendar for upcoming dates.","og_url":"https:\/\/thescrumacademy.com\/es\/entrenamiento-scrum\/reclamar-tu-hoja-de-ruta-2\/","og_site_name":"The Scrum Academy","article_modified_time":"2025-05-28T15:40:58+00:00","og_image":[{"width":1024,"height":683,"url":"https:\/\/thescrumacademy.com\/wp-content\/uploads\/2024\/10\/ACSM_Hannah_heroimage_2024-scaled-1-1024x683.jpg","type":"image\/jpeg"}],"twitter_card":"summary_large_image","twitter_misc":{"Tiempo de lectura":"2 minutos"},"schema":{"@context":"https:\/\/schema.org","@graph":[{"@type":"WebPage","@id":"https:\/\/thescrumacademy.com\/es\/entrenamiento-scrum\/reclamar-tu-hoja-de-ruta-2\/","url":"https:\/\/thescrumacademy.com\/es\/entrenamiento-scrum\/reclamar-tu-hoja-de-ruta-2\/","name":"Advanced ScrumMaster certification (A-CSM)","isPartOf":{"@id":"https:\/\/thescrumacademy.com\/es\/#website"},"primaryImageOfPage":{"@id":"https:\/\/thescrumacademy.com\/es\/entrenamiento-scrum\/reclamar-tu-hoja-de-ruta-2\/#primaryimage"},"image":{"@id":"https:\/\/thescrumacademy.com\/es\/entrenamiento-scrum\/reclamar-tu-hoja-de-ruta-2\/#primaryimage"},"thumbnailUrl":"https:\/\/thescrumacademy.com\/wp-content\/uploads\/2024\/10\/ACSM_Hannah_heroimage_2024-scaled-1.jpg","datePublished":"2025-04-14T15:00:49+00:00","dateModified":"2025-05-28T15:40:58+00:00","description":"The Scrum Academy offers Advanced Certified ScrumMaster (A-CSM) classes regularly online. Check our calendar for upcoming dates.","breadcrumb":{"@id":"https:\/\/thescrumacademy.com\/es\/entrenamiento-scrum\/reclamar-tu-hoja-de-ruta-2\/#breadcrumb"},"inLanguage":"es","potentialAction":[{"@type":"ReadAction","target":["https:\/\/thescrumacademy.com\/es\/entrenamiento-scrum\/reclamar-tu-hoja-de-ruta-2\/"]}]},{"@type":"ImageObject","inLanguage":"es","@id":"https:\/\/thescrumacademy.com\/es\/entrenamiento-scrum\/reclamar-tu-hoja-de-ruta-2\/#primaryimage","url":"https:\/\/thescrumacademy.com\/wp-content\/uploads\/2024\/10\/ACSM_Hannah_heroimage_2024-scaled-1.jpg","contentUrl":"https:\/\/thescrumacademy.com\/wp-content\/uploads\/2024\/10\/ACSM_Hannah_heroimage_2024-scaled-1.jpg","width":2560,"height":1707},{"@type":"BreadcrumbList","@id":"https:\/\/thescrumacademy.com\/es\/entrenamiento-scrum\/reclamar-tu-hoja-de-ruta-2\/#breadcrumb","itemListElement":[{"@type":"ListItem","position":1,"name":"Home","item":"https:\/\/thescrumacademy.com\/es\/"},{"@type":"ListItem","position":2,"name":"Entrenamiento scrum","item":"https:\/\/thescrumacademy.com\/es\/scrum-training\/"},{"@type":"ListItem","position":3,"name":"Reclamar tu hoja de ruta"}]},{"@type":"WebSite","@id":"https:\/\/thescrumacademy.com\/es\/#website","url":"https:\/\/thescrumacademy.com\/es\/","name":"The Scrum Academy","description":"Everyone anywhere can do better Scrum","potentialAction":[{"@type":"SearchAction","target":{"@type":"EntryPoint","urlTemplate":"https:\/\/thescrumacademy.com\/es\/?s={search_term_string}"},"query-input":{"@type":"PropertyValueSpecification","valueRequired":true,"valueName":"search_term_string"}}],"inLanguage":"es"}]}},"ticketed":false,"_links":{"self":[{"href":"https:\/\/thescrumacademy.com\/es\/wp-json\/wp\/v2\/pages\/8036","targetHints":{"allow":["GET"]}}],"collection":[{"href":"https:\/\/thescrumacademy.com\/es\/wp-json\/wp\/v2\/pages"}],"about":[{"href":"https:\/\/thescrumacademy.com\/es\/wp-json\/wp\/v2\/types\/page"}],"author":[{"embeddable":true,"href":"https:\/\/thescrumacademy.com\/es\/wp-json\/wp\/v2\/users\/5"}],"replies":[{"embeddable":true,"href":"https:\/\/thescrumacademy.com\/es\/wp-json\/wp\/v2\/comments?post=8036"}],"version-history":[{"count":0,"href":"https:\/\/thescrumacademy.com\/es\/wp-json\/wp\/v2\/pages\/8036\/revisions"}],"up":[{"embeddable":true,"href":"https:\/\/thescrumacademy.com\/es\/wp-json\/wp\/v2\/pages\/6525"}],"wp:featuredmedia":[{"embeddable":true,"href":"https:\/\/thescrumacademy.com\/es\/wp-json\/wp\/v2\/media\/7130"}],"wp:attachment":[{"href":"https:\/\/thescrumacademy.com\/es\/wp-json\/wp\/v2\/media?parent=8036"}],"curies":[{"name":"wp","href":"https:\/\/api.w.org\/{rel}","templated":true}]}}