{"id":8035,"date":"2025-04-14T16:00:29","date_gmt":"2025-04-14T15:00:29","guid":{"rendered":"https:\/\/thescrumacademy.com\/como-te-ayudamos-a-ganar\/"},"modified":"2025-05-05T17:15:48","modified_gmt":"2025-05-05T16:15:48","slug":"como-te-ayudamos-a-ganar","status":"publish","type":"page","link":"https:\/\/thescrumacademy.com\/es\/como-te-ayudamos-a-ganar\/","title":{"rendered":"C\u00f3mo te ayudamos a ganar"},"content":{"rendered":"<p><div class=\"fusion-fullwidth fullwidth-box fusion-builder-row-1 fusion-flex-container has-pattern-background has-mask-background nonhundred-percent-fullwidth non-hundred-percent-height-scrolling\" style=\"--awb-border-radius-top-left:0px;--awb-border-radius-top-right:0px;--awb-border-radius-bottom-right:0px;--awb-border-radius-bottom-left:0px;--awb-flex-wrap:wrap;\" ><div class=\"fusion-builder-row fusion-row fusion-flex-align-items-flex-start fusion-flex-content-wrap\" style=\"max-width:1144px;margin-left: calc(-4% \/ 2 );margin-right: calc(-4% \/ 2 );\"><div class=\"fusion-layout-column fusion_builder_column fusion-builder-column-0 fusion_builder_column_3_5 3_5 fusion-flex-column\" style=\"--awb-bg-size:cover;--awb-width-large:60%;--awb-margin-top-large:0px;--awb-spacing-right-large:3.2%;--awb-margin-bottom-large:20px;--awb-spacing-left-large:3.2%;--awb-width-medium:60%;--awb-order-medium:0;--awb-spacing-right-medium:3.2%;--awb-spacing-left-medium:3.2%;--awb-width-small:100%;--awb-order-small:0;--awb-spacing-right-small:1.92%;--awb-spacing-left-small:1.92%;\"><div class=\"fusion-column-wrapper fusion-column-has-shadow fusion-flex-justify-content-flex-start fusion-content-layout-column\"><div class=\"fusion-text fusion-text-1\"><h3>La mayor\u00eda de organizaciones reciben un poquito de valor asociado con Scrum\u2026<\/h3>\n<p><span style=\"font-weight: 400;\">A diferencia de otras consultor\u00edas que traen un enfoque uniforme, colaboramos contigo para reforzar tus <em><strong>procesos de desarrollo<\/strong><\/em> para que puedas entregar a tiempo. \u00a0 <\/span><\/p>\n<p><span style=\"font-weight: 400;\">Lo que <strong>NO<\/strong> vamos a hacer es \u201ctransformar tu negocio\u201d.\u00a0 En nuestra experiencia de veinte a\u00f1os de trabajar con organizaciones y equipos, no hubi\u00e9ramos visto nunca una transformaci\u00f3n que proporcionar\u00eda un retorno a la inversi\u00f3n para justificar el coste y disrupci\u00f3n a tu negocio.\u00a0 Lo que <em><strong>vamos a hacer es ayudarte a mejorar tu organizaci\u00f3n y tus equipos<\/strong><\/em>, poco a poco hasta que logres resultados que sean \u201csuficientes por ahora\u201d. <\/span><\/p>\n<h3>\u00bfC\u00f3mo vamos a hacer esto?<\/h3>\n<p><span style=\"font-weight: 400;\">Preferimos pensar sobre el cambio como <em><strong>un jardinero<\/strong><\/em>.\u00a0 Primero, empieza a plantar semillas.\u00a0 Entonces, pone su enfoque para ayudar estas semillas a crecer y prosperar.\u00a0 Despu\u00e9s, pone su enfoque en cuidar las plantas para optimizar su producci\u00f3n y su longevidad.<\/span><\/p>\n<\/div><\/div><\/div><div class=\"fusion-layout-column fusion_builder_column fusion-builder-column-1 fusion_builder_column_2_5 2_5 fusion-flex-column\" style=\"--awb-bg-size:cover;--awb-width-large:40%;--awb-margin-top-large:0px;--awb-spacing-right-large:4.8%;--awb-margin-bottom-large:20px;--awb-spacing-left-large:4.8%;--awb-width-medium:40%;--awb-order-medium:0;--awb-spacing-right-medium:4.8%;--awb-spacing-left-medium:4.8%;--awb-width-small:100%;--awb-order-small:0;--awb-spacing-right-small:1.92%;--awb-spacing-left-small:1.92%;\"><div class=\"fusion-column-wrapper fusion-column-has-shadow fusion-flex-justify-content-flex-start fusion-content-layout-column\"><div class=\"fusion-text fusion-text-2\"><h3 style=\"text-align: center;\">Contacta con nosotros para saber m\u00e1s.<\/h3>\n<\/div><div class=\"fusion-text fusion-text-3\"><div class=\"pipedriveWebForms\" data-pd-webforms=\"https:\/\/webforms.pipedrive.com\/f\/6k6JlMs2On2QsYLq7fpXEFZT33xO31BrtTfJHq8MyUnJ39MNBmq62TJppe1KbBLbZ9\"><script src=\"https:\/\/webforms.pipedrive.com\/f\/loader\"><\/script><\/div>\n<\/div><\/div><\/div><\/div><\/div><div class=\"fusion-fullwidth fullwidth-box fusion-builder-row-2 fusion-flex-container has-pattern-background has-mask-background nonhundred-percent-fullwidth non-hundred-percent-height-scrolling\" style=\"--awb-border-radius-top-left:0px;--awb-border-radius-top-right:0px;--awb-border-radius-bottom-right:0px;--awb-border-radius-bottom-left:0px;--awb-flex-wrap:wrap;\" ><div class=\"fusion-builder-row fusion-row fusion-flex-align-items-flex-start fusion-flex-content-wrap\" style=\"max-width:1144px;margin-left: calc(-4% \/ 2 );margin-right: calc(-4% \/ 2 );\"><div class=\"fusion-layout-column fusion_builder_column fusion-builder-column-2 fusion_builder_column_1_3 1_3 fusion-flex-column\" style=\"--awb-bg-size:cover;--awb-width-large:33.3333333333%;--awb-margin-top-large:0px;--awb-spacing-right-large:5.76%;--awb-margin-bottom-large:20px;--awb-spacing-left-large:5.76%;--awb-width-medium:33.3333333333%;--awb-order-medium:0;--awb-spacing-right-medium:5.76%;--awb-spacing-left-medium:5.76%;--awb-width-small:100%;--awb-order-small:0;--awb-spacing-right-small:1.92%;--awb-spacing-left-small:1.92%;\"><div class=\"fusion-column-wrapper fusion-column-has-shadow fusion-flex-justify-content-flex-start fusion-content-layout-column\"><div class=\"fusion-image-element \" style=\"--awb-caption-title-font-family:var(--h2_typography-font-family);--awb-caption-title-font-weight:var(--h2_typography-font-weight);--awb-caption-title-font-style:var(--h2_typography-font-style);--awb-caption-title-size:var(--h2_typography-font-size);--awb-caption-title-transform:var(--h2_typography-text-transform);--awb-caption-title-line-height:var(--h2_typography-line-height);--awb-caption-title-letter-spacing:var(--h2_typography-letter-spacing);\"><span class=\" fusion-imageframe imageframe-none imageframe-1 hover-type-none\"><img decoding=\"async\" width=\"748\" height=\"805\" title=\"Plant_01\" src=\"data:image\/svg+xml,%3Csvg%20xmlns%3D%27http%3A%2F%2Fwww.w3.org%2F2000%2Fsvg%27%20width%3D%27748%27%20height%3D%27805%27%20viewBox%3D%270%200%20748%20805%27%3E%3Crect%20width%3D%27748%27%20height%3D%27805%27%20fill-opacity%3D%220%22%2F%3E%3C%2Fsvg%3E\" data-orig-src=\"https:\/\/thescrumacademy.com\/wp-content\/uploads\/2025\/03\/Plant_01-e1743012261456.jpg\" alt class=\"lazyload img-responsive wp-image-7960\"\/><\/span><\/div><div class=\"fusion-text fusion-text-4\"><h3 class=\"fusion-responsive-typography-calculated\" data-fontsize=\"30\" data-lineheight=\"36px\"><strong>Formar<\/strong><\/h3>\n<p><span style=\"font-weight: 400;\">Puede que nuevas ideas echen ra\u00edces, tienes que <strong>PLANTAR<\/strong> las semillas y te aseguras que la tierra est\u00e9 lista.\u00a0 Durante esta fase, <strong>formaremos tus equipos de desarrollo en las reglas b\u00e1sicas de su proceso \u00c1gil elegido<\/strong> &#8211; Scrum, Kanban o un conjunto de pr\u00e1cticas personalizadas a tu dominio.<\/span><\/p>\n<\/div><div class=\"fusion-text fusion-text-5\"><h4 class=\"fusion-responsive-typography-calculated\" data-fontsize=\"24\" data-lineheight=\"28.8px\">Benefecios<\/h4>\n<ul>\n<li style=\"font-weight: 400;\" aria-level=\"1\"><span style=\"font-weight: 400;\">Acelerar la entrega para identificar los impedimentos organizativos.<\/span><\/li>\n<li style=\"font-weight: 400;\" aria-level=\"1\"><span style=\"font-weight: 400;\">Aumentar el enfoque para proporcionar un entendimiento claro de los roles y responsabilidades.<\/span><\/li>\n<li style=\"font-weight: 400;\" aria-level=\"1\"><span style=\"font-weight: 400;\">Apurar la toma de decisiones ya que se pasa menos tiempo en reuniones improductivas.<\/span><\/li>\n<\/ul>\n<h4>Duraci\u00f3n<\/h4>\n<p>La mayor\u00eda de nuestras formaciones pueden completar en uno o dos d\u00edas.<\/p>\n<\/div><\/div><\/div><div class=\"fusion-layout-column fusion_builder_column fusion-builder-column-3 fusion_builder_column_1_3 1_3 fusion-flex-column\" style=\"--awb-bg-size:cover;--awb-width-large:33.3333333333%;--awb-margin-top-large:0px;--awb-spacing-right-large:5.76%;--awb-margin-bottom-large:20px;--awb-spacing-left-large:5.76%;--awb-width-medium:33.3333333333%;--awb-order-medium:0;--awb-spacing-right-medium:5.76%;--awb-spacing-left-medium:5.76%;--awb-width-small:100%;--awb-order-small:0;--awb-spacing-right-small:1.92%;--awb-spacing-left-small:1.92%;\"><div class=\"fusion-column-wrapper fusion-column-has-shadow fusion-flex-justify-content-flex-start fusion-content-layout-column\"><div class=\"fusion-image-element \" style=\"--awb-caption-title-font-family:var(--h2_typography-font-family);--awb-caption-title-font-weight:var(--h2_typography-font-weight);--awb-caption-title-font-style:var(--h2_typography-font-style);--awb-caption-title-size:var(--h2_typography-font-size);--awb-caption-title-transform:var(--h2_typography-text-transform);--awb-caption-title-line-height:var(--h2_typography-line-height);--awb-caption-title-letter-spacing:var(--h2_typography-letter-spacing);\"><span class=\" fusion-imageframe imageframe-none imageframe-2 hover-type-none\"><img decoding=\"async\" width=\"748\" height=\"805\" title=\"Grow_01 3\" src=\"data:image\/svg+xml,%3Csvg%20xmlns%3D%27http%3A%2F%2Fwww.w3.org%2F2000%2Fsvg%27%20width%3D%27748%27%20height%3D%27805%27%20viewBox%3D%270%200%20748%20805%27%3E%3Crect%20width%3D%27748%27%20height%3D%27805%27%20fill-opacity%3D%220%22%2F%3E%3C%2Fsvg%3E\" data-orig-src=\"https:\/\/thescrumacademy.com\/wp-content\/uploads\/2025\/03\/Grow_01-3-e1743012302927.jpg\" alt class=\"lazyload img-responsive wp-image-7962\"\/><\/span><\/div><div class=\"fusion-text fusion-text-6\"><h3 class=\"fusion-responsive-typography-calculated\" data-fontsize=\"30\" data-lineheight=\"36px\"><strong>Entrenar<\/strong><\/h3>\n<p><span style=\"font-weight: 400;\">Nuevas ideas necesitan cuidado y atenci\u00f3n o morir\u00e1n.\u00a0 Durante esta fase, uno de nuestros consultores <strong>entrenar\u00e1 y guiar\u00e1 hasta tres de tus equipos de desarrollo<\/strong>.\u00a0 Nuestra meta es <strong>ACELERAR<\/strong> la formaci\u00f3n de equipo mientras aprenden c\u00f3mo trabajar juntos para entregar un objetivo estrat\u00e9gico del negocio.\u00a0 <\/span><\/p>\n<\/div><div class=\"fusion-text fusion-text-7\"><h4 class=\"fusion-responsive-typography-calculated\" data-fontsize=\"24\" data-lineheight=\"28.8px\">Benefecios<\/h4>\n<ul>\n<li style=\"font-weight: 400;\" aria-level=\"1\"><span style=\"font-weight: 400;\">Todos los beneficios de la fase previa.<\/span><\/li>\n<li style=\"font-weight: 400;\" aria-level=\"1\"><span style=\"font-weight: 400;\">Aumentar la productividad para la creaci\u00f3n de equipos multifuncionales y estables.<\/span><\/li>\n<li style=\"font-weight: 400;\" aria-level=\"1\"><span style=\"font-weight: 400;\">Mejorar tu cadencia de entrega de meses a semanas para trabajar en iteraciones cortas.<\/span><\/li>\n<li style=\"font-weight: 400;\" aria-level=\"1\"><span style=\"font-weight: 400;\">Subir calidad de producto con pruebas tempranas y continuas.<\/span><\/li>\n<\/ul>\n<h4>Duraci\u00f3n<\/h4>\n<p><span style=\"font-weight: 400;\">Planificar entre tres y cuatro meses para entrenar equipos de desarrollo.<\/span><\/p>\n<\/div><\/div><\/div><div class=\"fusion-layout-column fusion_builder_column fusion-builder-column-4 fusion_builder_column_1_3 1_3 fusion-flex-column\" style=\"--awb-bg-size:cover;--awb-width-large:33.3333333333%;--awb-margin-top-large:0px;--awb-spacing-right-large:5.76%;--awb-margin-bottom-large:20px;--awb-spacing-left-large:5.76%;--awb-width-medium:33.3333333333%;--awb-order-medium:0;--awb-spacing-right-medium:5.76%;--awb-spacing-left-medium:5.76%;--awb-width-small:100%;--awb-order-small:0;--awb-spacing-right-small:1.92%;--awb-spacing-left-small:1.92%;\"><div class=\"fusion-column-wrapper fusion-column-has-shadow fusion-flex-justify-content-flex-start fusion-content-layout-column\"><div class=\"fusion-image-element \" style=\"--awb-caption-title-font-family:var(--h2_typography-font-family);--awb-caption-title-font-weight:var(--h2_typography-font-weight);--awb-caption-title-font-style:var(--h2_typography-font-style);--awb-caption-title-size:var(--h2_typography-font-size);--awb-caption-title-transform:var(--h2_typography-text-transform);--awb-caption-title-line-height:var(--h2_typography-line-height);--awb-caption-title-letter-spacing:var(--h2_typography-letter-spacing);\"><span class=\" fusion-imageframe imageframe-none imageframe-3 hover-type-none\"><img decoding=\"async\" width=\"675\" height=\"730\" title=\"nurture_03 final\" src=\"https:\/\/thescrumacademy.com\/wp-content\/uploads\/2025\/04\/nurture_03-final.png\" data-orig-src=\"https:\/\/thescrumacademy.com\/wp-content\/uploads\/2025\/04\/nurture_03-final.png\" alt class=\"lazyload img-responsive wp-image-8032\" srcset=\"data:image\/svg+xml,%3Csvg%20xmlns%3D%27http%3A%2F%2Fwww.w3.org%2F2000%2Fsvg%27%20width%3D%27675%27%20height%3D%27730%27%20viewBox%3D%270%200%20675%20730%27%3E%3Crect%20width%3D%27675%27%20height%3D%27730%27%20fill-opacity%3D%220%22%2F%3E%3C%2Fsvg%3E\" data-srcset=\"https:\/\/thescrumacademy.com\/wp-content\/uploads\/2025\/04\/nurture_03-final-200x216.png 200w, https:\/\/thescrumacademy.com\/wp-content\/uploads\/2025\/04\/nurture_03-final-400x433.png 400w, https:\/\/thescrumacademy.com\/wp-content\/uploads\/2025\/04\/nurture_03-final-600x649.png 600w, https:\/\/thescrumacademy.com\/wp-content\/uploads\/2025\/04\/nurture_03-final.png 675w\" data-sizes=\"auto\" data-orig-sizes=\"(max-width: 640px) 100vw, 400px\" \/><\/span><\/div><div class=\"fusion-text fusion-text-8\"><h3><strong>Optimizar<\/strong><\/h3>\n<p><span style=\"font-weight: 400;\">Para muchas organizaciones, el crecimiento y mejoras a nivel de los equipos son resultados \u201csuficientes por ahora\u201d.\u00a0 Pero para organizaciones que quieren profundizar en el cambio, ofrecemos servicios adicionales para que puedas <strong>CUIDAR y optimizar tus inversiones previas<\/strong>\u00a0y aumentar tu negocio.<\/span><\/p>\n<\/div><div class=\"fusion-text fusion-text-9\"><h4>Benefecios<\/h4>\n<ul>\n<li style=\"font-weight: 400;\" aria-level=\"1\"><span style=\"font-weight: 400;\">Todos los beneficios de la fase previa.<\/span><\/li>\n<li style=\"font-weight: 400;\" aria-level=\"1\"><span style=\"font-weight: 400;\">Mejorar el tiempo del mercado para eliminar atascos en tu flujo de valor<\/span><\/li>\n<li style=\"font-weight: 400;\" aria-level=\"1\"><span style=\"font-weight: 400;\">Promover comunicaci\u00f3n y alineamiento con hojas de ruta centradas en el cliente.<\/span><\/li>\n<li style=\"font-weight: 400;\" aria-level=\"1\"><span style=\"font-weight: 400;\">Entregar soluciones nuevas e innovativas con pr\u00e1cticas modernas de la gesti\u00f3n de productos.<\/span><\/li>\n<\/ul>\n<h4>Duraci\u00f3n<\/h4>\n<p><span style=\"font-weight: 400;\">La duraci\u00f3n de nuestra consultor\u00eda depender\u00e1 de tus necesidades individuales y la rapidez con la que quieres lograr tus resultados deseables.<\/span><\/p>\n<\/div><\/div><\/div><\/div><\/div><\/p>\n","protected":false},"excerpt":{"rendered":"","protected":false},"author":5,"featured_media":0,"parent":0,"menu_order":0,"comment_status":"closed","ping_status":"closed","template":"100-width.php","meta":{"_monsterinsights_skip_tracking":false,"_monsterinsights_sitenote_active":false,"_monsterinsights_sitenote_note":"","_monsterinsights_sitenote_category":0,"_price":"","_stock":"","_tribe_ticket_header":"","_tribe_default_ticket_provider":"TEC\\Tickets\\Commerce\\Module","_tribe_ticket_capacity":"0","_ticket_start_date":"","_ticket_end_date":"","_tribe_ticket_show_description":"","_tribe_ticket_show_not_going":false,"_tribe_ticket_use_global_stock":"","_tribe_ticket_global_stock_level":"","_global_stock_mode":"","_global_stock_cap":"","_tribe_rsvp_for_event":"","_tribe_ticket_going_count":"","_tribe_ticket_not_going_count":"","_tribe_tickets_list":"[]","_tribe_ticket_has_attendee_info_fields":false,"footnotes":"","_tec_slr_enabled":"","_tec_slr_layout":""},"class_list":["post-8035","page","type-page","status-publish","hentry"],"yoast_head":"<!-- This site is optimized with the Yoast SEO plugin v27.4 - https:\/\/yoast.com\/product\/yoast-seo-wordpress\/ -->\n<title>C\u00f3mo te ayudamos a ganar - The Scrum Academy<\/title>\n<meta name=\"robots\" content=\"index, follow, max-snippet:-1, max-image-preview:large, max-video-preview:-1\" \/>\n<link rel=\"canonical\" href=\"https:\/\/thescrumacademy.com\/es\/como-te-ayudamos-a-ganar\/\" \/>\n<meta property=\"og:locale\" content=\"es_ES\" \/>\n<meta property=\"og:type\" content=\"article\" \/>\n<meta property=\"og:title\" content=\"C\u00f3mo te ayudamos a ganar - The Scrum Academy\" \/>\n<meta property=\"og:url\" content=\"https:\/\/thescrumacademy.com\/es\/como-te-ayudamos-a-ganar\/\" \/>\n<meta property=\"og:site_name\" content=\"The Scrum Academy\" \/>\n<meta property=\"article:modified_time\" content=\"2025-05-05T16:15:48+00:00\" \/>\n<meta name=\"twitter:card\" content=\"summary_large_image\" \/>\n<meta name=\"twitter:label1\" content=\"Tiempo de lectura\" \/>\n\t<meta name=\"twitter:data1\" content=\"10 minutos\" \/>\n<script type=\"application\/ld+json\" class=\"yoast-schema-graph\">{\"@context\":\"https:\\\/\\\/schema.org\",\"@graph\":[{\"@type\":\"WebPage\",\"@id\":\"https:\\\/\\\/thescrumacademy.com\\\/es\\\/como-te-ayudamos-a-ganar\\\/\",\"url\":\"https:\\\/\\\/thescrumacademy.com\\\/es\\\/como-te-ayudamos-a-ganar\\\/\",\"name\":\"C\u00f3mo te ayudamos a ganar - The Scrum Academy\",\"isPartOf\":{\"@id\":\"https:\\\/\\\/thescrumacademy.com\\\/es\\\/#website\"},\"datePublished\":\"2025-04-14T15:00:29+00:00\",\"dateModified\":\"2025-05-05T16:15:48+00:00\",\"breadcrumb\":{\"@id\":\"https:\\\/\\\/thescrumacademy.com\\\/es\\\/como-te-ayudamos-a-ganar\\\/#breadcrumb\"},\"inLanguage\":\"es\",\"potentialAction\":[{\"@type\":\"ReadAction\",\"target\":[\"https:\\\/\\\/thescrumacademy.com\\\/es\\\/como-te-ayudamos-a-ganar\\\/\"]}]},{\"@type\":\"BreadcrumbList\",\"@id\":\"https:\\\/\\\/thescrumacademy.com\\\/es\\\/como-te-ayudamos-a-ganar\\\/#breadcrumb\",\"itemListElement\":[{\"@type\":\"ListItem\",\"position\":1,\"name\":\"Home\",\"item\":\"https:\\\/\\\/thescrumacademy.com\\\/es\\\/\"},{\"@type\":\"ListItem\",\"position\":2,\"name\":\"C\u00f3mo te ayudamos a ganar\"}]},{\"@type\":\"WebSite\",\"@id\":\"https:\\\/\\\/thescrumacademy.com\\\/es\\\/#website\",\"url\":\"https:\\\/\\\/thescrumacademy.com\\\/es\\\/\",\"name\":\"The Scrum Academy\",\"description\":\"Everyone anywhere can do better Scrum\",\"potentialAction\":[{\"@type\":\"SearchAction\",\"target\":{\"@type\":\"EntryPoint\",\"urlTemplate\":\"https:\\\/\\\/thescrumacademy.com\\\/es\\\/?s={search_term_string}\"},\"query-input\":{\"@type\":\"PropertyValueSpecification\",\"valueRequired\":true,\"valueName\":\"search_term_string\"}}],\"inLanguage\":\"es\"}]}<\/script>\n<!-- \/ Yoast SEO plugin. -->","yoast_head_json":{"title":"C\u00f3mo te ayudamos a ganar - The Scrum Academy","robots":{"index":"index","follow":"follow","max-snippet":"max-snippet:-1","max-image-preview":"max-image-preview:large","max-video-preview":"max-video-preview:-1"},"canonical":"https:\/\/thescrumacademy.com\/es\/como-te-ayudamos-a-ganar\/","og_locale":"es_ES","og_type":"article","og_title":"C\u00f3mo te ayudamos a ganar - The Scrum Academy","og_url":"https:\/\/thescrumacademy.com\/es\/como-te-ayudamos-a-ganar\/","og_site_name":"The Scrum Academy","article_modified_time":"2025-05-05T16:15:48+00:00","twitter_card":"summary_large_image","twitter_misc":{"Tiempo de lectura":"10 minutos"},"schema":{"@context":"https:\/\/schema.org","@graph":[{"@type":"WebPage","@id":"https:\/\/thescrumacademy.com\/es\/como-te-ayudamos-a-ganar\/","url":"https:\/\/thescrumacademy.com\/es\/como-te-ayudamos-a-ganar\/","name":"C\u00f3mo te ayudamos a ganar - The Scrum Academy","isPartOf":{"@id":"https:\/\/thescrumacademy.com\/es\/#website"},"datePublished":"2025-04-14T15:00:29+00:00","dateModified":"2025-05-05T16:15:48+00:00","breadcrumb":{"@id":"https:\/\/thescrumacademy.com\/es\/como-te-ayudamos-a-ganar\/#breadcrumb"},"inLanguage":"es","potentialAction":[{"@type":"ReadAction","target":["https:\/\/thescrumacademy.com\/es\/como-te-ayudamos-a-ganar\/"]}]},{"@type":"BreadcrumbList","@id":"https:\/\/thescrumacademy.com\/es\/como-te-ayudamos-a-ganar\/#breadcrumb","itemListElement":[{"@type":"ListItem","position":1,"name":"Home","item":"https:\/\/thescrumacademy.com\/es\/"},{"@type":"ListItem","position":2,"name":"C\u00f3mo te ayudamos a ganar"}]},{"@type":"WebSite","@id":"https:\/\/thescrumacademy.com\/es\/#website","url":"https:\/\/thescrumacademy.com\/es\/","name":"The Scrum Academy","description":"Everyone anywhere can do better Scrum","potentialAction":[{"@type":"SearchAction","target":{"@type":"EntryPoint","urlTemplate":"https:\/\/thescrumacademy.com\/es\/?s={search_term_string}"},"query-input":{"@type":"PropertyValueSpecification","valueRequired":true,"valueName":"search_term_string"}}],"inLanguage":"es"}]}},"ticketed":false,"_links":{"self":[{"href":"https:\/\/thescrumacademy.com\/es\/wp-json\/wp\/v2\/pages\/8035","targetHints":{"allow":["GET"]}}],"collection":[{"href":"https:\/\/thescrumacademy.com\/es\/wp-json\/wp\/v2\/pages"}],"about":[{"href":"https:\/\/thescrumacademy.com\/es\/wp-json\/wp\/v2\/types\/page"}],"author":[{"embeddable":true,"href":"https:\/\/thescrumacademy.com\/es\/wp-json\/wp\/v2\/users\/5"}],"replies":[{"embeddable":true,"href":"https:\/\/thescrumacademy.com\/es\/wp-json\/wp\/v2\/comments?post=8035"}],"version-history":[{"count":0,"href":"https:\/\/thescrumacademy.com\/es\/wp-json\/wp\/v2\/pages\/8035\/revisions"}],"wp:attachment":[{"href":"https:\/\/thescrumacademy.com\/es\/wp-json\/wp\/v2\/media?parent=8035"}],"curies":[{"name":"wp","href":"https:\/\/api.w.org\/{rel}","templated":true}]}}