{"id":6533,"date":"2011-01-21T12:08:25","date_gmt":"2011-01-21T12:08:25","guid":{"rendered":"https:\/\/thescrumacademy.com\/charlas-pasadas\/"},"modified":"2024-06-07T01:21:13","modified_gmt":"2024-06-07T00:21:13","slug":"charlas-de-scrum","status":"publish","type":"page","link":"https:\/\/thescrumacademy.com\/es\/charlas-de-scrum\/","title":{"rendered":"Charlas Pasadas"},"content":{"rendered":"<div class=\"fusion-fullwidth fullwidth-box fusion-builder-row-1 fusion-flex-container nonhundred-percent-fullwidth non-hundred-percent-height-scrolling\" style=\"--awb-border-radius-top-left:0px;--awb-border-radius-top-right:0px;--awb-border-radius-bottom-right:0px;--awb-border-radius-bottom-left:0px;--awb-flex-wrap:wrap;\" ><div class=\"fusion-builder-row fusion-row fusion-flex-align-items-flex-start fusion-flex-content-wrap\" style=\"max-width:1144px;margin-left: calc(-4% \/ 2 );margin-right: calc(-4% \/ 2 );\"><div class=\"fusion-layout-column fusion_builder_column fusion-builder-column-0 fusion_builder_column_1_1 1_1 fusion-flex-column\" style=\"--awb-bg-blend:overlay;--awb-bg-size:cover;--awb-width-large:100%;--awb-margin-top-large:0px;--awb-spacing-right-large:1.92%;--awb-margin-bottom-large:0px;--awb-spacing-left-large:1.92%;--awb-width-medium:100%;--awb-spacing-right-medium:1.92%;--awb-spacing-left-medium:1.92%;--awb-width-small:100%;--awb-spacing-right-small:1.92%;--awb-spacing-left-small:1.92%;\"><div class=\"fusion-column-wrapper fusion-flex-justify-content-flex-start fusion-content-layout-column\"><div class=\"fusion-text fusion-text-1\"><p>Aqu\u00ed est\u00e1 una lista de todas mi charlas que he impartido hace a\u00f1os. Si est\u00e1s interesado en invitarme para impartir una charla sobre un de estos temas, o otro tema, <a href=\"http:\/\/thescrumacademy.com\/contact\/\">\u00a1cont\u00e1ctanos!<\/a><\/p>\n<ul>\n<li>Septiembre 2024 &#8211; <a href=\"https:\/\/agileprague.com\">Agile Prague<\/a>: <em>Software pricing made easy<\/em><\/li>\n<li>Junio 2024 &#8211; <a href=\"https:\/\/scrumdayguatemala.com\/home\/\">Scrum Day Guatemala<\/a>:<em><span style=\"font-weight: 400;\"> Escribir y contar mejores historias de usuario<\/span><\/em><\/li>\n<li>Junio 2024 &#8211; <a href=\"https:\/\/regionalscrumgathering-ghent2024.org\">Regional Scrum Gathering Gh\u00eant<\/a>: <em>Software pricing made easy<\/em><\/li>\n<li>Mayo 2023 &#8211; Scrum Gathering Portland: <em>Putting the profit back into value<\/em><\/li>\n<li>Febrero 2023 &#8211; <a href=\"https:\/\/appliedframeworks.com\">Applied Frameworks<\/a> webinar: <a href=\"https:\/\/appliedframeworks.com\/blog\/webinar-revving-the-profit-engine\"><em>Revving the profit engine<\/em><\/a><\/li>\n<li>Enero 2023 &#8211; <a href=\"https:\/\/appliedframeworks.com\">Applied Frameworks<\/a> webinar: <a href=\"https:\/\/appliedframeworks.com\/blog\/webinar-software-license-agreement\"><em>How to read a software license agreement<\/em><\/a><\/li>\n<li>Diciembre 2022 &#8211; <a href=\"https:\/\/appliedframeworks.com\">Applied Frameworks<\/a> webinar: <em><a href=\"https:\/\/appliedframeworks.com\/webinar-what-is-a-profit-steam\/\">What is a Profit Stream\u2122?<\/a><\/em><\/li>\n<li>Noviembre 2022 &#8211; <a href=\"https:\/\/appliedframeworks.com\">Applied Frameworks<\/a> webinar: <a href=\"https:\/\/appliedframeworks.com\/webinar-understanding-value-exchange-models\/\"><em>Understanding value exchange models<\/em><\/a><\/li>\n<li>Octubre 2022 &#8211; <a href=\"https:\/\/appliedframeworks.com\">Applied Frameworks<\/a> webinar: <a href=\"https:\/\/appliedframeworks.com\/webinar-quantifying-value\/\"><em>Putting the profit back into value<\/em><\/a><\/li>\n<li>Julio 2020- Product Leaders Summit: <em>Product playbook: why you need one?<\/em><\/li>\n<li>Mayo 2020 &#8211; <a href=\"https:\/\/appliedframeworks.com\">Applied Frameworks<\/a> webinars: <em><a href=\"https:\/\/appliedframeworks.com\/webinar-why-you-need-a-product-playbook\/\">Why you need a product playbook<\/a> &amp; <a href=\"https:\/\/appliedframeworks.com\/webinar-product-playbook-collaborative-roadmapping\/\">Product playbook: collaborative roadmapping<\/a><\/em><\/li>\n<li>Octubre 2018 &#8211; eXperience Agile 2018: <em>People over process, it&#8217;s still true!<\/em><\/li>\n<li>Mayo 2018 &#8211; <a href=\"https:\/\/www.agilealliance.org\/xp2018\">XP2018<\/a>: <em>User stories are fun! Capture the magic with Story Cubes<sup>\u00ae<\/sup> &amp; Innovation Games<sup>\u00ae<\/sup> <\/em><\/li>\n<li>Enero 2018 &#8211; <a href=\"https:\/\/xyz.agileconnect.org\">Agile Connect (Porto)<\/a>: <em>Learning from product failure to achieve new product success!<\/em><\/li>\n<li>Diciembre 2017 &#8211; Scrum Day Malta: <em>Accelerate change with powerful questions<\/em><\/li>\n<li>Julio 2017 &#8211; <a href=\"https:\/\/www.meetup.com\/pt-BR\/Agile-Connect-Lisbon\/\">Agile Connect (Lisbon)<\/a>: <em>The power to disrupt markets = Product Owners + Innovation Games<sup>\u00ae<\/sup><\/em><\/li>\n<li>Mayo 2017 &#8211; <a href=\"https:\/\/www.meetup.com\/San-Diego-Agile-Product-Owners\/\">San Diego Agile Product Managers<\/a>: <em>Value proposition design<\/em><\/li>\n<li>Marzo 2017 &#8211; <a href=\"http:\/\/www.scrumdayperu.org\">Scrum Day Per\u00fa<\/a>: <em>C\u00f3mo aprend\u00ed del fracaso del producto para lograr el \u00e9xito<\/em><\/li>\n<li>Diciembre 2016 &#8211; Scrum Gathering Portugal: <em>Powerful questions for the Scrum professional.<\/em><\/li>\n<li>Octubre 2016 &#8211; Scrum Gathering Munich: <em>Learning from product failure to achieve new product success!<\/em><\/li>\n<li>Junio 2016 &#8211; Scrum Day San Diego: <em>organizer &amp; host<\/em><\/li>\n<li>Mayo 2016 &#8211; Agile Portugal: <em>Learning from product failure to achieve new product success!<\/em><\/li>\n<li>Enero 2016 &#8211; <a href=\"http:\/\/www.meetup.com\/ACE-Agile-Coaching-Exchange-SoCal\/\">Agile Coaching Exchange (SoCal)<\/a>: <em>User stories are fun! Capture the magic with Story Cubes<sup>\u00ae<\/sup> &amp; Innovation Games<sup>\u00ae<\/sup> <\/em><\/li>\n<li>Noviembre 2015 &#8211; Scrum Gathering Prague: <em>User stories are fun! Capture the magic with Story Cubes<sup>\u00ae<\/sup> &amp; Innovation Games<sup>\u00ae<\/sup> <\/em><\/li>\n<li>Septiembre 2015 &#8211; Agile San Diego: <em>User stories are fun! Capture the magic with Story Cubes<sup>\u00ae<\/sup> &amp; Innovation Games<sup>\u00ae<\/sup> <\/em><\/li>\n<li>Agosto 2015 &#8211; Scrum Day Chile: <em>Escribir historias usuario maravillosas <\/em><\/li>\n<li>Junio 2015 &#8211; Scrum Day San Diego: <em>organizer &amp; host<\/em><\/li>\n<li>Junio 2015 &#8211; 12th Annual PMI San Diego Conference: <em>Collaborative leadership series for Agile teams: Speak plainly and forcefully &amp; Facilitate successful outcomes <\/em><\/li>\n<li>Mayo 2015 &#8211; <a href=\"http:\/\/2015.agilept.org\">Agile Portugal<\/a>: <em>Write user stories maravilhosas<\/em><\/li>\n<li>Mayo 2015 &#8211; Scrum Gathering Phoenix: <em>Don&#8217;t crash. Soar! It&#8217;s never too late to launch your Team towards success. <\/em><\/li>\n<li>Diciembre 2014 &#8211; Scrum Day Oviedo: <em>Scrum &#8211; \u00a1El viaje intr\u00e9pido!<\/em><\/li>\n<li>Mayo 2014 &#8211; Scrum Day San Diego: <em>organizer &amp; host<\/em><\/li>\n<li>Mayo 2013: 10th Annual PMI San Diego Conference: <em>Escaping the meeting groan zone, Facilitation toolkit for project managers<\/em><\/li>\n<li>Mayo 2013 &#8211; Scrum Gathering Las Vegas: <em>Removing impediments with drawings<\/em><\/li>\n<li>Abril 2013: <a href=\"https:\/\/oc-ca.iiba.org\">IIBA Orange County<\/a>: <em>Dynamics of group-decision making<\/em><\/li>\n<li>Diciembre 2012: Agile San Diego: <em>Recognizing decay on teams: Tools for ScrumMasters to get teams back to value<\/em><\/li>\n<li>Marzo 2012 &#8211; <a href=\"http:\/\/www.meetup.com\/madriagil\/\">Madriagil<\/a>: <em>Una tarde con Scrum<\/em><\/li>\n<li>Septiembre 2011 &#8211; <a href=\"http:\/\/www.meetup.com\/Agile-Auckland\/\">Agile Auckland<\/a>: <em>Removing Scrum impediments with drawings<\/em><\/li>\n<li>Agosto 2011 &#8211; Agile 2011: <em>Powerful questions, Removing impediments with drawings<\/em><\/li>\n<li>Junio 2011 &#8211; San Francisco Agile 2011: <em>Improving flow with prioritization<\/em><\/li>\n<li>Mayo 2011 &#8211; 8th Annual PMI San Diego Conference: <em>New perspectives on estimating &amp; planning, Doing the right things first<\/em><\/li>\n<li>Enero 2011 &#8211; Microsoft Southern California Code Camp (Fullerton): <em>Scrum roles in action, ScrumMaster toolkit<\/em><\/li>\n<li>Enero 2011 &#8211; <a href=\"http:\/\/aplnoc.blogspot.com\/2011\/01\/january-scrum-roles-in-action.html\">Agile Process Leadership Network (APLN) Orange County<\/a>:<em><em>Scrum roles in action<\/em><\/em><\/li>\n<li>Noviembre 2010 &#8211; Amsterdam Scrum Gathering: <em>Powerful questions, Removing impediments with drawings<\/em><\/li>\n<li>Octubre 2010 &#8211; Microsoft Southern California Code Camp (Los Angeles): <em>Introduction to Scrum, ScrumMaster toolkit, Selling your ideas with a drawing<\/em><\/li>\n<li>Octubre 2010 &#8211; <a href=\"http:\/\/pmi-sd.org\/\">PMI San Diego<\/a>: <em>Powerful questions<\/em><\/li>\n<li>Octubre 2010 &#8211; Agile San Diego: <em>Tools for ScrumMasters and Agile team leaders<\/em><\/li>\n<li>Septiembre 2010 &#8211; PMI Silicon Valley 2010 Symposium: <em>Bridging the gap: linking strategic roadmap to tactical project plans (with Luke Hohmann &amp; Margaret Motamed)<\/em><\/li>\n<li>Agosto 2010 &#8211; Agile 2010 Conference: <em>Lean and Agile &#8212; Roommates, married or twins?<\/em><\/li>\n<li>Junio 2010 &#8211; Microsoft Southern California Code Camp (San Diego): <em>Agile planning workshop (part I &amp; II), Agile playground<\/em><\/li>\n<li>Mayo 2010 &#8211; 7th Annual PMI San Diego Conference: <em>Leaping to success with high performing teams, Agile playground<\/em><\/li>\n<li>Abril 2010 &#8211; <a href=\"http:\/\/pmi-sd.org\/\">PMI San Diego<\/a>: <em>The Scrum 50000 mile maintenance<\/em><\/li>\n<li>Marzo 2010 &#8211; Orlando Scrum Gathering: <em>Prioritization with Pugh, Insights into Scrum illuminated by Lean<\/em><\/li>\n<li>Enero 2010 &#8211; Microsoft Southern California Code Camp (Fullerton): <em>Agile planning workshop, Debunking common Agile myths, Agile playground<\/em><\/li>\n<li>Enero 2010 &#8211; Extreme Programming (XP) San Diego: <em>Agile playground<\/em><\/li>\n<li>Noviembre 2009 &#8211; Microsoft Southern California Code Camp (Los Angeles): <em>Techniques for improving distributed Scrum teams, Insights into Scrum illuminated by Lean, Experiencing Agile through games<\/em><\/li>\n<li>Octubre 2009 &#8211; Extreme Programming (XP) San Diego: <em>Techniques for improving distributed Scrum Teams<\/em><\/li>\n<li>Junio 2008 &#8211; Microsoft Southern California Code Camp (San Diego): <em>ScrumMaster tools for change, Top ten refactorings, What I learned about Scrum by doing it<\/em><\/li>\n<li>Junio 2007 &#8211; Microsoft Southern California Code Camp (San Diego): <em>Self-organizing teams game, Top ten refactorings, Advanced refactorings<\/em><\/li>\n<li>Junio 2006 &#8211; Microsoft Southern California Code Camp (San Diego): <em>Introduction to agile software development<\/em><\/li>\n<li>Enero 2006 &#8211; Microsoft Southern California Code Camp (Los Angeles): <em>Introduction to agile software development, Top ten refactorings<\/em><\/li>\n<li>Abril 2005 &#8211; San Diego Chapter Association of Computing Machines (ACM): <em>Reducing software development risk through Extreme Programming<\/em><\/li>\n<li>Septiembre 2004 &#8211; San Diego Society for Software Quality: <em>Focusing software quality through customer involvement in the XP Planning Game<\/em><\/li>\n<li>Junio 2004 &#8211; Los Angeles Software Process Improvement Network (SPIN): <em>Extreme Programming for one<\/em><\/li>\n<\/ul>\n<\/div><\/div><\/div><\/div><\/div>\n","protected":false},"excerpt":{"rendered":"","protected":false},"author":1,"featured_media":0,"parent":0,"menu_order":5,"comment_status":"closed","ping_status":"closed","template":"100-width.php","meta":{"_monsterinsights_skip_tracking":false,"_monsterinsights_sitenote_active":false,"_monsterinsights_sitenote_note":"","_monsterinsights_sitenote_category":0,"_price":"","_stock":"","_tribe_ticket_header":"","_tribe_default_ticket_provider":"TEC\\Tickets\\Commerce\\Module","_tribe_ticket_capacity":"0","_ticket_start_date":"","_ticket_end_date":"","_tribe_ticket_show_description":"","_tribe_ticket_show_not_going":false,"_tribe_ticket_use_global_stock":"","_tribe_ticket_global_stock_level":"","_global_stock_mode":"","_global_stock_cap":"","_tribe_rsvp_for_event":"","_tribe_ticket_going_count":"","_tribe_ticket_not_going_count":"","_tribe_tickets_list":"[]","_tribe_ticket_has_attendee_info_fields":false,"footnotes":"","_tec_slr_enabled":"","_tec_slr_layout":""},"class_list":["post-6533","page","type-page","status-publish","hentry"],"yoast_head":"<!-- This site is optimized with the Yoast SEO plugin v27.4 - https:\/\/yoast.com\/product\/yoast-seo-wordpress\/ -->\n<title>Scrum Expert and Experienced Speaker in San Diego<\/title>\n<meta name=\"description\" content=\"Look Forward Consulting provides local and international audiences with expert knowledge on Scrum, Extreme Programming, Lean and other Agile methods.\" \/>\n<meta name=\"robots\" content=\"index, follow, max-snippet:-1, max-image-preview:large, max-video-preview:-1\" \/>\n<link rel=\"canonical\" href=\"https:\/\/thescrumacademy.com\/es\/charlas-de-scrum\/\" \/>\n<meta property=\"og:locale\" content=\"es_ES\" \/>\n<meta property=\"og:type\" content=\"article\" \/>\n<meta property=\"og:title\" content=\"Scrum Expert and Experienced Speaker in San Diego\" \/>\n<meta property=\"og:description\" content=\"Look Forward Consulting provides local and international audiences with expert knowledge on Scrum, Extreme Programming, Lean and other Agile methods.\" \/>\n<meta property=\"og:url\" content=\"https:\/\/thescrumacademy.com\/es\/charlas-de-scrum\/\" \/>\n<meta property=\"og:site_name\" content=\"The Scrum Academy\" \/>\n<meta property=\"article:modified_time\" content=\"2024-06-07T00:21:13+00:00\" \/>\n<meta name=\"twitter:card\" content=\"summary_large_image\" \/>\n<meta name=\"twitter:label1\" content=\"Tiempo de lectura\" \/>\n\t<meta name=\"twitter:data1\" content=\"4 minutos\" \/>\n<script type=\"application\/ld+json\" class=\"yoast-schema-graph\">{\"@context\":\"https:\\\/\\\/schema.org\",\"@graph\":[{\"@type\":\"WebPage\",\"@id\":\"https:\\\/\\\/thescrumacademy.com\\\/es\\\/charlas-de-scrum\\\/\",\"url\":\"https:\\\/\\\/thescrumacademy.com\\\/es\\\/charlas-de-scrum\\\/\",\"name\":\"Scrum Expert and Experienced Speaker in San Diego\",\"isPartOf\":{\"@id\":\"https:\\\/\\\/thescrumacademy.com\\\/es\\\/#website\"},\"datePublished\":\"2011-01-21T12:08:25+00:00\",\"dateModified\":\"2024-06-07T00:21:13+00:00\",\"description\":\"Look Forward Consulting provides local and international audiences with expert knowledge on Scrum, Extreme Programming, Lean and other Agile methods.\",\"breadcrumb\":{\"@id\":\"https:\\\/\\\/thescrumacademy.com\\\/es\\\/charlas-de-scrum\\\/#breadcrumb\"},\"inLanguage\":\"es\",\"potentialAction\":[{\"@type\":\"ReadAction\",\"target\":[\"https:\\\/\\\/thescrumacademy.com\\\/es\\\/charlas-de-scrum\\\/\"]}]},{\"@type\":\"BreadcrumbList\",\"@id\":\"https:\\\/\\\/thescrumacademy.com\\\/es\\\/charlas-de-scrum\\\/#breadcrumb\",\"itemListElement\":[{\"@type\":\"ListItem\",\"position\":1,\"name\":\"Home\",\"item\":\"https:\\\/\\\/thescrumacademy.com\\\/es\\\/\"},{\"@type\":\"ListItem\",\"position\":2,\"name\":\"Charlas Pasadas\"}]},{\"@type\":\"WebSite\",\"@id\":\"https:\\\/\\\/thescrumacademy.com\\\/es\\\/#website\",\"url\":\"https:\\\/\\\/thescrumacademy.com\\\/es\\\/\",\"name\":\"The Scrum Academy\",\"description\":\"Everyone anywhere can do better Scrum\",\"potentialAction\":[{\"@type\":\"SearchAction\",\"target\":{\"@type\":\"EntryPoint\",\"urlTemplate\":\"https:\\\/\\\/thescrumacademy.com\\\/es\\\/?s={search_term_string}\"},\"query-input\":{\"@type\":\"PropertyValueSpecification\",\"valueRequired\":true,\"valueName\":\"search_term_string\"}}],\"inLanguage\":\"es\"}]}<\/script>\n<!-- \/ Yoast SEO plugin. -->","yoast_head_json":{"title":"Scrum Expert and Experienced Speaker in San Diego","description":"Look Forward Consulting provides local and international audiences with expert knowledge on Scrum, Extreme Programming, Lean and other Agile methods.","robots":{"index":"index","follow":"follow","max-snippet":"max-snippet:-1","max-image-preview":"max-image-preview:large","max-video-preview":"max-video-preview:-1"},"canonical":"https:\/\/thescrumacademy.com\/es\/charlas-de-scrum\/","og_locale":"es_ES","og_type":"article","og_title":"Scrum Expert and Experienced Speaker in San Diego","og_description":"Look Forward Consulting provides local and international audiences with expert knowledge on Scrum, Extreme Programming, Lean and other Agile methods.","og_url":"https:\/\/thescrumacademy.com\/es\/charlas-de-scrum\/","og_site_name":"The Scrum Academy","article_modified_time":"2024-06-07T00:21:13+00:00","twitter_card":"summary_large_image","twitter_misc":{"Tiempo de lectura":"4 minutos"},"schema":{"@context":"https:\/\/schema.org","@graph":[{"@type":"WebPage","@id":"https:\/\/thescrumacademy.com\/es\/charlas-de-scrum\/","url":"https:\/\/thescrumacademy.com\/es\/charlas-de-scrum\/","name":"Scrum Expert and Experienced Speaker in San Diego","isPartOf":{"@id":"https:\/\/thescrumacademy.com\/es\/#website"},"datePublished":"2011-01-21T12:08:25+00:00","dateModified":"2024-06-07T00:21:13+00:00","description":"Look Forward Consulting provides local and international audiences with expert knowledge on Scrum, Extreme Programming, Lean and other Agile methods.","breadcrumb":{"@id":"https:\/\/thescrumacademy.com\/es\/charlas-de-scrum\/#breadcrumb"},"inLanguage":"es","potentialAction":[{"@type":"ReadAction","target":["https:\/\/thescrumacademy.com\/es\/charlas-de-scrum\/"]}]},{"@type":"BreadcrumbList","@id":"https:\/\/thescrumacademy.com\/es\/charlas-de-scrum\/#breadcrumb","itemListElement":[{"@type":"ListItem","position":1,"name":"Home","item":"https:\/\/thescrumacademy.com\/es\/"},{"@type":"ListItem","position":2,"name":"Charlas Pasadas"}]},{"@type":"WebSite","@id":"https:\/\/thescrumacademy.com\/es\/#website","url":"https:\/\/thescrumacademy.com\/es\/","name":"The Scrum Academy","description":"Everyone anywhere can do better Scrum","potentialAction":[{"@type":"SearchAction","target":{"@type":"EntryPoint","urlTemplate":"https:\/\/thescrumacademy.com\/es\/?s={search_term_string}"},"query-input":{"@type":"PropertyValueSpecification","valueRequired":true,"valueName":"search_term_string"}}],"inLanguage":"es"}]}},"ticketed":false,"_links":{"self":[{"href":"https:\/\/thescrumacademy.com\/es\/wp-json\/wp\/v2\/pages\/6533","targetHints":{"allow":["GET"]}}],"collection":[{"href":"https:\/\/thescrumacademy.com\/es\/wp-json\/wp\/v2\/pages"}],"about":[{"href":"https:\/\/thescrumacademy.com\/es\/wp-json\/wp\/v2\/types\/page"}],"author":[{"embeddable":true,"href":"https:\/\/thescrumacademy.com\/es\/wp-json\/wp\/v2\/users\/1"}],"replies":[{"embeddable":true,"href":"https:\/\/thescrumacademy.com\/es\/wp-json\/wp\/v2\/comments?post=6533"}],"version-history":[{"count":0,"href":"https:\/\/thescrumacademy.com\/es\/wp-json\/wp\/v2\/pages\/6533\/revisions"}],"wp:attachment":[{"href":"https:\/\/thescrumacademy.com\/es\/wp-json\/wp\/v2\/media?parent=6533"}],"curies":[{"name":"wp","href":"https:\/\/api.w.org\/{rel}","templated":true}]}}