{"id":6530,"date":"2024-04-15T17:22:24","date_gmt":"2024-04-15T16:22:24","guid":{"rendered":"https:\/\/thescrumacademy.com\/sobre-la-academia\/"},"modified":"2024-06-18T08:17:07","modified_gmt":"2024-06-18T07:17:07","slug":"sobre-la-academia","status":"publish","type":"page","link":"https:\/\/thescrumacademy.com\/es\/sobre-la-academia\/","title":{"rendered":"Sobre la Academia"},"content":{"rendered":"<p><div class=\"fusion-fullwidth fullwidth-box fusion-builder-row-1 fusion-flex-container has-pattern-background has-mask-background nonhundred-percent-fullwidth non-hundred-percent-height-scrolling\" style=\"--awb-border-radius-top-left:0px;--awb-border-radius-top-right:0px;--awb-border-radius-bottom-right:0px;--awb-border-radius-bottom-left:0px;--awb-flex-wrap:wrap;\" ><div class=\"fusion-builder-row fusion-row fusion-flex-align-items-flex-start fusion-flex-content-wrap\" style=\"max-width:1144px;margin-left: calc(-4% \/ 2 );margin-right: calc(-4% \/ 2 );\"><div class=\"fusion-layout-column fusion_builder_column fusion-builder-column-0 fusion_builder_column_1_1 1_1 fusion-flex-column\" style=\"--awb-bg-size:cover;--awb-width-large:100%;--awb-margin-top-large:0px;--awb-spacing-right-large:1.92%;--awb-margin-bottom-large:40px;--awb-spacing-left-large:1.92%;--awb-width-medium:100%;--awb-order-medium:0;--awb-spacing-right-medium:1.92%;--awb-spacing-left-medium:1.92%;--awb-width-small:100%;--awb-order-small:0;--awb-spacing-right-small:1.92%;--awb-spacing-left-small:1.92%;\" data-scroll-devices=\"small-visibility,medium-visibility,large-visibility\"><div class=\"fusion-column-wrapper fusion-column-has-shadow fusion-flex-justify-content-flex-start fusion-content-layout-column\"><div class=\"fusion-image-element awb-imageframe-style awb-imageframe-style-below awb-imageframe-style-1\" style=\"--awb-caption-title-color:var(--awb-color3);--awb-caption-text-size:16px;--awb-caption-text-transform:none;--awb-caption-text-line-height:var(--awb-typography4-line-height);--awb-caption-text-letter-spacing:var(--awb-typography4-letter-spacing);--awb-caption-title-font-family:&quot;Montserrat&quot;;--awb-caption-title-font-weight:500;--awb-caption-title-font-style:italic;--awb-caption-title-size:36px;--awb-caption-title-transform:none;--awb-caption-title-line-height:var(--awb-typography4-line-height);--awb-caption-title-letter-spacing:var(--awb-typography4-letter-spacing);--awb-caption-text-font-family:&quot;Montserrat&quot;;--awb-caption-text-font-style:italic;--awb-caption-text-font-weight:400;\"><span class=\" fusion-imageframe imageframe-none imageframe-1 hover-type-none\"><img decoding=\"async\" width=\"1280\" height=\"582\" alt=\"The Scrum Academy usa marcos para resolver problemas del mundo real.\" src=\"https:\/\/thescrumacademy.com\/wp-content\/uploads\/2024\/04\/Scrum-Academy-Hero-about-academy.jpg\" data-orig-src=\"https:\/\/thescrumacademy.com\/wp-content\/uploads\/2024\/04\/Scrum-Academy-Hero-about-academy.jpg\" class=\"lazyload img-responsive wp-image-6342\" srcset=\"data:image\/svg+xml,%3Csvg%20xmlns%3D%27http%3A%2F%2Fwww.w3.org%2F2000%2Fsvg%27%20width%3D%271280%27%20height%3D%27582%27%20viewBox%3D%270%200%201280%20582%27%3E%3Crect%20width%3D%271280%27%20height%3D%27582%27%20fill-opacity%3D%220%22%2F%3E%3C%2Fsvg%3E\" data-srcset=\"https:\/\/thescrumacademy.com\/wp-content\/uploads\/2024\/04\/Scrum-Academy-Hero-about-academy-200x91.jpg 200w, https:\/\/thescrumacademy.com\/wp-content\/uploads\/2024\/04\/Scrum-Academy-Hero-about-academy-400x182.jpg 400w, https:\/\/thescrumacademy.com\/wp-content\/uploads\/2024\/04\/Scrum-Academy-Hero-about-academy-600x273.jpg 600w, https:\/\/thescrumacademy.com\/wp-content\/uploads\/2024\/04\/Scrum-Academy-Hero-about-academy-800x364.jpg 800w, https:\/\/thescrumacademy.com\/wp-content\/uploads\/2024\/04\/Scrum-Academy-Hero-about-academy-1200x546.jpg 1200w, https:\/\/thescrumacademy.com\/wp-content\/uploads\/2024\/04\/Scrum-Academy-Hero-about-academy.jpg 1280w\" data-sizes=\"auto\" data-orig-sizes=\"(max-width: 640px) 100vw, 1200px\" \/><\/span><div class=\"awb-imageframe-caption-container\" style=\"text-align:right;\"><div class=\"awb-imageframe-caption\"><p class=\"awb-imageframe-caption-text\">The Scrum Academy usa marcos para resolver problemas del mundo real.\n<\/p><\/div><\/div><\/div><\/div><\/div><\/div><\/div><div class=\"fusion-fullwidth fullwidth-box fusion-builder-row-2 fusion-flex-container has-pattern-background has-mask-background nonhundred-percent-fullwidth non-hundred-percent-height-scrolling\" style=\"--awb-border-radius-top-left:0px;--awb-border-radius-top-right:0px;--awb-border-radius-bottom-right:0px;--awb-border-radius-bottom-left:0px;--awb-flex-wrap:wrap;\" ><div class=\"fusion-builder-row fusion-row fusion-flex-align-items-flex-start fusion-flex-content-wrap\" style=\"max-width:1144px;margin-left: calc(-4% \/ 2 );margin-right: calc(-4% \/ 2 );\"><div class=\"fusion-layout-column fusion_builder_column fusion-builder-column-1 fusion_builder_column_1_1 1_1 fusion-flex-column\" style=\"--awb-bg-size:cover;--awb-width-large:100%;--awb-margin-top-large:0px;--awb-spacing-right-large:1.92%;--awb-margin-bottom-large:20px;--awb-spacing-left-large:1.92%;--awb-width-medium:100%;--awb-order-medium:0;--awb-spacing-right-medium:1.92%;--awb-spacing-left-medium:1.92%;--awb-width-small:100%;--awb-order-small:0;--awb-spacing-right-small:1.92%;--awb-spacing-left-small:1.92%;\"><div class=\"fusion-column-wrapper fusion-column-has-shadow fusion-flex-justify-content-flex-start fusion-content-layout-column\"><div class=\"fusion-title title fusion-title-1 fusion-sep-none fusion-title-center fusion-title-text fusion-title-size-one\" style=\"--awb-margin-bottom:40px;--awb-margin-top-small:10px;--awb-margin-right-small:0px;--awb-margin-bottom-small:10px;--awb-margin-left-small:0px;\"><h1 class=\"fusion-title-heading title-heading-center fusion-responsive-typography-calculated\" style=\"margin:0;--fontSize:48;line-height:var(--awb-typography1-line-height);\">Cuando tus Problemas Son Nuevos e Inusuales, una Formaci\u00f3n de The Scrum Academy Revela la Soluci\u00f3n<\/h1><\/div><div class=\"fusion-title title fusion-title-2 fusion-sep-none fusion-title-center fusion-title-text fusion-title-size-two\" style=\"--awb-margin-top-small:10px;--awb-margin-right-small:0px;--awb-margin-bottom-small:10px;--awb-margin-left-small:0px;--awb-font-size:22px;\"><h2 class=\"fusion-title-heading title-heading-center fusion-responsive-typography-calculated\" style=\"font-family:&quot;Montserrat&quot;;font-style:normal;font-weight:400;margin:0;font-size:1em;--fontSize:22;--minFontSize:22;line-height:1.5;\">Este equipo acaba de descubrir su mayor impedimento durante una formaci\u00f3n por The Scrum Academy.<\/h2><\/div><div class=\"fusion-separator\" style=\"align-self: center;margin-left: auto;margin-right: auto;margin-top:40px;margin-bottom:60px;width:100%;max-width:200px;\"><div class=\"fusion-separator-border sep-single sep-solid\" style=\"--awb-height:20px;--awb-amount:20px;border-color:var(--awb-color5);border-top-width:2px;\"><\/div><\/div><\/div><\/div><\/div><\/div><div class=\"fusion-fullwidth fullwidth-box fusion-builder-row-3 fusion-flex-container has-pattern-background has-mask-background nonhundred-percent-fullwidth non-hundred-percent-height-scrolling\" style=\"--awb-border-radius-top-left:0px;--awb-border-radius-top-right:0px;--awb-border-radius-bottom-right:0px;--awb-border-radius-bottom-left:0px;--awb-flex-wrap:wrap;\" ><div class=\"fusion-builder-row fusion-row fusion-flex-align-items-flex-start fusion-flex-content-wrap\" style=\"max-width:1144px;margin-left: calc(-4% \/ 2 );margin-right: calc(-4% \/ 2 );\"><div class=\"fusion-layout-column fusion_builder_column fusion-builder-column-2 fusion_builder_column_1_1 1_1 fusion-flex-column\" style=\"--awb-bg-size:cover;--awb-width-large:100%;--awb-margin-top-large:0px;--awb-spacing-right-large:1.92%;--awb-margin-bottom-large:20px;--awb-spacing-left-large:1.92%;--awb-width-medium:100%;--awb-order-medium:0;--awb-spacing-right-medium:1.92%;--awb-spacing-left-medium:1.92%;--awb-width-small:100%;--awb-order-small:0;--awb-spacing-right-small:1.92%;--awb-spacing-left-small:1.92%;\"><div class=\"fusion-column-wrapper fusion-column-has-shadow fusion-flex-justify-content-flex-start fusion-content-layout-column\"><div class=\"fusion-text fusion-text-1\"><h3>Herramientas Pr\u00e1cticas que Puede Utilizar el Pr\u00f3ximo D\u00eda<\/h3>\n<p>Nuestros cursos son pr\u00e1cticos, directos al grano y ricos en informaci\u00f3n. Proveemos justo la teor\u00eda suficiente para que pueda empezar y damos tiempo y espacio para que pueda experimentar. Todos nuestros instructores tienen experiencia en el mundo real trabajando con equipos Scrum y \u00c1giles. Pueden tomar de sus a\u00f1os de esta experiencia para ayudarte a superar tus propios retos e impedimentos.<\/p>\n<h3>Pr\u00e1ctico, Interactivo y Colaborativo<\/h3>\n<p>The Scrum Academy dise\u00f1a experiencias divertidas, inmersivas e interactivas para ayudarte a resolver tus problemas m\u00e1s urgentes. Todas las aulas, talleres y experiencias que entregamos son personalizadas y \u00fanicas. Cr\u00e9eme, te van a encantar todas las actividades interactivas que hemos seleccionado para t\u00ed.<\/p>\n<h3>Un Socio que Comparte Tus Valores<\/h3>\n<p>Nuestra visi\u00f3n es que <b><i>todo el mundo en cualquier lugar puede hacer mejor Scrum<\/i><\/b>. Para servirte mejor, hemos elegido enfocarnos en estos valores:<\/p>\n<\/div><div class=\"fusion-content-boxes content-boxes columns row fusion-columns-2 fusion-columns-total-5 fusion-content-boxes-1 content-boxes-clean-horizontal content-left content-boxes-icon-on-side has-flex-alignment\" style=\"--awb-alignment:flex-start;--awb-body-color:var(--awb-color3);--awb-title-color:var(--awb-color4);--awb-iconcolor:var(--awb-color4);--awb-hover-accent-color:var(--awb-color4);--awb-circle-hover-accent-color:transparent;\" data-animationOffset=\"top-into-view\"><div style=\"--awb-backgroundcolor:rgba(255,255,255,0);--awb-iconcolor:var(--awb-color4);--awb-content-padding-left:58px;border-color:rgba(255,255,255,0);\" class=\"fusion-column content-box-column content-box-column content-box-column-1 col-lg-6 col-md-6 col-sm-6 fusion-content-box-hover content-box-column-first-in-row\"><div class=\"col content-box-wrapper content-wrapper link-area-link-icon content-icon-wrapper-yes icon-hover-animation-none\" data-animationOffset=\"top-into-view\"><div class=\"heading heading-with-icon icon-left\"><div class=\"icon\"><span ><i style=\"background-color:transparent;border-color:transparent;height:auto;width: 38px;line-height:normal;font-size:38px;\" aria-hidden=\"true\" class=\"fontawesome-icon fa-mortar-pestle fas circle-no\"><\/i><\/span><\/div><h4 class=\"content-box-heading fusion-responsive-typography-calculated\" style=\"--h4_typography-font-size:28px;--fontSize:28;line-height:var(--awb-typography1-line-height);padding-left:58px;\">Creaci\u00f3n<\/h4><\/div><div class=\"fusion-clearfix\"><\/div><div class=\"content-container\">La gente recuerda lo que crea.<\/div><\/div><\/div><div style=\"--awb-backgroundcolor:rgba(255,255,255,0);--awb-iconcolor:var(--awb-color4);--awb-content-padding-left:58px;border-color:rgba(255,255,255,0);\" class=\"fusion-column content-box-column content-box-column content-box-column-2 col-lg-6 col-md-6 col-sm-6 fusion-content-box-hover content-box-column-last-in-row\"><div class=\"col content-box-wrapper content-wrapper link-area-link-icon content-icon-wrapper-yes icon-hover-animation-none\" data-animationOffset=\"top-into-view\"><div class=\"heading heading-with-icon icon-left\"><div class=\"icon\"><span ><i style=\"background-color:transparent;border-color:transparent;height:auto;width: 38px;line-height:normal;font-size:38px;\" aria-hidden=\"true\" class=\"fontawesome-icon fa-cogs far circle-no\"><\/i><\/span><\/div><h4 class=\"content-box-heading fusion-responsive-typography-calculated\" style=\"--h4_typography-font-size:28px;--fontSize:28;line-height:var(--awb-typography1-line-height);padding-left:58px;\">Trabajo Real<\/h4><\/div><div class=\"fusion-clearfix\"><\/div><div class=\"content-container\">\n<p>Dedicar tiempo juntos al trabajo real para acelerar el aprendizaje y conexiones interpersonales.<\/p>\n<\/div><\/div><\/div><div style=\"--awb-backgroundcolor:rgba(255,255,255,0);--awb-iconcolor:var(--awb-color4);--awb-content-padding-left:58px;border-color:rgba(255,255,255,0);\" class=\"fusion-column content-box-column content-box-column content-box-column-3 col-lg-6 col-md-6 col-sm-6 fusion-content-box-hover content-box-column-first-in-row\"><div class=\"col content-box-wrapper content-wrapper link-area-link-icon content-icon-wrapper-yes icon-hover-animation-none\" data-animationOffset=\"top-into-view\"><div class=\"heading heading-with-icon icon-left\"><div class=\"icon\"><span ><i style=\"background-color:transparent;border-color:transparent;height:auto;width: 38px;line-height:normal;font-size:38px;\" aria-hidden=\"true\" class=\"fontawesome-icon fa-wpexplorer fab circle-no\"><\/i><\/span><\/div><h4 class=\"content-box-heading fusion-responsive-typography-calculated\" style=\"--h4_typography-font-size:28px;--fontSize:28;line-height:var(--awb-typography1-line-height);padding-left:58px;\">Descubrimiento<\/h4><\/div><div class=\"fusion-clearfix\"><\/div><div class=\"content-container\">\n<p>Dar tiempo y espacio a las personas para que descubran su propio significado de lo que aprenden.<\/p>\n<\/div><\/div><\/div><div style=\"--awb-backgroundcolor:rgba(255,255,255,0);--awb-iconcolor:var(--awb-color4);--awb-content-padding-left:58px;border-color:rgba(255,255,255,0);\" class=\"fusion-column content-box-column content-box-column content-box-column-4 col-lg-6 col-md-6 col-sm-6 fusion-content-box-hover content-box-column-last-in-row\"><div class=\"col content-box-wrapper content-wrapper link-area-link-icon content-icon-wrapper-yes icon-hover-animation-none\" data-animationOffset=\"top-into-view\"><div class=\"heading heading-with-icon icon-left\"><div class=\"icon\"><span ><i style=\"background-color:transparent;border-color:transparent;height:auto;width: 38px;line-height:normal;font-size:38px;\" aria-hidden=\"true\" class=\"fontawesome-icon fa-hand-holding-seedling fas circle-no\"><\/i><\/span><\/div><h4 class=\"content-box-heading fusion-responsive-typography-calculated\" style=\"--h4_typography-font-size:28px;--fontSize:28;line-height:var(--awb-typography1-line-height);padding-left:58px;\">Cultivar<\/h4><\/div><div class=\"fusion-clearfix\"><\/div><div class=\"content-container\">\n<p>Demostrar paciencia, amabilidad y respeto para que las personas e ideas crezcan a su propio ritmo.<\/p>\n<\/div><\/div><\/div><div style=\"--awb-backgroundcolor:rgba(255,255,255,0);--awb-iconcolor:var(--awb-color4);--awb-content-padding-left:58px;border-color:rgba(255,255,255,0);\" class=\"fusion-column content-box-column content-box-column content-box-column-5 col-lg-6 col-md-6 col-sm-6 fusion-content-box-hover content-box-column-first-in-row content-box-column-last\"><div class=\"col content-box-wrapper content-wrapper link-area-link-icon content-icon-wrapper-yes icon-hover-animation-none\" data-animationOffset=\"top-into-view\"><div class=\"heading heading-with-icon icon-left\"><div class=\"icon\"><span ><i style=\"background-color:transparent;border-color:transparent;height:auto;width: 38px;line-height:normal;font-size:38px;\" aria-hidden=\"true\" class=\"fontawesome-icon fa-check-square fas circle-no\"><\/i><\/span><\/div><h4 class=\"content-box-heading fusion-responsive-typography-calculated\" style=\"--h4_typography-font-size:28px;--fontSize:28;line-height:var(--awb-typography1-line-height);padding-left:58px;\">Pragmatismo<\/h4><\/div><div class=\"fusion-clearfix\"><\/div><div class=\"content-container\">\n<p>Enfocarse en el resultado empresarial que puede obtenerse ahora; preocuparse sobre la teor\u00eda m\u00e1s adelante.<\/p>\n<\/div><\/div><\/div><div class=\"fusion-clearfix\"><\/div><\/div><div class=\"fusion-text fusion-text-2\"><p>Como el <a href=\"\/2024\/03\/22\/the-spirit-of-scrum-a-deep-dive\/\" target=\"_blank\" rel=\"noopener noreferrer\">Esp\u00edritu de Scrum<\/a>, usamos nuestros valores para dar vida a <em><strong>nuestra misi\u00f3n<\/strong><\/em>: mostrarte c\u00f3mo cerrar el hueco entre c\u00f3mo usar Scrum hoy y lo qu\u00e9 podr\u00edas lograr en el futuro.<\/p>\n<h3 class=\"\" style=\"--fontsize: 30; line-height: 1.2;\" data-fontsize=\"30\" data-lineheight=\"36px\">Un Socio Experto que Da Buenos Consejos<\/h3>\n<p>Nuestro l\u00edder, Carlton Nettleton, tiene m\u00e1s de veinticinco a\u00f1os de experiencia profesional que abarca todos los roles que se encuentran dentro, y fuera, de un Equipo Scrum - consultor, l\u00edder ejecutivo, jefe de producto, programador e instructor. Ha escrito un <a href=\"https:\/\/thescrumacademy.com\/es\/catorce-observaciones-para-la-practica-de-un-buen-scrum\/\">libro sobre Scrum<\/a>. Es un experto en la facilitaci\u00f3n, educaci\u00f3n de adultos y dise\u00f1o educativo. Por estas razones, el Scrum Alliance lo recluta para ayudarles a dise\u00f1ar y desarrollar sus programas avanzados de Scrum.<\/p>\n<p>The Scrum Academy ha hecho negocios por m\u00e1s de quince a\u00f1os. Hemos entrenado m\u00e1s de 5,000 mil estudiantes en Scrum, pr\u00e1cticas \u00c1giles y gesti\u00f3n de productos. Tenemos alumnos y ex alumnos de todos los continentes (excepto Ant\u00e1rtida). Hemos dise\u00f1ado soluciones de entrenamiento presenciales, online y en demanda para empresas de todos los tama\u00f1os - de startups a compa\u00f1\u00edas de Fortune 500 y todas las empresas en el medio.<\/p>\n<\/div><\/div><\/div><\/div><\/div><\/p>\n","protected":false},"excerpt":{"rendered":"","protected":false},"author":4,"featured_media":6342,"parent":0,"menu_order":4,"comment_status":"closed","ping_status":"closed","template":"","meta":{"_monsterinsights_skip_tracking":false,"_monsterinsights_sitenote_active":false,"_monsterinsights_sitenote_note":"","_monsterinsights_sitenote_category":0,"_price":"","_stock":"","_tribe_ticket_header":"","_tribe_default_ticket_provider":"TEC\\Tickets\\Commerce\\Module","_tribe_ticket_capacity":"0","_ticket_start_date":"","_ticket_end_date":"","_tribe_ticket_show_description":"","_tribe_ticket_show_not_going":false,"_tribe_ticket_use_global_stock":"","_tribe_ticket_global_stock_level":"","_global_stock_mode":"","_global_stock_cap":"","_tribe_rsvp_for_event":"","_tribe_ticket_going_count":"","_tribe_ticket_not_going_count":"","_tribe_tickets_list":"[]","_tribe_ticket_has_attendee_info_fields":false,"footnotes":"","_tec_slr_enabled":"","_tec_slr_layout":""},"class_list":["post-6530","page","type-page","status-publish","has-post-thumbnail","hentry"],"yoast_head":"<!-- This site is optimized with the Yoast SEO plugin v27.4 - https:\/\/yoast.com\/product\/yoast-seo-wordpress\/ -->\n<title>Sobre la Academia - The Scrum Academy<\/title>\n<meta name=\"robots\" content=\"index, follow, max-snippet:-1, max-image-preview:large, max-video-preview:-1\" \/>\n<link rel=\"canonical\" href=\"https:\/\/thescrumacademy.com\/es\/sobre-la-academia\/\" \/>\n<meta property=\"og:locale\" content=\"es_ES\" \/>\n<meta property=\"og:type\" content=\"article\" \/>\n<meta property=\"og:title\" content=\"Sobre la Academia - The Scrum Academy\" \/>\n<meta property=\"og:url\" content=\"https:\/\/thescrumacademy.com\/es\/sobre-la-academia\/\" \/>\n<meta property=\"og:site_name\" content=\"The Scrum Academy\" \/>\n<meta property=\"article:modified_time\" content=\"2024-06-18T07:17:07+00:00\" \/>\n<meta property=\"og:image\" content=\"https:\/\/thescrumacademy.com\/wp-content\/uploads\/2024\/04\/Scrum-Academy-Hero-about-academy.jpg\" \/>\n\t<meta property=\"og:image:width\" content=\"1280\" \/>\n\t<meta property=\"og:image:height\" content=\"582\" \/>\n\t<meta property=\"og:image:type\" content=\"image\/jpeg\" \/>\n<meta name=\"twitter:card\" content=\"summary_large_image\" \/>\n<meta name=\"twitter:label1\" content=\"Tiempo de lectura\" \/>\n\t<meta name=\"twitter:data1\" content=\"3 minutos\" \/>\n<script type=\"application\/ld+json\" class=\"yoast-schema-graph\">{\"@context\":\"https:\\\/\\\/schema.org\",\"@graph\":[{\"@type\":\"WebPage\",\"@id\":\"https:\\\/\\\/thescrumacademy.com\\\/es\\\/sobre-la-academia\\\/\",\"url\":\"https:\\\/\\\/thescrumacademy.com\\\/es\\\/sobre-la-academia\\\/\",\"name\":\"Sobre la Academia - The Scrum Academy\",\"isPartOf\":{\"@id\":\"https:\\\/\\\/thescrumacademy.com\\\/es\\\/#website\"},\"primaryImageOfPage\":{\"@id\":\"https:\\\/\\\/thescrumacademy.com\\\/es\\\/sobre-la-academia\\\/#primaryimage\"},\"image\":{\"@id\":\"https:\\\/\\\/thescrumacademy.com\\\/es\\\/sobre-la-academia\\\/#primaryimage\"},\"thumbnailUrl\":\"https:\\\/\\\/thescrumacademy.com\\\/wp-content\\\/uploads\\\/2024\\\/04\\\/Scrum-Academy-Hero-about-academy.jpg\",\"datePublished\":\"2024-04-15T16:22:24+00:00\",\"dateModified\":\"2024-06-18T07:17:07+00:00\",\"breadcrumb\":{\"@id\":\"https:\\\/\\\/thescrumacademy.com\\\/es\\\/sobre-la-academia\\\/#breadcrumb\"},\"inLanguage\":\"es\",\"potentialAction\":[{\"@type\":\"ReadAction\",\"target\":[\"https:\\\/\\\/thescrumacademy.com\\\/es\\\/sobre-la-academia\\\/\"]}]},{\"@type\":\"ImageObject\",\"inLanguage\":\"es\",\"@id\":\"https:\\\/\\\/thescrumacademy.com\\\/es\\\/sobre-la-academia\\\/#primaryimage\",\"url\":\"https:\\\/\\\/thescrumacademy.com\\\/wp-content\\\/uploads\\\/2024\\\/04\\\/Scrum-Academy-Hero-about-academy.jpg\",\"contentUrl\":\"https:\\\/\\\/thescrumacademy.com\\\/wp-content\\\/uploads\\\/2024\\\/04\\\/Scrum-Academy-Hero-about-academy.jpg\",\"width\":1280,\"height\":582,\"caption\":\"The Scrum Academy usa marcos para resolver problemas del mundo real.\"},{\"@type\":\"BreadcrumbList\",\"@id\":\"https:\\\/\\\/thescrumacademy.com\\\/es\\\/sobre-la-academia\\\/#breadcrumb\",\"itemListElement\":[{\"@type\":\"ListItem\",\"position\":1,\"name\":\"Home\",\"item\":\"https:\\\/\\\/thescrumacademy.com\\\/es\\\/\"},{\"@type\":\"ListItem\",\"position\":2,\"name\":\"Sobre la Academia\"}]},{\"@type\":\"WebSite\",\"@id\":\"https:\\\/\\\/thescrumacademy.com\\\/es\\\/#website\",\"url\":\"https:\\\/\\\/thescrumacademy.com\\\/es\\\/\",\"name\":\"The Scrum Academy\",\"description\":\"Everyone anywhere can do better Scrum\",\"potentialAction\":[{\"@type\":\"SearchAction\",\"target\":{\"@type\":\"EntryPoint\",\"urlTemplate\":\"https:\\\/\\\/thescrumacademy.com\\\/es\\\/?s={search_term_string}\"},\"query-input\":{\"@type\":\"PropertyValueSpecification\",\"valueRequired\":true,\"valueName\":\"search_term_string\"}}],\"inLanguage\":\"es\"}]}<\/script>\n<!-- \/ Yoast SEO plugin. -->","yoast_head_json":{"title":"Sobre la Academia - The Scrum Academy","robots":{"index":"index","follow":"follow","max-snippet":"max-snippet:-1","max-image-preview":"max-image-preview:large","max-video-preview":"max-video-preview:-1"},"canonical":"https:\/\/thescrumacademy.com\/es\/sobre-la-academia\/","og_locale":"es_ES","og_type":"article","og_title":"Sobre la Academia - The Scrum Academy","og_url":"https:\/\/thescrumacademy.com\/es\/sobre-la-academia\/","og_site_name":"The Scrum Academy","article_modified_time":"2024-06-18T07:17:07+00:00","og_image":[{"width":1280,"height":582,"url":"https:\/\/thescrumacademy.com\/wp-content\/uploads\/2024\/04\/Scrum-Academy-Hero-about-academy.jpg","type":"image\/jpeg"}],"twitter_card":"summary_large_image","twitter_misc":{"Tiempo de lectura":"3 minutos"},"schema":{"@context":"https:\/\/schema.org","@graph":[{"@type":"WebPage","@id":"https:\/\/thescrumacademy.com\/es\/sobre-la-academia\/","url":"https:\/\/thescrumacademy.com\/es\/sobre-la-academia\/","name":"Sobre la Academia - The Scrum Academy","isPartOf":{"@id":"https:\/\/thescrumacademy.com\/es\/#website"},"primaryImageOfPage":{"@id":"https:\/\/thescrumacademy.com\/es\/sobre-la-academia\/#primaryimage"},"image":{"@id":"https:\/\/thescrumacademy.com\/es\/sobre-la-academia\/#primaryimage"},"thumbnailUrl":"https:\/\/thescrumacademy.com\/wp-content\/uploads\/2024\/04\/Scrum-Academy-Hero-about-academy.jpg","datePublished":"2024-04-15T16:22:24+00:00","dateModified":"2024-06-18T07:17:07+00:00","breadcrumb":{"@id":"https:\/\/thescrumacademy.com\/es\/sobre-la-academia\/#breadcrumb"},"inLanguage":"es","potentialAction":[{"@type":"ReadAction","target":["https:\/\/thescrumacademy.com\/es\/sobre-la-academia\/"]}]},{"@type":"ImageObject","inLanguage":"es","@id":"https:\/\/thescrumacademy.com\/es\/sobre-la-academia\/#primaryimage","url":"https:\/\/thescrumacademy.com\/wp-content\/uploads\/2024\/04\/Scrum-Academy-Hero-about-academy.jpg","contentUrl":"https:\/\/thescrumacademy.com\/wp-content\/uploads\/2024\/04\/Scrum-Academy-Hero-about-academy.jpg","width":1280,"height":582,"caption":"The Scrum Academy usa marcos para resolver problemas del mundo real."},{"@type":"BreadcrumbList","@id":"https:\/\/thescrumacademy.com\/es\/sobre-la-academia\/#breadcrumb","itemListElement":[{"@type":"ListItem","position":1,"name":"Home","item":"https:\/\/thescrumacademy.com\/es\/"},{"@type":"ListItem","position":2,"name":"Sobre la Academia"}]},{"@type":"WebSite","@id":"https:\/\/thescrumacademy.com\/es\/#website","url":"https:\/\/thescrumacademy.com\/es\/","name":"The Scrum Academy","description":"Everyone anywhere can do better Scrum","potentialAction":[{"@type":"SearchAction","target":{"@type":"EntryPoint","urlTemplate":"https:\/\/thescrumacademy.com\/es\/?s={search_term_string}"},"query-input":{"@type":"PropertyValueSpecification","valueRequired":true,"valueName":"search_term_string"}}],"inLanguage":"es"}]}},"ticketed":false,"_links":{"self":[{"href":"https:\/\/thescrumacademy.com\/es\/wp-json\/wp\/v2\/pages\/6530","targetHints":{"allow":["GET"]}}],"collection":[{"href":"https:\/\/thescrumacademy.com\/es\/wp-json\/wp\/v2\/pages"}],"about":[{"href":"https:\/\/thescrumacademy.com\/es\/wp-json\/wp\/v2\/types\/page"}],"author":[{"embeddable":true,"href":"https:\/\/thescrumacademy.com\/es\/wp-json\/wp\/v2\/users\/4"}],"replies":[{"embeddable":true,"href":"https:\/\/thescrumacademy.com\/es\/wp-json\/wp\/v2\/comments?post=6530"}],"version-history":[{"count":0,"href":"https:\/\/thescrumacademy.com\/es\/wp-json\/wp\/v2\/pages\/6530\/revisions"}],"wp:featuredmedia":[{"embeddable":true,"href":"https:\/\/thescrumacademy.com\/es\/wp-json\/wp\/v2\/media\/6342"}],"wp:attachment":[{"href":"https:\/\/thescrumacademy.com\/es\/wp-json\/wp\/v2\/media?parent=6530"}],"curies":[{"name":"wp","href":"https:\/\/api.w.org\/{rel}","templated":true}]}}