{"id":6434,"date":"2024-04-15T21:14:08","date_gmt":"2024-04-15T20:14:08","guid":{"rendered":"https:\/\/thescrumacademy.com\/catorce-observaciones-para-la-practica-de-un-buen-scrum\/"},"modified":"2025-01-25T08:34:28","modified_gmt":"2025-01-25T08:34:28","slug":"catorce-observaciones-para-la-practica-de-un-buen-scrum","status":"publish","type":"page","link":"https:\/\/thescrumacademy.com\/es\/catorce-observaciones-para-la-practica-de-un-buen-scrum\/","title":{"rendered":"Catorce Observaciones para la Pr\u00e1ctica de un Buen Scrum"},"content":{"rendered":"<div class=\"fusion-fullwidth fullwidth-box fusion-builder-row-1 fusion-flex-container has-pattern-background has-mask-background nonhundred-percent-fullwidth non-hundred-percent-height-scrolling\" style=\"--awb-border-radius-top-left:0px;--awb-border-radius-top-right:0px;--awb-border-radius-bottom-right:0px;--awb-border-radius-bottom-left:0px;--awb-flex-wrap:wrap;\" ><div class=\"fusion-builder-row fusion-row fusion-flex-align-items-flex-start fusion-flex-content-wrap\" style=\"max-width:1144px;margin-left: calc(-4% \/ 2 );margin-right: calc(-4% \/ 2 );\"><div class=\"fusion-layout-column fusion_builder_column fusion-builder-column-0 fusion_builder_column_2_3 2_3 fusion-flex-column\" style=\"--awb-bg-size:cover;--awb-width-large:66.6666666667%;--awb-margin-top-large:0px;--awb-spacing-right-large:2.88%;--awb-margin-bottom-large:0px;--awb-spacing-left-large:2.88%;--awb-width-medium:66.6666666667%;--awb-order-medium:0;--awb-spacing-right-medium:2.88%;--awb-spacing-left-medium:2.88%;--awb-width-small:100%;--awb-order-small:0;--awb-spacing-right-small:1.92%;--awb-margin-bottom-small:20px;--awb-spacing-left-small:1.92%;\" data-scroll-devices=\"small-visibility,medium-visibility,large-visibility\"><div class=\"fusion-column-wrapper fusion-column-has-shadow fusion-flex-justify-content-flex-start fusion-content-layout-column\"><div class=\"fusion-text fusion-text-1\"><p>Mi libro es para aquellos practicantes Scrum que necesitan consejo concreto como iniciar, y sostener, un Equipo Scrum. He condensado m\u00e1s de veinte a\u00f1os de experiencia ayudando a equipos de software a aplicar Scrum y otras pr\u00e1cticas \u00c1giles en una gu\u00eda concisa que les permite hacer mejor Scrum.<\/p>\n<p>Este libro corto &#8211; un manual en realidad &#8211; se escribi\u00f3 despu\u00e9s de que hice la observaci\u00f3n que <a href=\"https:\/\/scrumguides.org\/index.html\" target=\"_blank\" rel=\"noopener\">La Gu\u00eda de Scrum<\/a> no se escribi\u00f3 para principiantes. Mientras que admiro que Scrum ha sido reducido a sus esenciales que puede ser aplicado a cualquier dominio, para muchos principiantes la falta de detalles en una gu\u00eda de doce p\u00e1ginas es un impedimento. <u>Catorce Observaciones para la Pr\u00e1ctica de un Buen Scrum<\/u> se dise\u00f1\u00f3 para ser tu compa\u00f1ero para ayudarte a conectar una descripci\u00f3n gen\u00e9rica de Scrum encontrada en la Gu\u00eda de Scrum con tus tareas de d\u00eda-a-d\u00eda.<\/p>\n<\/div><div class=\"fusion-builder-row fusion-builder-row-inner fusion-row fusion-flex-align-items-flex-start fusion-flex-content-wrap\" style=\"--awb-flex-grow:0;--awb-flex-grow-medium:0;--awb-flex-grow-small:0;--awb-flex-shrink:0;--awb-flex-shrink-medium:0;--awb-flex-shrink-small:0;width:104% !important;max-width:104% !important;margin-left: calc(-4% \/ 2 );margin-right: calc(-4% \/ 2 );\"><div class=\"fusion-layout-column fusion_builder_column_inner fusion-builder-nested-column-0 fusion_builder_column_inner_2_5 2_5 fusion-flex-column\" style=\"--awb-bg-size:cover;--awb-width-large:40%;--awb-margin-top-large:0px;--awb-spacing-right-large:4.8%;--awb-margin-bottom-large:0px;--awb-spacing-left-large:4.8%;--awb-width-medium:40%;--awb-order-medium:0;--awb-spacing-right-medium:4.8%;--awb-spacing-left-medium:4.8%;--awb-width-small:100%;--awb-order-small:0;--awb-spacing-right-small:1.92%;--awb-spacing-left-small:1.92%;\" data-scroll-devices=\"small-visibility,medium-visibility,large-visibility\"><div class=\"fusion-column-wrapper fusion-column-has-shadow fusion-flex-justify-content-flex-start fusion-content-layout-column\"><div ><a class=\"fusion-button button-flat fusion-button-default-size button-default fusion-button-default button-1 fusion-button-default-span fusion-button-default-type\" style=\"--button_margin-top:20px;\" target=\"_blank\" rel=\"noopener noreferrer\" href=\"https:\/\/www.amazon.com\/Catorce-Oberservaciones-Pr\u00e1ctica-Scrum-Spanish\/dp\/1469914360\"><i class=\"fa-amazon fab awb-button__icon awb-button__icon--default button-icon-left\" aria-hidden=\"true\"><\/i><span class=\"fusion-button-text awb-button__text awb-button__text--default\">Compra en Amazon<\/span><\/a><\/div><\/div><\/div><div class=\"fusion-layout-column fusion_builder_column_inner fusion-builder-nested-column-1 fusion_builder_column_inner_2_5 2_5 fusion-flex-column\" style=\"--awb-bg-size:cover;--awb-width-large:40%;--awb-margin-top-large:0px;--awb-spacing-right-large:4.8%;--awb-margin-bottom-large:0px;--awb-spacing-left-large:4.8%;--awb-width-medium:40%;--awb-order-medium:0;--awb-spacing-right-medium:4.8%;--awb-spacing-left-medium:4.8%;--awb-width-small:100%;--awb-order-small:0;--awb-spacing-right-small:1.92%;--awb-spacing-left-small:1.92%;\" data-scroll-devices=\"small-visibility,medium-visibility,large-visibility\"><div class=\"fusion-column-wrapper fusion-column-has-shadow fusion-flex-justify-content-flex-start fusion-content-layout-column\"><div ><a class=\"fusion-button button-flat fusion-button-default-size button-default fusion-button-default button-2 fusion-button-default-span fusion-button-default-type\" style=\"--button_margin-top:20px;\" target=\"_blank\" rel=\"noopener noreferrer\" href=\"#\" data-toggle=\"modal\" data-target=\".fusion-modal.ebook\"><i class=\"fa-download fas awb-button__icon awb-button__icon--default button-icon-left\" aria-hidden=\"true\"><\/i><span class=\"fusion-button-text awb-button__text awb-button__text--default\">Descarga el ebook<\/span><\/a><\/div><\/div><\/div><\/div><\/div><\/div><div class=\"fusion-layout-column fusion_builder_column fusion-builder-column-1 fusion_builder_column_1_3 1_3 fusion-flex-column\" style=\"--awb-bg-size:cover;--awb-width-large:33.3333333333%;--awb-margin-top-large:0px;--awb-spacing-right-large:5.76%;--awb-margin-bottom-large:0px;--awb-spacing-left-large:5.76%;--awb-width-medium:33.3333333333%;--awb-order-medium:0;--awb-spacing-right-medium:5.76%;--awb-spacing-left-medium:5.76%;--awb-width-small:100%;--awb-order-small:0;--awb-spacing-right-small:1.92%;--awb-spacing-left-small:1.92%;\" data-scroll-devices=\"small-visibility,medium-visibility,large-visibility\"><div class=\"fusion-column-wrapper fusion-column-has-shadow fusion-flex-justify-content-flex-start fusion-content-layout-column\"><div class=\"fusion-image-element \" style=\"text-align:center;--awb-margin-bottom-small:20px;--awb-caption-title-font-family:var(--h2_typography-font-family);--awb-caption-title-font-weight:var(--h2_typography-font-weight);--awb-caption-title-font-style:var(--h2_typography-font-style);--awb-caption-title-size:var(--h2_typography-font-size);--awb-caption-title-transform:var(--h2_typography-text-transform);--awb-caption-title-line-height:var(--h2_typography-line-height);--awb-caption-title-letter-spacing:var(--h2_typography-letter-spacing);\"><span class=\" fusion-imageframe imageframe-none imageframe-1 hover-type-none\"><img decoding=\"async\" width=\"400\" height=\"577\" alt=\"Catorce Observaciones para la Pr\u00e1ctica de un Buen Scrum\" title=\"CatorceCatorce Observaciones para la Pr\u00e1ctica de un Buen Scrum-Observaciones-para-la-Practica-de-un-Buen-Scrum\" src=\"https:\/\/thescrumacademy.com\/wp-content\/uploads\/2024\/06\/Catorce-Observaciones-para-la-Practica-de-un-Buen-Scrum.jpg\" data-orig-src=\"https:\/\/thescrumacademy.com\/wp-content\/uploads\/2024\/06\/Catorce-Observaciones-para-la-Practica-de-un-Buen-Scrum.jpg\" class=\"lazyload img-responsive wp-image-6534\" srcset=\"data:image\/svg+xml,%3Csvg%20xmlns%3D%27http%3A%2F%2Fwww.w3.org%2F2000%2Fsvg%27%20width%3D%27400%27%20height%3D%27577%27%20viewBox%3D%270%200%20400%20577%27%3E%3Crect%20width%3D%27400%27%20height%3D%27577%27%20fill-opacity%3D%220%22%2F%3E%3C%2Fsvg%3E\" data-srcset=\"https:\/\/thescrumacademy.com\/wp-content\/uploads\/2024\/06\/Catorce-Observaciones-para-la-Practica-de-un-Buen-Scrum-200x289.jpg 200w, https:\/\/thescrumacademy.com\/wp-content\/uploads\/2024\/06\/Catorce-Observaciones-para-la-Practica-de-un-Buen-Scrum.jpg 400w\" data-sizes=\"auto\" data-orig-sizes=\"(max-width: 640px) 100vw, 400px\" \/><\/span><\/div><\/div><\/div><div class=\"fusion-layout-column fusion_builder_column fusion-builder-column-2 fusion_builder_column_1_1 1_1 fusion-flex-column\" style=\"--awb-bg-size:cover;--awb-width-large:100%;--awb-margin-top-large:0px;--awb-spacing-right-large:1.92%;--awb-margin-bottom-large:20px;--awb-spacing-left-large:1.92%;--awb-width-medium:100%;--awb-order-medium:0;--awb-spacing-right-medium:1.92%;--awb-spacing-left-medium:1.92%;--awb-width-small:100%;--awb-order-small:0;--awb-spacing-right-small:1.92%;--awb-spacing-left-small:1.92%;\"><div class=\"fusion-column-wrapper fusion-column-has-shadow fusion-flex-justify-content-flex-start fusion-content-layout-column\"><div class=\"fusion-title title fusion-title-1 fusion-sep-none fusion-title-text fusion-title-size-two\" style=\"--awb-margin-top:0px;--awb-margin-top-small:10px;--awb-margin-right-small:0px;--awb-margin-bottom-small:10px;--awb-margin-left-small:0px;\"><h2 class=\"fusion-title-heading title-heading-left fusion-responsive-typography-calculated\" style=\"margin:0;--fontSize:36;line-height:var(--awb-typography1-line-height);\">\u00bfQu\u00e9 Hay Dentro?<\/h2><\/div><div class=\"fusion-text fusion-text-2\"><p>Lo que encontrar\u00e1s dentro de este libro es un comentario bien escrito sobre Scrum y su uso. Cada cap\u00edtulo se organiza alrededor de la gente, eventos, artefactos y compromisos de Scrum junto con comentario y consejo adicional para equipos que usan Scrum para desarrollar software.<\/p>\n<p>La segunda edici\u00f3n ha sido actualizada basado en informes como este consejo ha sido utilizado, preguntas de alumnos y mis observaciones de c\u00f3mo la pr\u00e1ctica de Scrum ha evolucionado con el paso de los a\u00f1os. Aqu\u00ed hay unos de los temas que encontrar\u00e1s dentro de este libro:<\/p>\n<ul>\n<li aria-level=\"1\">Presentaci\u00f3n al Esp\u00edritu de Scrum, los valores y principios de Scrum.<\/li>\n<li aria-level=\"1\">Listas detalladas de las responsabilidades de cada miembro de Equipo Scrum, incluyendo las partes interesadas.<\/li>\n<li aria-level=\"1\">Descripciones de cada evento de Scrum, junto con los resultados previstos y los pasos para lograr estos resultados.<\/li>\n<li aria-level=\"1\">Explicaciones como utilizar herramientas comunes, como gr\u00e1ficos de burndown y las pizarras de tareas.<\/li>\n<li aria-level=\"1\">Un glosario de t\u00e9rminos comunes utilizados por Equipos Scrum.<\/li>\n<\/ul>\n<\/div><div class=\"fusion-modal modal fade modal-1 ebook\" tabindex=\"-1\" role=\"dialog\" aria-labelledby=\"modal-heading-1\" aria-hidden=\"true\" style=\"--awb-border-color:var(--awb-color5);--awb-background:var(--awb-color1);\"><div class=\"modal-dialog modal-lg\" role=\"document\"><div class=\"modal-content fusion-modal-content\"><div class=\"modal-header\"><button class=\"close\" type=\"button\" data-dismiss=\"modal\" aria-hidden=\"true\" aria-label=\"Close\">&times;<\/button><h3 class=\"modal-title\" id=\"modal-heading-1\" data-dismiss=\"modal\" aria-hidden=\"true\">Descarga el ebook<\/h3><\/div><div class=\"modal-body fusion-clearfix\">\n<div class=\"pipedriveWebForms\" data-pd-webforms=\"https:\/\/webforms.pipedrive.com\/f\/6iEeiRxUeBrI89W10ypmg0u86qrRKpwsFugk4ojw6kyXuf3XGMAornZijFzu4PD9Av\"><script src=\"https:\/\/webforms.pipedrive.com\/f\/loader\"><\/script><\/div>\n<\/div><\/div><\/div><\/div><\/div><\/div><\/div><\/div>\n","protected":false},"excerpt":{"rendered":"","protected":false},"author":4,"featured_media":0,"parent":0,"menu_order":0,"comment_status":"closed","ping_status":"closed","template":"100-width.php","meta":{"_monsterinsights_skip_tracking":false,"_monsterinsights_sitenote_active":false,"_monsterinsights_sitenote_note":"","_monsterinsights_sitenote_category":0,"_price":"","_stock":"","_tribe_ticket_header":"","_tribe_default_ticket_provider":"TEC\\Tickets\\Commerce\\Module","_tribe_ticket_capacity":"0","_ticket_start_date":"","_ticket_end_date":"","_tribe_ticket_show_description":"","_tribe_ticket_show_not_going":false,"_tribe_ticket_use_global_stock":"","_tribe_ticket_global_stock_level":"","_global_stock_mode":"","_global_stock_cap":"","_tribe_rsvp_for_event":"","_tribe_ticket_going_count":"","_tribe_ticket_not_going_count":"","_tribe_tickets_list":"[]","_tribe_ticket_has_attendee_info_fields":false,"footnotes":"","_tec_slr_enabled":"","_tec_slr_layout":""},"class_list":["post-6434","page","type-page","status-publish","hentry"],"yoast_head":"<!-- This site is optimized with the Yoast SEO plugin v27.1.1 - https:\/\/yoast.com\/product\/yoast-seo-wordpress\/ -->\n<title>Catorce Observaciones para la Pr\u00e1ctica de un Buen Scrum - The Scrum Academy<\/title>\n<meta name=\"robots\" content=\"index, follow, max-snippet:-1, max-image-preview:large, max-video-preview:-1\" \/>\n<link rel=\"canonical\" href=\"https:\/\/thescrumacademy.com\/es\/catorce-observaciones-para-la-practica-de-un-buen-scrum\/\" \/>\n<meta property=\"og:locale\" content=\"es_ES\" \/>\n<meta property=\"og:type\" content=\"article\" \/>\n<meta property=\"og:title\" content=\"Catorce Observaciones para la Pr\u00e1ctica de un Buen Scrum - The Scrum Academy\" \/>\n<meta property=\"og:url\" content=\"https:\/\/thescrumacademy.com\/es\/catorce-observaciones-para-la-practica-de-un-buen-scrum\/\" \/>\n<meta property=\"og:site_name\" content=\"The Scrum Academy\" \/>\n<meta property=\"article:modified_time\" content=\"2025-01-25T08:34:28+00:00\" \/>\n<meta name=\"twitter:card\" content=\"summary_large_image\" \/>\n<meta name=\"twitter:label1\" content=\"Tiempo de lectura\" \/>\n\t<meta name=\"twitter:data1\" content=\"2 minutos\" \/>\n<script type=\"application\/ld+json\" class=\"yoast-schema-graph\">{\"@context\":\"https:\/\/schema.org\",\"@graph\":[{\"@type\":\"WebPage\",\"@id\":\"https:\/\/thescrumacademy.com\/es\/catorce-observaciones-para-la-practica-de-un-buen-scrum\/\",\"url\":\"https:\/\/thescrumacademy.com\/es\/catorce-observaciones-para-la-practica-de-un-buen-scrum\/\",\"name\":\"Catorce Observaciones para la Pr\u00e1ctica de un Buen Scrum - The Scrum Academy\",\"isPartOf\":{\"@id\":\"https:\/\/thescrumacademy.com\/es\/#website\"},\"datePublished\":\"2024-04-15T20:14:08+00:00\",\"dateModified\":\"2025-01-25T08:34:28+00:00\",\"breadcrumb\":{\"@id\":\"https:\/\/thescrumacademy.com\/es\/catorce-observaciones-para-la-practica-de-un-buen-scrum\/#breadcrumb\"},\"inLanguage\":\"es\",\"potentialAction\":[{\"@type\":\"ReadAction\",\"target\":[\"https:\/\/thescrumacademy.com\/es\/catorce-observaciones-para-la-practica-de-un-buen-scrum\/\"]}]},{\"@type\":\"BreadcrumbList\",\"@id\":\"https:\/\/thescrumacademy.com\/es\/catorce-observaciones-para-la-practica-de-un-buen-scrum\/#breadcrumb\",\"itemListElement\":[{\"@type\":\"ListItem\",\"position\":1,\"name\":\"Home\",\"item\":\"https:\/\/thescrumacademy.com\/es\/\"},{\"@type\":\"ListItem\",\"position\":2,\"name\":\"Catorce Observaciones para la Pr\u00e1ctica de un Buen Scrum\"}]},{\"@type\":\"WebSite\",\"@id\":\"https:\/\/thescrumacademy.com\/es\/#website\",\"url\":\"https:\/\/thescrumacademy.com\/es\/\",\"name\":\"The Scrum Academy\",\"description\":\"Everyone anywhere can do better Scrum\",\"potentialAction\":[{\"@type\":\"SearchAction\",\"target\":{\"@type\":\"EntryPoint\",\"urlTemplate\":\"https:\/\/thescrumacademy.com\/es\/?s={search_term_string}\"},\"query-input\":{\"@type\":\"PropertyValueSpecification\",\"valueRequired\":true,\"valueName\":\"search_term_string\"}}],\"inLanguage\":\"es\"}]}<\/script>\n<!-- \/ Yoast SEO plugin. -->","yoast_head_json":{"title":"Catorce Observaciones para la Pr\u00e1ctica de un Buen Scrum - The Scrum Academy","robots":{"index":"index","follow":"follow","max-snippet":"max-snippet:-1","max-image-preview":"max-image-preview:large","max-video-preview":"max-video-preview:-1"},"canonical":"https:\/\/thescrumacademy.com\/es\/catorce-observaciones-para-la-practica-de-un-buen-scrum\/","og_locale":"es_ES","og_type":"article","og_title":"Catorce Observaciones para la Pr\u00e1ctica de un Buen Scrum - The Scrum Academy","og_url":"https:\/\/thescrumacademy.com\/es\/catorce-observaciones-para-la-practica-de-un-buen-scrum\/","og_site_name":"The Scrum Academy","article_modified_time":"2025-01-25T08:34:28+00:00","twitter_card":"summary_large_image","twitter_misc":{"Tiempo de lectura":"2 minutos"},"schema":{"@context":"https:\/\/schema.org","@graph":[{"@type":"WebPage","@id":"https:\/\/thescrumacademy.com\/es\/catorce-observaciones-para-la-practica-de-un-buen-scrum\/","url":"https:\/\/thescrumacademy.com\/es\/catorce-observaciones-para-la-practica-de-un-buen-scrum\/","name":"Catorce Observaciones para la Pr\u00e1ctica de un Buen Scrum - The Scrum Academy","isPartOf":{"@id":"https:\/\/thescrumacademy.com\/es\/#website"},"datePublished":"2024-04-15T20:14:08+00:00","dateModified":"2025-01-25T08:34:28+00:00","breadcrumb":{"@id":"https:\/\/thescrumacademy.com\/es\/catorce-observaciones-para-la-practica-de-un-buen-scrum\/#breadcrumb"},"inLanguage":"es","potentialAction":[{"@type":"ReadAction","target":["https:\/\/thescrumacademy.com\/es\/catorce-observaciones-para-la-practica-de-un-buen-scrum\/"]}]},{"@type":"BreadcrumbList","@id":"https:\/\/thescrumacademy.com\/es\/catorce-observaciones-para-la-practica-de-un-buen-scrum\/#breadcrumb","itemListElement":[{"@type":"ListItem","position":1,"name":"Home","item":"https:\/\/thescrumacademy.com\/es\/"},{"@type":"ListItem","position":2,"name":"Catorce Observaciones para la Pr\u00e1ctica de un Buen Scrum"}]},{"@type":"WebSite","@id":"https:\/\/thescrumacademy.com\/es\/#website","url":"https:\/\/thescrumacademy.com\/es\/","name":"The Scrum Academy","description":"Everyone anywhere can do better Scrum","potentialAction":[{"@type":"SearchAction","target":{"@type":"EntryPoint","urlTemplate":"https:\/\/thescrumacademy.com\/es\/?s={search_term_string}"},"query-input":{"@type":"PropertyValueSpecification","valueRequired":true,"valueName":"search_term_string"}}],"inLanguage":"es"}]}},"ticketed":false,"_links":{"self":[{"href":"https:\/\/thescrumacademy.com\/es\/wp-json\/wp\/v2\/pages\/6434","targetHints":{"allow":["GET"]}}],"collection":[{"href":"https:\/\/thescrumacademy.com\/es\/wp-json\/wp\/v2\/pages"}],"about":[{"href":"https:\/\/thescrumacademy.com\/es\/wp-json\/wp\/v2\/types\/page"}],"author":[{"embeddable":true,"href":"https:\/\/thescrumacademy.com\/es\/wp-json\/wp\/v2\/users\/4"}],"replies":[{"embeddable":true,"href":"https:\/\/thescrumacademy.com\/es\/wp-json\/wp\/v2\/comments?post=6434"}],"version-history":[{"count":0,"href":"https:\/\/thescrumacademy.com\/es\/wp-json\/wp\/v2\/pages\/6434\/revisions"}],"wp:attachment":[{"href":"https:\/\/thescrumacademy.com\/es\/wp-json\/wp\/v2\/media?parent=6434"}],"curies":[{"name":"wp","href":"https:\/\/api.w.org\/{rel}","templated":true}]}}