{"id":6433,"date":"2024-04-15T18:52:47","date_gmt":"2024-04-15T17:52:47","guid":{"rendered":"https:\/\/thescrumacademy.com\/sobre-carlton-nettleton\/"},"modified":"2024-05-21T04:00:08","modified_gmt":"2024-05-21T03:00:08","slug":"sobre-carlton-nettleton","status":"publish","type":"page","link":"https:\/\/thescrumacademy.com\/es\/sobre-carlton-nettleton\/","title":{"rendered":"Sobre Carlton Nettleton"},"content":{"rendered":"<div class=\"fusion-fullwidth fullwidth-box fusion-builder-row-1 fusion-flex-container has-pattern-background has-mask-background nonhundred-percent-fullwidth non-hundred-percent-height-scrolling\" style=\"--awb-border-radius-top-left:0px;--awb-border-radius-top-right:0px;--awb-border-radius-bottom-right:0px;--awb-border-radius-bottom-left:0px;--awb-flex-wrap:wrap;\" ><div class=\"fusion-builder-row fusion-row fusion-flex-align-items-flex-start fusion-flex-content-wrap\" style=\"max-width:1144px;margin-left: calc(-4% \/ 2 );margin-right: calc(-4% \/ 2 );\"><div class=\"fusion-layout-column fusion_builder_column fusion-builder-column-0 fusion_builder_column_2_3 2_3 fusion-flex-column\" style=\"--awb-bg-size:cover;--awb-width-large:66.6666666667%;--awb-margin-top-large:0px;--awb-spacing-right-large:2.88%;--awb-margin-bottom-large:20px;--awb-spacing-left-large:2.88%;--awb-width-medium:66.6666666667%;--awb-order-medium:0;--awb-spacing-right-medium:2.88%;--awb-spacing-left-medium:2.88%;--awb-width-small:100%;--awb-order-small:0;--awb-spacing-right-small:1.92%;--awb-spacing-left-small:1.92%;\"><div class=\"fusion-column-wrapper fusion-column-has-shadow fusion-flex-justify-content-flex-start fusion-content-layout-column\"><div class=\"fusion-text fusion-text-1\"><h2 class=\"fusion-responsive-typography-calculated\" style=\"--fontsize: 36; line-height: 1.2;\" data-fontsize=\"36\" data-lineheight=\"43.2px\">\u00bfQui\u00e9n es Carlton?<\/h2>\n<p>Carlton Nettleton es el presidente de The Scrum Academy, un proveedor l\u00edder mundial de formaciones presenciales y a pedido mejorando el rendimiento de equipos \u00c1giles. Tiene veinticinco a\u00f1os de experiencia con Scrum y otras pr\u00e1cticas \u00c1giles y es un experto en el dise\u00f1o y la entrega de formaciones \u00c1giles para negocios de todo tama\u00f1o. <\/p>\n<p>Con el paso de los a\u00f1os, Carlton ha avanzado por roles profesionales m\u00faltiples: programador, Scrum Master, gerente de producto, Certified Scrum Trainer\u00ae, designador educativo para aulas presenciales y a pedido y consultor para varias compa\u00f1\u00edas. Esta historia laboral diversa le da la capacidad para conectar a la gente con formaciones y roles diferentes, ofreciendo ejemplos interesantes y reales y hacer preguntas que tienen sentido y son perspicaces. <\/p>\n<p>Sobre todo, descubrir\u00e1s que Carlton es emp\u00e1tico a los retos que afrontan los negocios que est\u00e1n adoptando Scrum y otras pr\u00e1cticas \u00c1giles. Carlton tiene cinco a\u00f1os de experiencia como l\u00edder ejecutivo. Esto significa que ha visto el impacto de una adopci\u00f3n \u00c1gil desde perspectivas m\u00faltiples. Como resultado, su experiencia le permite ser atento, comprensivo y pragm\u00e1tico cuando da consejos a los equipos y organizaciones de c\u00f3mo adoptar y utilizar Scrum y \u00c1gil.   <\/p>\n<p>Como l\u00edder de pensamiento en las comunidades de Scrum, pr\u00e1cticas \u00c1giles y gesti\u00f3n de productos, ha dado ponentes a m\u00e1s de sesenta eventos alrededor del mundo. Ha escrito sobre Scrum y otras pr\u00e1cticas \u00c1giles desde 2008. Esto incluye un libro corto sobre Scrum, <a href=\"https:\/\/thescrumacademy.com\/es\/catorce-observaciones-para-la-practica-de-un-buen-scrum\/\">Catorce Observaciones para la Pr\u00e1ctica de un Buen Scrum<\/a>, que ayuda a que los Equipos Scrum superen los obst\u00e1culos comunes de alto rendimiento.   Habla tres idiomas (ingl\u00e9s, castellano y portugues) y vive en Portugal con su familia y un Boston Terrier que se llama Bruno.<\/p>\n<\/div><\/div><\/div><div class=\"fusion-layout-column fusion_builder_column fusion-builder-column-1 fusion_builder_column_1_3 1_3 fusion-flex-column\" style=\"--awb-bg-size:cover;--awb-width-large:33.3333333333%;--awb-margin-top-large:0px;--awb-spacing-right-large:5.76%;--awb-margin-bottom-large:20px;--awb-spacing-left-large:5.76%;--awb-width-medium:33.3333333333%;--awb-order-medium:0;--awb-spacing-right-medium:5.76%;--awb-spacing-left-medium:5.76%;--awb-width-small:100%;--awb-order-small:0;--awb-spacing-right-small:1.92%;--awb-spacing-left-small:1.92%;\"><div class=\"fusion-column-wrapper fusion-column-has-shadow fusion-flex-justify-content-flex-start fusion-content-layout-column\"><div class=\"fusion-image-element \" style=\"--awb-caption-title-font-family:var(--h2_typography-font-family);--awb-caption-title-font-weight:var(--h2_typography-font-weight);--awb-caption-title-font-style:var(--h2_typography-font-style);--awb-caption-title-size:var(--h2_typography-font-size);--awb-caption-title-transform:var(--h2_typography-text-transform);--awb-caption-title-line-height:var(--h2_typography-line-height);--awb-caption-title-letter-spacing:var(--h2_typography-letter-spacing);\"><span class=\" fusion-imageframe imageframe-none imageframe-1 hover-type-none\"><img decoding=\"async\" width=\"400\" height=\"533\" title=\"Scrum-Academy-Carlton-Nettleton-About\" src=\"https:\/\/thescrumacademy.com\/wp-content\/uploads\/2024\/04\/Scrum-Academy-Carlton-Nettleton-About.jpg\" data-orig-src=\"https:\/\/thescrumacademy.com\/wp-content\/uploads\/2024\/04\/Scrum-Academy-Carlton-Nettleton-About.jpg\" alt class=\"lazyload img-responsive wp-image-6360\" srcset=\"data:image\/svg+xml,%3Csvg%20xmlns%3D%27http%3A%2F%2Fwww.w3.org%2F2000%2Fsvg%27%20width%3D%27400%27%20height%3D%27533%27%20viewBox%3D%270%200%20400%20533%27%3E%3Crect%20width%3D%27400%27%20height%3D%27533%27%20fill-opacity%3D%220%22%2F%3E%3C%2Fsvg%3E\" data-srcset=\"https:\/\/thescrumacademy.com\/wp-content\/uploads\/2024\/04\/Scrum-Academy-Carlton-Nettleton-About-200x267.jpg 200w, https:\/\/thescrumacademy.com\/wp-content\/uploads\/2024\/04\/Scrum-Academy-Carlton-Nettleton-About.jpg 400w\" data-sizes=\"auto\" data-orig-sizes=\"(max-width: 640px) 100vw, 400px\" \/><\/span><\/div><\/div><\/div><div class=\"fusion-layout-column fusion_builder_column fusion-builder-column-2 fusion_builder_column_1_1 1_1 fusion-flex-column\" style=\"--awb-bg-size:cover;--awb-width-large:100%;--awb-margin-top-large:0px;--awb-spacing-right-large:1.92%;--awb-margin-bottom-large:20px;--awb-spacing-left-large:1.92%;--awb-width-medium:100%;--awb-order-medium:0;--awb-spacing-right-medium:1.92%;--awb-spacing-left-medium:1.92%;--awb-width-small:100%;--awb-order-small:0;--awb-spacing-right-small:1.92%;--awb-spacing-left-small:1.92%;\"><div class=\"fusion-column-wrapper fusion-column-has-shadow fusion-flex-justify-content-flex-start fusion-content-layout-column\"><div class=\"fusion-text fusion-text-2\"><h2 class=\"fusion-responsive-typography-calculated\" style=\"--fontsize: 36; line-height: 1.2;\" data-fontsize=\"36\" data-lineheight=\"43.2px\">\u00bfCu\u00e1les son los logros de Carlton?<\/h2>\n<ul>\n<li aria-level=\"1\">20+ a\u00f1os de experiencia con Scrum y \u00c1gil. En el transcurso de su carrera, Carlton ha sido un programador, Scrum Master, gerente de producto, Certified Scrum Trainer\u00ae y consultor. <\/li>\n<li aria-level=\"1\">Dise\u00f1\u00f3 los programas de educaci\u00f3n continua para Certified ScrumMasters\u00ae (CSM) and Certified Scrum Product Owners\u00ae (CSPO) para el Scrum Alliance\u00ae. Si has tomado un curso de CSM o CSPO, ha visto el trabajo de Carlton. <\/li>\n<li aria-level=\"1\">Desarroll\u00f3 el primer programa de certificaci\u00f3n online y a pedido para practicantes avanzados de CSM y CSPO. M\u00e1s de 1.400 estudiantes de m\u00e1s de treinta y cinco pa\u00edses han participado en este programa. <\/li>\n<li aria-level=\"1\">Cinco a\u00f1os como SVP de Producto en Applied Frameworks, una consultor\u00eda americana de gerencia. Carlton ayud\u00f3 a escalar la empresa de cinco a veinte empleados y lanz\u00f3 m\u00faltiples productos exitosos. <\/li>\n<li aria-level=\"1\">Autor de <a href=\"https:\/\/thescrumacademy.com\/es\/catorce-observaciones-para-la-practica-de-un-buen-scrum\/\">Catorce Observaciones para la Pr\u00e1ctica de un Buen Scrum<\/a>, un libro corto sobre c\u00f3mo implementar con \u00e9xito Scrum dentro de un equipo y ha sido traducido al castellano.<\/li>\n<li aria-level=\"1\">Ense\u00f1\u00f3 5.000+ profesionales en el uso efectivo de Scrum y otras pr\u00e1cticas \u00c1giles y m\u00e1s de 500 gerentes de producto de empresa c\u00f3mo construir productos rentables.<\/li>\n<li aria-level=\"1\">Carlton ha visitado m\u00e1s de veinticuatro pa\u00edses en cinco continentes, utilizando su ingl\u00e9s, castellano y portugues.<\/li>\n<\/ul>\n<\/div><\/div><\/div><\/div><\/div>\n","protected":false},"excerpt":{"rendered":"","protected":false},"author":4,"featured_media":0,"parent":0,"menu_order":0,"comment_status":"closed","ping_status":"closed","template":"100-width.php","meta":{"_monsterinsights_skip_tracking":false,"_monsterinsights_sitenote_active":false,"_monsterinsights_sitenote_note":"","_monsterinsights_sitenote_category":0,"_price":"","_stock":"","_tribe_ticket_header":"","_tribe_default_ticket_provider":"","_tribe_ticket_capacity":"0","_ticket_start_date":"","_ticket_end_date":"","_tribe_ticket_show_description":"","_tribe_ticket_show_not_going":false,"_tribe_ticket_use_global_stock":"","_tribe_ticket_global_stock_level":"","_global_stock_mode":"","_global_stock_cap":"","_tribe_rsvp_for_event":"","_tribe_ticket_going_count":"","_tribe_ticket_not_going_count":"","_tribe_tickets_list":"[]","_tribe_ticket_has_attendee_info_fields":false,"footnotes":"","_tec_slr_enabled":"","_tec_slr_layout":""},"class_list":["post-6433","page","type-page","status-publish","hentry"],"yoast_head":"<!-- This site is optimized with the Yoast SEO plugin v27.1.1 - https:\/\/yoast.com\/product\/yoast-seo-wordpress\/ -->\n<title>Sobre Carlton Nettleton - The Scrum Academy<\/title>\n<meta name=\"robots\" content=\"index, follow, max-snippet:-1, max-image-preview:large, max-video-preview:-1\" \/>\n<link rel=\"canonical\" href=\"https:\/\/thescrumacademy.com\/es\/sobre-carlton-nettleton\/\" \/>\n<meta property=\"og:locale\" content=\"es_ES\" \/>\n<meta property=\"og:type\" content=\"article\" \/>\n<meta property=\"og:title\" content=\"Sobre Carlton Nettleton - The Scrum Academy\" \/>\n<meta property=\"og:url\" content=\"https:\/\/thescrumacademy.com\/es\/sobre-carlton-nettleton\/\" \/>\n<meta property=\"og:site_name\" content=\"The Scrum Academy\" \/>\n<meta property=\"article:modified_time\" content=\"2024-05-21T03:00:08+00:00\" \/>\n<meta name=\"twitter:card\" content=\"summary_large_image\" \/>\n<meta name=\"twitter:label1\" content=\"Tiempo de lectura\" \/>\n\t<meta name=\"twitter:data1\" content=\"12 minutos\" \/>\n<script type=\"application\/ld+json\" class=\"yoast-schema-graph\">{\"@context\":\"https:\/\/schema.org\",\"@graph\":[{\"@type\":\"WebPage\",\"@id\":\"https:\/\/thescrumacademy.com\/es\/sobre-carlton-nettleton\/\",\"url\":\"https:\/\/thescrumacademy.com\/es\/sobre-carlton-nettleton\/\",\"name\":\"Sobre Carlton Nettleton - The Scrum Academy\",\"isPartOf\":{\"@id\":\"https:\/\/thescrumacademy.com\/es\/#website\"},\"datePublished\":\"2024-04-15T17:52:47+00:00\",\"dateModified\":\"2024-05-21T03:00:08+00:00\",\"breadcrumb\":{\"@id\":\"https:\/\/thescrumacademy.com\/es\/sobre-carlton-nettleton\/#breadcrumb\"},\"inLanguage\":\"es\",\"potentialAction\":[{\"@type\":\"ReadAction\",\"target\":[\"https:\/\/thescrumacademy.com\/es\/sobre-carlton-nettleton\/\"]}]},{\"@type\":\"BreadcrumbList\",\"@id\":\"https:\/\/thescrumacademy.com\/es\/sobre-carlton-nettleton\/#breadcrumb\",\"itemListElement\":[{\"@type\":\"ListItem\",\"position\":1,\"name\":\"Home\",\"item\":\"https:\/\/thescrumacademy.com\/es\/\"},{\"@type\":\"ListItem\",\"position\":2,\"name\":\"Sobre Carlton Nettleton\"}]},{\"@type\":\"WebSite\",\"@id\":\"https:\/\/thescrumacademy.com\/es\/#website\",\"url\":\"https:\/\/thescrumacademy.com\/es\/\",\"name\":\"The Scrum Academy\",\"description\":\"Everyone anywhere can do better Scrum\",\"potentialAction\":[{\"@type\":\"SearchAction\",\"target\":{\"@type\":\"EntryPoint\",\"urlTemplate\":\"https:\/\/thescrumacademy.com\/es\/?s={search_term_string}\"},\"query-input\":{\"@type\":\"PropertyValueSpecification\",\"valueRequired\":true,\"valueName\":\"search_term_string\"}}],\"inLanguage\":\"es\"}]}<\/script>\n<!-- \/ Yoast SEO plugin. -->","yoast_head_json":{"title":"Sobre Carlton Nettleton - The Scrum Academy","robots":{"index":"index","follow":"follow","max-snippet":"max-snippet:-1","max-image-preview":"max-image-preview:large","max-video-preview":"max-video-preview:-1"},"canonical":"https:\/\/thescrumacademy.com\/es\/sobre-carlton-nettleton\/","og_locale":"es_ES","og_type":"article","og_title":"Sobre Carlton Nettleton - The Scrum Academy","og_url":"https:\/\/thescrumacademy.com\/es\/sobre-carlton-nettleton\/","og_site_name":"The Scrum Academy","article_modified_time":"2024-05-21T03:00:08+00:00","twitter_card":"summary_large_image","twitter_misc":{"Tiempo de lectura":"12 minutos"},"schema":{"@context":"https:\/\/schema.org","@graph":[{"@type":"WebPage","@id":"https:\/\/thescrumacademy.com\/es\/sobre-carlton-nettleton\/","url":"https:\/\/thescrumacademy.com\/es\/sobre-carlton-nettleton\/","name":"Sobre Carlton Nettleton - The Scrum Academy","isPartOf":{"@id":"https:\/\/thescrumacademy.com\/es\/#website"},"datePublished":"2024-04-15T17:52:47+00:00","dateModified":"2024-05-21T03:00:08+00:00","breadcrumb":{"@id":"https:\/\/thescrumacademy.com\/es\/sobre-carlton-nettleton\/#breadcrumb"},"inLanguage":"es","potentialAction":[{"@type":"ReadAction","target":["https:\/\/thescrumacademy.com\/es\/sobre-carlton-nettleton\/"]}]},{"@type":"BreadcrumbList","@id":"https:\/\/thescrumacademy.com\/es\/sobre-carlton-nettleton\/#breadcrumb","itemListElement":[{"@type":"ListItem","position":1,"name":"Home","item":"https:\/\/thescrumacademy.com\/es\/"},{"@type":"ListItem","position":2,"name":"Sobre Carlton Nettleton"}]},{"@type":"WebSite","@id":"https:\/\/thescrumacademy.com\/es\/#website","url":"https:\/\/thescrumacademy.com\/es\/","name":"The Scrum Academy","description":"Everyone anywhere can do better Scrum","potentialAction":[{"@type":"SearchAction","target":{"@type":"EntryPoint","urlTemplate":"https:\/\/thescrumacademy.com\/es\/?s={search_term_string}"},"query-input":{"@type":"PropertyValueSpecification","valueRequired":true,"valueName":"search_term_string"}}],"inLanguage":"es"}]}},"ticketed":false,"_links":{"self":[{"href":"https:\/\/thescrumacademy.com\/es\/wp-json\/wp\/v2\/pages\/6433","targetHints":{"allow":["GET"]}}],"collection":[{"href":"https:\/\/thescrumacademy.com\/es\/wp-json\/wp\/v2\/pages"}],"about":[{"href":"https:\/\/thescrumacademy.com\/es\/wp-json\/wp\/v2\/types\/page"}],"author":[{"embeddable":true,"href":"https:\/\/thescrumacademy.com\/es\/wp-json\/wp\/v2\/users\/4"}],"replies":[{"embeddable":true,"href":"https:\/\/thescrumacademy.com\/es\/wp-json\/wp\/v2\/comments?post=6433"}],"version-history":[{"count":0,"href":"https:\/\/thescrumacademy.com\/es\/wp-json\/wp\/v2\/pages\/6433\/revisions"}],"wp:attachment":[{"href":"https:\/\/thescrumacademy.com\/es\/wp-json\/wp\/v2\/media?parent=6433"}],"curies":[{"name":"wp","href":"https:\/\/api.w.org\/{rel}","templated":true}]}}