{"id":6432,"date":"2024-04-15T18:18:16","date_gmt":"2024-04-15T17:18:16","guid":{"rendered":"https:\/\/thescrumacademy.com\/conoce-al-equipo-de-scrum-academy\/"},"modified":"2025-02-14T15:21:48","modified_gmt":"2025-02-14T15:21:48","slug":"conoce-al-equipo-de-scrum-academy","status":"publish","type":"page","link":"https:\/\/thescrumacademy.com\/es\/conoce-al-equipo-de-scrum-academy\/","title":{"rendered":"Conoce al equipo de Scrum Academy"},"content":{"rendered":"<p><div class=\"fusion-fullwidth fullwidth-box fusion-builder-row-1 fusion-flex-container has-pattern-background has-mask-background nonhundred-percent-fullwidth non-hundred-percent-height-scrolling\" style=\"--awb-border-radius-top-left:0px;--awb-border-radius-top-right:0px;--awb-border-radius-bottom-right:0px;--awb-border-radius-bottom-left:0px;--awb-margin-top:40px;--awb-flex-wrap:wrap;\" ><div class=\"fusion-builder-row fusion-row fusion-flex-align-items-center fusion-flex-content-wrap\" style=\"max-width:1144px;margin-left: calc(-4% \/ 2 );margin-right: calc(-4% \/ 2 );\"><div class=\"fusion-layout-column fusion_builder_column fusion-builder-column-0 fusion_builder_column_1_3 1_3 fusion-flex-column\" style=\"--awb-bg-size:cover;--awb-width-large:33.3333333333%;--awb-margin-top-large:0px;--awb-spacing-right-large:5.76%;--awb-margin-bottom-large:20px;--awb-spacing-left-large:5.76%;--awb-width-medium:33.3333333333%;--awb-order-medium:0;--awb-spacing-right-medium:5.76%;--awb-spacing-left-medium:5.76%;--awb-width-small:100%;--awb-order-small:0;--awb-spacing-right-small:1.92%;--awb-spacing-left-small:1.92%;\"><div class=\"fusion-column-wrapper fusion-column-has-shadow fusion-flex-justify-content-flex-start fusion-content-layout-column\"><div class=\"fusion-image-element \" style=\"text-align:center;--awb-margin-bottom:20px;--awb-max-width:300px;--awb-caption-title-font-family:var(--h2_typography-font-family);--awb-caption-title-font-weight:var(--h2_typography-font-weight);--awb-caption-title-font-style:var(--h2_typography-font-style);--awb-caption-title-size:var(--h2_typography-font-size);--awb-caption-title-transform:var(--h2_typography-text-transform);--awb-caption-title-line-height:var(--h2_typography-line-height);--awb-caption-title-letter-spacing:var(--h2_typography-letter-spacing);\"><span class=\" fusion-imageframe imageframe-none imageframe-1 hover-type-none\" style=\"border-radius:20px;\"><img decoding=\"async\" width=\"400\" height=\"533\" title=\"Scrum-Academy-Carlton-Nettleton\" src=\"https:\/\/thescrumacademy.com\/wp-content\/uploads\/2024\/04\/Scrum-Academy-Carlton-Nettleton.jpg\" data-orig-src=\"https:\/\/thescrumacademy.com\/wp-content\/uploads\/2024\/04\/Scrum-Academy-Carlton-Nettleton.jpg\" alt class=\"lazyload img-responsive wp-image-6344\" srcset=\"data:image\/svg+xml,%3Csvg%20xmlns%3D%27http%3A%2F%2Fwww.w3.org%2F2000%2Fsvg%27%20width%3D%27400%27%20height%3D%27533%27%20viewBox%3D%270%200%20400%20533%27%3E%3Crect%20width%3D%27400%27%20height%3D%27533%27%20fill-opacity%3D%220%22%2F%3E%3C%2Fsvg%3E\" data-srcset=\"https:\/\/thescrumacademy.com\/wp-content\/uploads\/2024\/04\/Scrum-Academy-Carlton-Nettleton-200x267.jpg 200w, https:\/\/thescrumacademy.com\/wp-content\/uploads\/2024\/04\/Scrum-Academy-Carlton-Nettleton.jpg 400w\" data-sizes=\"auto\" data-orig-sizes=\"(max-width: 640px) 100vw, 400px\" \/><\/span><\/div><\/div><\/div><div class=\"fusion-layout-column fusion_builder_column fusion-builder-column-1 fusion_builder_column_2_3 2_3 fusion-flex-column\" style=\"--awb-bg-size:cover;--awb-width-large:66.6666666667%;--awb-margin-top-large:0px;--awb-spacing-right-large:2.88%;--awb-margin-bottom-large:20px;--awb-spacing-left-large:2.88%;--awb-width-medium:66.6666666667%;--awb-order-medium:0;--awb-spacing-right-medium:2.88%;--awb-spacing-left-medium:2.88%;--awb-width-small:100%;--awb-order-small:0;--awb-spacing-right-small:1.92%;--awb-spacing-left-small:1.92%;\"><div class=\"fusion-column-wrapper fusion-column-has-shadow fusion-flex-justify-content-flex-start fusion-content-layout-column\"><div class=\"fusion-title title fusion-title-1 fusion-sep-none fusion-title-text fusion-title-size-two\" style=\"--awb-margin-top-small:10px;--awb-margin-right-small:0px;--awb-margin-bottom-small:10px;--awb-margin-left-small:0px;\"><h2 class=\"fusion-title-heading title-heading-left fusion-responsive-typography-calculated\" style=\"margin:0;--fontSize:36;line-height:var(--awb-typography1-line-height);\">Carlton Nettleton &#8211; Presidente<\/h2><\/div><div class=\"fusion-separator\" style=\"align-self: flex-start;margin-right:auto;margin-bottom:40px;width:100%;max-width:100px;\"><div class=\"fusion-separator-border sep-single sep-solid\" style=\"--awb-height:20px;--awb-amount:20px;border-color:var(--awb-color5);border-top-width:2px;\"><\/div><\/div><div class=\"fusion-text fusion-text-1\"><p>Carlton es el fundador de The Scrum Academy adem\u00e1s de un Certified Scrum Trainer\u00ae. Tiene m\u00e1s de veinticinco a\u00f1os de experiencia con Scrum y el desarrollo de software \u00c1gil. Cuando no est\u00e1 trabajando con nuestros clientes, Carlton disfruta viajar, cocinar, aprender nuevos idiomas y el rugby.<\/p>\n<p>Para m\u00e1s detalles sobre la trayectoria y logros de Carlton, por favor haga <a href=\"https:\/\/thescrumacademy.com\/es\/sobre-carlton-nettleton\/\">clic aqu\u00ed<\/a>.<\/p>\n<\/div><\/div><\/div><\/div><\/div><div class=\"fusion-fullwidth fullwidth-box fusion-builder-row-2 fusion-flex-container has-pattern-background has-mask-background nonhundred-percent-fullwidth non-hundred-percent-height-scrolling\" style=\"--awb-border-radius-top-left:0px;--awb-border-radius-top-right:0px;--awb-border-radius-bottom-right:0px;--awb-border-radius-bottom-left:0px;--awb-margin-top:40px;--awb-flex-wrap:wrap;\" ><div class=\"fusion-builder-row fusion-row fusion-flex-align-items-center fusion-flex-content-wrap\" style=\"max-width:1144px;margin-left: calc(-4% \/ 2 );margin-right: calc(-4% \/ 2 );\"><div class=\"fusion-layout-column fusion_builder_column fusion-builder-column-2 fusion_builder_column_1_3 1_3 fusion-flex-column\" style=\"--awb-bg-size:cover;--awb-width-large:33.3333333333%;--awb-margin-top-large:0px;--awb-spacing-right-large:5.76%;--awb-margin-bottom-large:20px;--awb-spacing-left-large:5.76%;--awb-width-medium:33.3333333333%;--awb-order-medium:0;--awb-spacing-right-medium:5.76%;--awb-spacing-left-medium:5.76%;--awb-width-small:100%;--awb-order-small:0;--awb-spacing-right-small:1.92%;--awb-spacing-left-small:1.92%;\"><div class=\"fusion-column-wrapper fusion-column-has-shadow fusion-flex-justify-content-flex-start fusion-content-layout-column\"><div class=\"fusion-image-element \" style=\"text-align:center;--awb-margin-bottom:20px;--awb-max-width:300px;--awb-caption-title-font-family:var(--h2_typography-font-family);--awb-caption-title-font-weight:var(--h2_typography-font-weight);--awb-caption-title-font-style:var(--h2_typography-font-style);--awb-caption-title-size:var(--h2_typography-font-size);--awb-caption-title-transform:var(--h2_typography-text-transform);--awb-caption-title-line-height:var(--h2_typography-line-height);--awb-caption-title-letter-spacing:var(--h2_typography-letter-spacing);\"><span class=\" fusion-imageframe imageframe-none imageframe-2 hover-type-none\" style=\"border-radius:20px;\"><img decoding=\"async\" width=\"400\" height=\"533\" title=\"Scrum-Academy-Ted-Dikmen-2\" src=\"https:\/\/thescrumacademy.com\/wp-content\/uploads\/2024\/04\/Scrum-Academy-Ted-Dikmen-2.jpg\" data-orig-src=\"https:\/\/thescrumacademy.com\/wp-content\/uploads\/2024\/04\/Scrum-Academy-Ted-Dikmen-2.jpg\" alt class=\"lazyload img-responsive wp-image-6359\" srcset=\"data:image\/svg+xml,%3Csvg%20xmlns%3D%27http%3A%2F%2Fwww.w3.org%2F2000%2Fsvg%27%20width%3D%27400%27%20height%3D%27533%27%20viewBox%3D%270%200%20400%20533%27%3E%3Crect%20width%3D%27400%27%20height%3D%27533%27%20fill-opacity%3D%220%22%2F%3E%3C%2Fsvg%3E\" data-srcset=\"https:\/\/thescrumacademy.com\/wp-content\/uploads\/2024\/04\/Scrum-Academy-Ted-Dikmen-2-200x267.jpg 200w, https:\/\/thescrumacademy.com\/wp-content\/uploads\/2024\/04\/Scrum-Academy-Ted-Dikmen-2.jpg 400w\" data-sizes=\"auto\" data-orig-sizes=\"(max-width: 640px) 100vw, 400px\" \/><\/span><\/div><\/div><\/div><div class=\"fusion-layout-column fusion_builder_column fusion-builder-column-3 fusion_builder_column_2_3 2_3 fusion-flex-column\" style=\"--awb-bg-size:cover;--awb-width-large:66.6666666667%;--awb-margin-top-large:0px;--awb-spacing-right-large:2.88%;--awb-margin-bottom-large:20px;--awb-spacing-left-large:2.88%;--awb-width-medium:66.6666666667%;--awb-order-medium:0;--awb-spacing-right-medium:2.88%;--awb-spacing-left-medium:2.88%;--awb-width-small:100%;--awb-order-small:0;--awb-spacing-right-small:1.92%;--awb-spacing-left-small:1.92%;\"><div class=\"fusion-column-wrapper fusion-column-has-shadow fusion-flex-justify-content-flex-start fusion-content-layout-column\"><div class=\"fusion-title title fusion-title-2 fusion-sep-none fusion-title-text fusion-title-size-three\" style=\"--awb-margin-top-small:10px;--awb-margin-right-small:0px;--awb-margin-bottom-small:10px;--awb-margin-left-small:0px;\"><h3 class=\"fusion-title-heading title-heading-left fusion-responsive-typography-calculated\" style=\"margin:0;--fontSize:30;line-height:var(--awb-typography1-line-height);\">Ted Dikmen &#8211; Director de Operaciones<\/h3><\/div><div class=\"fusion-separator\" style=\"align-self: flex-start;margin-right:auto;margin-bottom:40px;width:100%;max-width:100px;\"><div class=\"fusion-separator-border sep-single sep-solid\" style=\"--awb-height:20px;--awb-amount:20px;border-color:var(--awb-color5);border-top-width:2px;\"><\/div><\/div><div class=\"fusion-text fusion-text-2\"><p>Ted est\u00e1 disfrutando de su segunda carrera como Director de Operaciones. Despu\u00e9s de haber ejercido la abogac\u00eda durante varios a\u00f1os, prefiere no discutir todos los d\u00edas y en su lugar proporcionar un excelente servicio al cliente. Se encarga de las comunicaciones diarias y atiende las consultas de nuestros clientes, adem\u00e1s de jugar un buen partido de tenis cuando el tiempo se lo permite.<\/p>\n<\/div><\/div><\/div><\/div><\/div><div class=\"fusion-fullwidth fullwidth-box fusion-builder-row-3 fusion-flex-container has-pattern-background has-mask-background nonhundred-percent-fullwidth non-hundred-percent-height-scrolling\" style=\"--awb-border-radius-top-left:0px;--awb-border-radius-top-right:0px;--awb-border-radius-bottom-right:0px;--awb-border-radius-bottom-left:0px;--awb-margin-top:40px;--awb-flex-wrap:wrap;\" ><div class=\"fusion-builder-row fusion-row fusion-flex-align-items-center fusion-flex-content-wrap\" style=\"max-width:1144px;margin-left: calc(-4% \/ 2 );margin-right: calc(-4% \/ 2 );\"><div class=\"fusion-layout-column fusion_builder_column fusion-builder-column-4 fusion_builder_column_1_3 1_3 fusion-flex-column\" style=\"--awb-bg-size:cover;--awb-width-large:33.3333333333%;--awb-margin-top-large:0px;--awb-spacing-right-large:5.76%;--awb-margin-bottom-large:20px;--awb-spacing-left-large:5.76%;--awb-width-medium:33.3333333333%;--awb-order-medium:0;--awb-spacing-right-medium:5.76%;--awb-spacing-left-medium:5.76%;--awb-width-small:100%;--awb-order-small:0;--awb-spacing-right-small:1.92%;--awb-spacing-left-small:1.92%;\"><div class=\"fusion-column-wrapper fusion-column-has-shadow fusion-flex-justify-content-flex-start fusion-content-layout-column\"><div class=\"fusion-image-element \" style=\"text-align:center;--awb-margin-bottom:20px;--awb-max-width:300px;--awb-caption-title-font-family:var(--h2_typography-font-family);--awb-caption-title-font-weight:var(--h2_typography-font-weight);--awb-caption-title-font-style:var(--h2_typography-font-style);--awb-caption-title-size:var(--h2_typography-font-size);--awb-caption-title-transform:var(--h2_typography-text-transform);--awb-caption-title-line-height:var(--h2_typography-line-height);--awb-caption-title-letter-spacing:var(--h2_typography-letter-spacing);\"><span class=\" fusion-imageframe imageframe-none imageframe-3 hover-type-none\" style=\"border-radius:20px;\"><img decoding=\"async\" width=\"400\" height=\"533\" title=\"Scrum-Academy-Bruno\" src=\"https:\/\/thescrumacademy.com\/wp-content\/uploads\/2024\/04\/Scrum-Academy-Bruno.jpg\" data-orig-src=\"https:\/\/thescrumacademy.com\/wp-content\/uploads\/2024\/04\/Scrum-Academy-Bruno.jpg\" alt class=\"lazyload img-responsive wp-image-6345\" srcset=\"data:image\/svg+xml,%3Csvg%20xmlns%3D%27http%3A%2F%2Fwww.w3.org%2F2000%2Fsvg%27%20width%3D%27400%27%20height%3D%27533%27%20viewBox%3D%270%200%20400%20533%27%3E%3Crect%20width%3D%27400%27%20height%3D%27533%27%20fill-opacity%3D%220%22%2F%3E%3C%2Fsvg%3E\" data-srcset=\"https:\/\/thescrumacademy.com\/wp-content\/uploads\/2024\/04\/Scrum-Academy-Bruno-200x267.jpg 200w, https:\/\/thescrumacademy.com\/wp-content\/uploads\/2024\/04\/Scrum-Academy-Bruno.jpg 400w\" data-sizes=\"auto\" data-orig-sizes=\"(max-width: 640px) 100vw, 400px\" \/><\/span><\/div><\/div><\/div><div class=\"fusion-layout-column fusion_builder_column fusion-builder-column-5 fusion_builder_column_2_3 2_3 fusion-flex-column\" style=\"--awb-bg-size:cover;--awb-width-large:66.6666666667%;--awb-margin-top-large:0px;--awb-spacing-right-large:2.88%;--awb-margin-bottom-large:20px;--awb-spacing-left-large:2.88%;--awb-width-medium:66.6666666667%;--awb-order-medium:0;--awb-spacing-right-medium:2.88%;--awb-spacing-left-medium:2.88%;--awb-width-small:100%;--awb-order-small:0;--awb-spacing-right-small:1.92%;--awb-spacing-left-small:1.92%;\"><div class=\"fusion-column-wrapper fusion-column-has-shadow fusion-flex-justify-content-flex-start fusion-content-layout-column\"><div class=\"fusion-title title fusion-title-3 fusion-sep-none fusion-title-text fusion-title-size-three\" style=\"--awb-margin-top-small:10px;--awb-margin-right-small:0px;--awb-margin-bottom-small:10px;--awb-margin-left-small:0px;\"><h3 class=\"fusion-title-heading title-heading-left fusion-responsive-typography-calculated\" style=\"margin:0;--fontSize:30;line-height:var(--awb-typography1-line-height);\">Bruno &#8211; VP de Diversi\u00f3n y Curiosidad<\/h3><\/div><div class=\"fusion-separator\" style=\"align-self: flex-start;margin-right:auto;margin-bottom:40px;width:100%;max-width:100px;\"><div class=\"fusion-separator-border sep-single sep-solid\" style=\"--awb-height:20px;--awb-amount:20px;border-color:var(--awb-color5);border-top-width:2px;\"><\/div><\/div><div class=\"fusion-text fusion-text-3\"><p>Bruno es un Boston Terrier con <b><i>MUCHA<\/i><\/b> energ\u00eda. Si tiene suerte, puede que aparezca durante uno de nuestros cursos online. Lo que m\u00e1s le gusta a Bruno es buscar pelotas de tenis, masticar juguetes, pasear y, por \u00faltimo, pero no menos importante por ello, echarse una siesta al sol.<\/p>\n<\/div><\/div><\/div><\/div><\/div><\/p>\n","protected":false},"excerpt":{"rendered":"","protected":false},"author":4,"featured_media":0,"parent":0,"menu_order":0,"comment_status":"closed","ping_status":"closed","template":"100-width.php","meta":{"_monsterinsights_skip_tracking":false,"_monsterinsights_sitenote_active":false,"_monsterinsights_sitenote_note":"","_monsterinsights_sitenote_category":0,"_price":"","_stock":"","_tribe_ticket_header":"","_tribe_default_ticket_provider":"TEC\\Tickets\\Commerce\\Module","_tribe_ticket_capacity":"0","_ticket_start_date":"","_ticket_end_date":"","_tribe_ticket_show_description":"","_tribe_ticket_show_not_going":false,"_tribe_ticket_use_global_stock":"","_tribe_ticket_global_stock_level":"","_global_stock_mode":"","_global_stock_cap":"","_tribe_rsvp_for_event":"","_tribe_ticket_going_count":"","_tribe_ticket_not_going_count":"","_tribe_tickets_list":"[]","_tribe_ticket_has_attendee_info_fields":false,"footnotes":"","_tec_slr_enabled":"","_tec_slr_layout":""},"class_list":["post-6432","page","type-page","status-publish","hentry"],"yoast_head":"<!-- This site is optimized with the Yoast SEO plugin v27.1.1 - https:\/\/yoast.com\/product\/yoast-seo-wordpress\/ -->\n<title>Conoce al equipo de Scrum Academy - The Scrum Academy<\/title>\n<meta name=\"robots\" content=\"index, follow, max-snippet:-1, max-image-preview:large, max-video-preview:-1\" \/>\n<link rel=\"canonical\" href=\"https:\/\/thescrumacademy.com\/es\/conoce-al-equipo-de-scrum-academy\/\" \/>\n<meta property=\"og:locale\" content=\"es_ES\" \/>\n<meta property=\"og:type\" content=\"article\" \/>\n<meta property=\"og:title\" content=\"Conoce al equipo de Scrum Academy - The Scrum Academy\" \/>\n<meta property=\"og:url\" content=\"https:\/\/thescrumacademy.com\/es\/conoce-al-equipo-de-scrum-academy\/\" \/>\n<meta property=\"og:site_name\" content=\"The Scrum Academy\" \/>\n<meta property=\"article:modified_time\" content=\"2025-02-14T15:21:48+00:00\" \/>\n<meta name=\"twitter:card\" content=\"summary_large_image\" \/>\n<meta name=\"twitter:label1\" content=\"Tiempo de lectura\" \/>\n\t<meta name=\"twitter:data1\" content=\"2 minutos\" \/>\n<script type=\"application\/ld+json\" class=\"yoast-schema-graph\">{\"@context\":\"https:\/\/schema.org\",\"@graph\":[{\"@type\":\"WebPage\",\"@id\":\"https:\/\/thescrumacademy.com\/es\/conoce-al-equipo-de-scrum-academy\/\",\"url\":\"https:\/\/thescrumacademy.com\/es\/conoce-al-equipo-de-scrum-academy\/\",\"name\":\"Conoce al equipo de Scrum Academy - The Scrum Academy\",\"isPartOf\":{\"@id\":\"https:\/\/thescrumacademy.com\/es\/#website\"},\"datePublished\":\"2024-04-15T17:18:16+00:00\",\"dateModified\":\"2025-02-14T15:21:48+00:00\",\"breadcrumb\":{\"@id\":\"https:\/\/thescrumacademy.com\/es\/conoce-al-equipo-de-scrum-academy\/#breadcrumb\"},\"inLanguage\":\"es\",\"potentialAction\":[{\"@type\":\"ReadAction\",\"target\":[\"https:\/\/thescrumacademy.com\/es\/conoce-al-equipo-de-scrum-academy\/\"]}]},{\"@type\":\"BreadcrumbList\",\"@id\":\"https:\/\/thescrumacademy.com\/es\/conoce-al-equipo-de-scrum-academy\/#breadcrumb\",\"itemListElement\":[{\"@type\":\"ListItem\",\"position\":1,\"name\":\"Home\",\"item\":\"https:\/\/thescrumacademy.com\/es\/\"},{\"@type\":\"ListItem\",\"position\":2,\"name\":\"Conoce al equipo de Scrum Academy\"}]},{\"@type\":\"WebSite\",\"@id\":\"https:\/\/thescrumacademy.com\/es\/#website\",\"url\":\"https:\/\/thescrumacademy.com\/es\/\",\"name\":\"The Scrum Academy\",\"description\":\"Everyone anywhere can do better Scrum\",\"potentialAction\":[{\"@type\":\"SearchAction\",\"target\":{\"@type\":\"EntryPoint\",\"urlTemplate\":\"https:\/\/thescrumacademy.com\/es\/?s={search_term_string}\"},\"query-input\":{\"@type\":\"PropertyValueSpecification\",\"valueRequired\":true,\"valueName\":\"search_term_string\"}}],\"inLanguage\":\"es\"}]}<\/script>\n<!-- \/ Yoast SEO plugin. -->","yoast_head_json":{"title":"Conoce al equipo de Scrum Academy - The Scrum Academy","robots":{"index":"index","follow":"follow","max-snippet":"max-snippet:-1","max-image-preview":"max-image-preview:large","max-video-preview":"max-video-preview:-1"},"canonical":"https:\/\/thescrumacademy.com\/es\/conoce-al-equipo-de-scrum-academy\/","og_locale":"es_ES","og_type":"article","og_title":"Conoce al equipo de Scrum Academy - The Scrum Academy","og_url":"https:\/\/thescrumacademy.com\/es\/conoce-al-equipo-de-scrum-academy\/","og_site_name":"The Scrum Academy","article_modified_time":"2025-02-14T15:21:48+00:00","twitter_card":"summary_large_image","twitter_misc":{"Tiempo de lectura":"2 minutos"},"schema":{"@context":"https:\/\/schema.org","@graph":[{"@type":"WebPage","@id":"https:\/\/thescrumacademy.com\/es\/conoce-al-equipo-de-scrum-academy\/","url":"https:\/\/thescrumacademy.com\/es\/conoce-al-equipo-de-scrum-academy\/","name":"Conoce al equipo de Scrum Academy - The Scrum Academy","isPartOf":{"@id":"https:\/\/thescrumacademy.com\/es\/#website"},"datePublished":"2024-04-15T17:18:16+00:00","dateModified":"2025-02-14T15:21:48+00:00","breadcrumb":{"@id":"https:\/\/thescrumacademy.com\/es\/conoce-al-equipo-de-scrum-academy\/#breadcrumb"},"inLanguage":"es","potentialAction":[{"@type":"ReadAction","target":["https:\/\/thescrumacademy.com\/es\/conoce-al-equipo-de-scrum-academy\/"]}]},{"@type":"BreadcrumbList","@id":"https:\/\/thescrumacademy.com\/es\/conoce-al-equipo-de-scrum-academy\/#breadcrumb","itemListElement":[{"@type":"ListItem","position":1,"name":"Home","item":"https:\/\/thescrumacademy.com\/es\/"},{"@type":"ListItem","position":2,"name":"Conoce al equipo de Scrum Academy"}]},{"@type":"WebSite","@id":"https:\/\/thescrumacademy.com\/es\/#website","url":"https:\/\/thescrumacademy.com\/es\/","name":"The Scrum Academy","description":"Everyone anywhere can do better Scrum","potentialAction":[{"@type":"SearchAction","target":{"@type":"EntryPoint","urlTemplate":"https:\/\/thescrumacademy.com\/es\/?s={search_term_string}"},"query-input":{"@type":"PropertyValueSpecification","valueRequired":true,"valueName":"search_term_string"}}],"inLanguage":"es"}]}},"ticketed":false,"_links":{"self":[{"href":"https:\/\/thescrumacademy.com\/es\/wp-json\/wp\/v2\/pages\/6432","targetHints":{"allow":["GET"]}}],"collection":[{"href":"https:\/\/thescrumacademy.com\/es\/wp-json\/wp\/v2\/pages"}],"about":[{"href":"https:\/\/thescrumacademy.com\/es\/wp-json\/wp\/v2\/types\/page"}],"author":[{"embeddable":true,"href":"https:\/\/thescrumacademy.com\/es\/wp-json\/wp\/v2\/users\/4"}],"replies":[{"embeddable":true,"href":"https:\/\/thescrumacademy.com\/es\/wp-json\/wp\/v2\/comments?post=6432"}],"version-history":[{"count":0,"href":"https:\/\/thescrumacademy.com\/es\/wp-json\/wp\/v2\/pages\/6432\/revisions"}],"wp:attachment":[{"href":"https:\/\/thescrumacademy.com\/es\/wp-json\/wp\/v2\/media?parent=6432"}],"curies":[{"name":"wp","href":"https:\/\/api.w.org\/{rel}","templated":true}]}}