{"id":6425,"date":"2024-04-15T16:43:53","date_gmt":"2024-04-15T15:43:53","guid":{"rendered":"https:\/\/thescrumacademy.com\/diga-adios-a-las-retrospectivas-aburridas\/"},"modified":"2024-06-21T17:26:53","modified_gmt":"2024-06-21T16:26:53","slug":"retrospectiva","status":"publish","type":"page","link":"https:\/\/thescrumacademy.com\/es\/puesta-a-punto-scrum\/retrospectiva\/","title":{"rendered":"Diga &#8220;adi\u00f3s&#8221; a las Retrospectivas aburridas"},"content":{"rendered":"<div class=\"fusion-fullwidth fullwidth-box fusion-builder-row-1 fusion-flex-container has-pattern-background has-mask-background nonhundred-percent-fullwidth non-hundred-percent-height-scrolling\" style=\"--awb-border-radius-top-left:0px;--awb-border-radius-top-right:0px;--awb-border-radius-bottom-right:0px;--awb-border-radius-bottom-left:0px;--awb-flex-wrap:wrap;\" ><div class=\"fusion-builder-row fusion-row fusion-flex-align-items-flex-start fusion-flex-content-wrap\" style=\"max-width:1144px;margin-left: calc(-4% \/ 2 );margin-right: calc(-4% \/ 2 );\"><div class=\"fusion-layout-column fusion_builder_column fusion-builder-column-0 fusion_builder_column_1_2 1_2 fusion-flex-column\" style=\"--awb-bg-size:cover;--awb-width-large:50%;--awb-margin-top-large:0px;--awb-spacing-right-large:3.84%;--awb-margin-bottom-large:0px;--awb-spacing-left-large:3.84%;--awb-width-medium:50%;--awb-order-medium:0;--awb-spacing-right-medium:3.84%;--awb-spacing-left-medium:3.84%;--awb-width-small:100%;--awb-order-small:0;--awb-spacing-right-small:1.92%;--awb-spacing-left-small:1.92%;\" data-scroll-devices=\"small-visibility,medium-visibility,large-visibility\"><div class=\"fusion-column-wrapper fusion-column-has-shadow fusion-flex-justify-content-flex-start fusion-content-layout-column\"><div class=\"fusion-text fusion-text-1\"><p>Admit\u00e1moslo: La mayor\u00eda de las retrospectivas suelen ser aburridas y desganadas. No estoy seguro de si esto se debe a un formato mon\u00f3tono, a falta de preparaci\u00f3n, a demasiados juegos in\u00fatiles que no conectan con el trabajo real, a la falta de seguimiento de los elementos de acci\u00f3n o simplemente a que la gente ha renunciado a mejorar su Equipo Scrum.<\/p>\n<p>Cualquiera que sea la raz\u00f3n por la que las Retrospectivas no est\u00e1n funcionando para ti y tu Equipo Scrum, no tiene que seguir siendo as\u00ed. Con unos peque\u00f1os ajustes, las Retrospectivas pueden transformarse de otra triste reuni\u00f3n a una sesi\u00f3n atractiva de resoluci\u00f3n de problemas que permita a tu Equipo Scrum inspeccionar y adaptarse a su estado ideal.<\/p>\n<\/div><\/div><\/div><div class=\"fusion-layout-column fusion_builder_column fusion-builder-column-1 fusion_builder_column_1_2 1_2 fusion-flex-column\" style=\"--awb-bg-size:cover;--awb-width-large:50%;--awb-margin-top-large:0px;--awb-spacing-right-large:3.84%;--awb-margin-bottom-large:0px;--awb-spacing-left-large:3.84%;--awb-width-medium:50%;--awb-order-medium:0;--awb-spacing-right-medium:3.84%;--awb-spacing-left-medium:3.84%;--awb-width-small:100%;--awb-order-small:0;--awb-spacing-right-small:1.92%;--awb-spacing-left-small:1.92%;\" data-scroll-devices=\"small-visibility,medium-visibility,large-visibility\"><div class=\"fusion-column-wrapper fusion-column-has-shadow fusion-flex-justify-content-flex-start fusion-content-layout-column\"><div class=\"fusion-image-element \" style=\"--awb-margin-bottom:20px;--awb-caption-title-font-family:var(--h2_typography-font-family);--awb-caption-title-font-weight:var(--h2_typography-font-weight);--awb-caption-title-font-style:var(--h2_typography-font-style);--awb-caption-title-size:var(--h2_typography-font-size);--awb-caption-title-transform:var(--h2_typography-text-transform);--awb-caption-title-line-height:var(--h2_typography-line-height);--awb-caption-title-letter-spacing:var(--h2_typography-letter-spacing);\"><span class=\" fusion-imageframe imageframe-none imageframe-1 hover-type-none\"><img decoding=\"async\" width=\"800\" height=\"450\" title=\"Scrum-Academy-Retrospective\" src=\"https:\/\/thescrumacademy.com\/wp-content\/uploads\/2024\/04\/Scrum-Academy-Retrospective.jpg\" data-orig-src=\"https:\/\/thescrumacademy.com\/wp-content\/uploads\/2024\/04\/Scrum-Academy-Retrospective.jpg\" alt class=\"lazyload img-responsive wp-image-6362\" srcset=\"data:image\/svg+xml,%3Csvg%20xmlns%3D%27http%3A%2F%2Fwww.w3.org%2F2000%2Fsvg%27%20width%3D%27800%27%20height%3D%27450%27%20viewBox%3D%270%200%20800%20450%27%3E%3Crect%20width%3D%27800%27%20height%3D%27450%27%20fill-opacity%3D%220%22%2F%3E%3C%2Fsvg%3E\" data-srcset=\"https:\/\/thescrumacademy.com\/wp-content\/uploads\/2024\/04\/Scrum-Academy-Retrospective-200x113.jpg 200w, https:\/\/thescrumacademy.com\/wp-content\/uploads\/2024\/04\/Scrum-Academy-Retrospective-400x225.jpg 400w, https:\/\/thescrumacademy.com\/wp-content\/uploads\/2024\/04\/Scrum-Academy-Retrospective-600x338.jpg 600w, https:\/\/thescrumacademy.com\/wp-content\/uploads\/2024\/04\/Scrum-Academy-Retrospective.jpg 800w\" data-sizes=\"auto\" data-orig-sizes=\"(max-width: 640px) 100vw, 600px\" \/><\/span><\/div><\/div><\/div><div class=\"fusion-layout-column fusion_builder_column fusion-builder-column-2 fusion_builder_column_1_1 1_1 fusion-flex-column\" style=\"--awb-bg-size:cover;--awb-width-large:100%;--awb-margin-top-large:-20px;--awb-spacing-right-large:1.92%;--awb-margin-bottom-large:20px;--awb-spacing-left-large:1.92%;--awb-width-medium:100%;--awb-order-medium:0;--awb-spacing-right-medium:1.92%;--awb-spacing-left-medium:1.92%;--awb-width-small:100%;--awb-order-small:0;--awb-spacing-right-small:1.92%;--awb-spacing-left-small:1.92%;\" data-scroll-devices=\"small-visibility,medium-visibility,large-visibility\"><div class=\"fusion-column-wrapper fusion-column-has-shadow fusion-flex-justify-content-flex-start fusion-content-layout-column\"><div class=\"fusion-text fusion-text-2\"><h3>C\u00f3mo transformamos tus Retrospectivas en tres pasos<\/h3>\n<ol>\n<li>Carlton programa una llamada Zoom con los miembros clave de tu Equipo Scrum para aprender lo que est\u00e1 funcionando en tu equipo, los retos que quedan y c\u00f3mo definir\u00edan una Retrospectiva exitosa. Durante esta llamada, \u00e9l compartir\u00e1 contigo un marco simple sobre c\u00f3mo construir una Retrospectiva eficaz.<\/li>\n<li>A continuaci\u00f3n, Carlton dise\u00f1a <b><i>una Retrospectiva personalizada<\/i><\/b> para ti y tu Equipo Scrum basada en los objetivos que estableciste durante tu llamada con \u00e9l.<\/li>\n<li>A continuaci\u00f3n, Carlton facilitar\u00e1 tu Retrospectiva personalizada para el Equipo Scrum. El objetivo es mostrarle c\u00f3mo crear una experiencia positiva que dar\u00e1 lugar a acciones concretas. Al t\u00e9rmino de la Retrospectiva, Carlton llevar\u00e1 a cabo una breve retro de la Retrospectiva, ofrecer\u00e1 recomendaciones sobre c\u00f3mo mejorar futuras Retrospectivas y programar\u00e1 cualquier seguimiento, si es necesario.<\/li>\n<\/ol>\n<h3>Esta puesta a punto es perfecta para:<\/h3>\n<ul>\n<li>Equipos Scrum que luchan por identificar \u00e1reas significativas de mejora durante una Retrospectiva.<\/li>\n<li>Scrum Masters, Product Owners, Desarrolladores y otras personas que se sienten frustrados por la p\u00e9rdida de tiempo en Retrospectivas y quieren salt\u00e1rselas.<\/li>\n<li>Scrum Masters que saben que la Retrospectiva puede ser mucho m\u00e1s que un grupo de personas murmurando: &#8220;Lo que fue bien&#8230;, Lo que no fue bien&#8230;, Lo que se puede mejorar&#8221;, pero no saben c\u00f3mo llegar a ello.<\/li>\n<\/ul>\n<h3>Los participantes aprender\u00e1n a:<\/h3>\n<ul>\n<li>Practicar la creaci\u00f3n de elementos de acci\u00f3n que aborden los impedimentos que afectan el rendimiento del Equipo Scrum, la calidad del software o la seguridad psicol\u00f3gica.<\/li>\n<li>Identificar cada uno de los cinco pasos para una Retrospectiva eficaz.<\/li>\n<li>Describir cu\u00e1nta preparaci\u00f3n se necesita para tener una Retrospectiva eficaz y eficiente.<\/li>\n<\/ul>\n<p>Al t\u00e9rmino de esta puesta a punto, tu Equipo Scrum habr\u00e1 visto c\u00f3mo ejecutar una Retrospectiva eficaz y tendr\u00e1 un conjunto de t\u00e9cnicas para aumentar su compromiso. \u00a1Eso suena como una victoria para m\u00ed!<\/p>\n<\/div><div ><a class=\"fusion-button button-flat fusion-button-default-size button-default fusion-button-default button-1 fusion-button-default-span fusion-button-default-type\" target=\"_self\" href=\"https:\/\/thescrumacademy.com\/es\/contacto\/\"><span class=\"fusion-button-text awb-button__text awb-button__text--default\">Cont\u00e1ctanos para Programar tu Puesta a Punto<\/span><\/a><\/div><\/div><\/div><\/div><\/div>\n","protected":false},"excerpt":{"rendered":"","protected":false},"author":4,"featured_media":0,"parent":6435,"menu_order":0,"comment_status":"closed","ping_status":"closed","template":"100-width.php","meta":{"_monsterinsights_skip_tracking":false,"_monsterinsights_sitenote_active":false,"_monsterinsights_sitenote_note":"","_monsterinsights_sitenote_category":0,"_price":"","_stock":"","_tribe_ticket_header":"","_tribe_default_ticket_provider":"TEC\\Tickets\\Commerce\\Module","_tribe_ticket_capacity":"0","_ticket_start_date":"","_ticket_end_date":"","_tribe_ticket_show_description":"","_tribe_ticket_show_not_going":false,"_tribe_ticket_use_global_stock":"","_tribe_ticket_global_stock_level":"","_global_stock_mode":"","_global_stock_cap":"","_tribe_rsvp_for_event":"","_tribe_ticket_going_count":"","_tribe_ticket_not_going_count":"","_tribe_tickets_list":"[]","_tribe_ticket_has_attendee_info_fields":false,"footnotes":"","_tec_slr_enabled":"","_tec_slr_layout":""},"class_list":["post-6425","page","type-page","status-publish","hentry"],"yoast_head":"<!-- This site is optimized with the Yoast SEO plugin v27.5 - https:\/\/yoast.com\/product\/yoast-seo-wordpress\/ -->\n<title>Diga &quot;adi\u00f3s&quot; a las Retrospectivas aburridas - The Scrum Academy<\/title>\n<meta name=\"robots\" content=\"index, follow, max-snippet:-1, max-image-preview:large, max-video-preview:-1\" \/>\n<link rel=\"canonical\" href=\"https:\/\/thescrumacademy.com\/es\/puesta-a-punto-scrum\/retrospectiva\/\" \/>\n<meta property=\"og:locale\" content=\"es_ES\" \/>\n<meta property=\"og:type\" content=\"article\" \/>\n<meta property=\"og:title\" content=\"Diga &quot;adi\u00f3s&quot; a las Retrospectivas aburridas - The Scrum Academy\" \/>\n<meta property=\"og:url\" content=\"https:\/\/thescrumacademy.com\/es\/puesta-a-punto-scrum\/retrospectiva\/\" \/>\n<meta property=\"og:site_name\" content=\"The Scrum Academy\" \/>\n<meta property=\"article:modified_time\" content=\"2024-06-21T16:26:53+00:00\" \/>\n<meta name=\"twitter:card\" content=\"summary_large_image\" \/>\n<meta name=\"twitter:label1\" content=\"Tiempo de lectura\" \/>\n\t<meta name=\"twitter:data1\" content=\"3 minutos\" \/>\n<script type=\"application\/ld+json\" class=\"yoast-schema-graph\">{\"@context\":\"https:\\\/\\\/schema.org\",\"@graph\":[{\"@type\":\"WebPage\",\"@id\":\"https:\\\/\\\/thescrumacademy.com\\\/es\\\/puesta-a-punto-scrum\\\/retrospectiva\\\/\",\"url\":\"https:\\\/\\\/thescrumacademy.com\\\/es\\\/puesta-a-punto-scrum\\\/retrospectiva\\\/\",\"name\":\"Diga \\\"adi\u00f3s\\\" a las Retrospectivas aburridas - The Scrum Academy\",\"isPartOf\":{\"@id\":\"https:\\\/\\\/thescrumacademy.com\\\/es\\\/#website\"},\"datePublished\":\"2024-04-15T15:43:53+00:00\",\"dateModified\":\"2024-06-21T16:26:53+00:00\",\"breadcrumb\":{\"@id\":\"https:\\\/\\\/thescrumacademy.com\\\/es\\\/puesta-a-punto-scrum\\\/retrospectiva\\\/#breadcrumb\"},\"inLanguage\":\"es\",\"potentialAction\":[{\"@type\":\"ReadAction\",\"target\":[\"https:\\\/\\\/thescrumacademy.com\\\/es\\\/puesta-a-punto-scrum\\\/retrospectiva\\\/\"]}]},{\"@type\":\"BreadcrumbList\",\"@id\":\"https:\\\/\\\/thescrumacademy.com\\\/es\\\/puesta-a-punto-scrum\\\/retrospectiva\\\/#breadcrumb\",\"itemListElement\":[{\"@type\":\"ListItem\",\"position\":1,\"name\":\"Home\",\"item\":\"https:\\\/\\\/thescrumacademy.com\\\/es\\\/\"},{\"@type\":\"ListItem\",\"position\":2,\"name\":\"Tune-ups de Equipos Scrum\",\"item\":\"https:\\\/\\\/thescrumacademy.com\\\/es\\\/puesta-a-punto-scrum\\\/\"},{\"@type\":\"ListItem\",\"position\":3,\"name\":\"Diga &#8220;adi\u00f3s&#8221; a las Retrospectivas aburridas\"}]},{\"@type\":\"WebSite\",\"@id\":\"https:\\\/\\\/thescrumacademy.com\\\/es\\\/#website\",\"url\":\"https:\\\/\\\/thescrumacademy.com\\\/es\\\/\",\"name\":\"The Scrum Academy\",\"description\":\"Everyone anywhere can do better Scrum\",\"potentialAction\":[{\"@type\":\"SearchAction\",\"target\":{\"@type\":\"EntryPoint\",\"urlTemplate\":\"https:\\\/\\\/thescrumacademy.com\\\/es\\\/?s={search_term_string}\"},\"query-input\":{\"@type\":\"PropertyValueSpecification\",\"valueRequired\":true,\"valueName\":\"search_term_string\"}}],\"inLanguage\":\"es\"}]}<\/script>\n<!-- \/ Yoast SEO plugin. -->","yoast_head_json":{"title":"Diga \"adi\u00f3s\" a las Retrospectivas aburridas - The Scrum Academy","robots":{"index":"index","follow":"follow","max-snippet":"max-snippet:-1","max-image-preview":"max-image-preview:large","max-video-preview":"max-video-preview:-1"},"canonical":"https:\/\/thescrumacademy.com\/es\/puesta-a-punto-scrum\/retrospectiva\/","og_locale":"es_ES","og_type":"article","og_title":"Diga \"adi\u00f3s\" a las Retrospectivas aburridas - The Scrum Academy","og_url":"https:\/\/thescrumacademy.com\/es\/puesta-a-punto-scrum\/retrospectiva\/","og_site_name":"The Scrum Academy","article_modified_time":"2024-06-21T16:26:53+00:00","twitter_card":"summary_large_image","twitter_misc":{"Tiempo de lectura":"3 minutos"},"schema":{"@context":"https:\/\/schema.org","@graph":[{"@type":"WebPage","@id":"https:\/\/thescrumacademy.com\/es\/puesta-a-punto-scrum\/retrospectiva\/","url":"https:\/\/thescrumacademy.com\/es\/puesta-a-punto-scrum\/retrospectiva\/","name":"Diga \"adi\u00f3s\" a las Retrospectivas aburridas - The Scrum Academy","isPartOf":{"@id":"https:\/\/thescrumacademy.com\/es\/#website"},"datePublished":"2024-04-15T15:43:53+00:00","dateModified":"2024-06-21T16:26:53+00:00","breadcrumb":{"@id":"https:\/\/thescrumacademy.com\/es\/puesta-a-punto-scrum\/retrospectiva\/#breadcrumb"},"inLanguage":"es","potentialAction":[{"@type":"ReadAction","target":["https:\/\/thescrumacademy.com\/es\/puesta-a-punto-scrum\/retrospectiva\/"]}]},{"@type":"BreadcrumbList","@id":"https:\/\/thescrumacademy.com\/es\/puesta-a-punto-scrum\/retrospectiva\/#breadcrumb","itemListElement":[{"@type":"ListItem","position":1,"name":"Home","item":"https:\/\/thescrumacademy.com\/es\/"},{"@type":"ListItem","position":2,"name":"Tune-ups de Equipos Scrum","item":"https:\/\/thescrumacademy.com\/es\/puesta-a-punto-scrum\/"},{"@type":"ListItem","position":3,"name":"Diga &#8220;adi\u00f3s&#8221; a las Retrospectivas aburridas"}]},{"@type":"WebSite","@id":"https:\/\/thescrumacademy.com\/es\/#website","url":"https:\/\/thescrumacademy.com\/es\/","name":"The Scrum Academy","description":"Everyone anywhere can do better Scrum","potentialAction":[{"@type":"SearchAction","target":{"@type":"EntryPoint","urlTemplate":"https:\/\/thescrumacademy.com\/es\/?s={search_term_string}"},"query-input":{"@type":"PropertyValueSpecification","valueRequired":true,"valueName":"search_term_string"}}],"inLanguage":"es"}]}},"ticketed":false,"_links":{"self":[{"href":"https:\/\/thescrumacademy.com\/es\/wp-json\/wp\/v2\/pages\/6425","targetHints":{"allow":["GET"]}}],"collection":[{"href":"https:\/\/thescrumacademy.com\/es\/wp-json\/wp\/v2\/pages"}],"about":[{"href":"https:\/\/thescrumacademy.com\/es\/wp-json\/wp\/v2\/types\/page"}],"author":[{"embeddable":true,"href":"https:\/\/thescrumacademy.com\/es\/wp-json\/wp\/v2\/users\/4"}],"replies":[{"embeddable":true,"href":"https:\/\/thescrumacademy.com\/es\/wp-json\/wp\/v2\/comments?post=6425"}],"version-history":[{"count":0,"href":"https:\/\/thescrumacademy.com\/es\/wp-json\/wp\/v2\/pages\/6425\/revisions"}],"up":[{"embeddable":true,"href":"https:\/\/thescrumacademy.com\/es\/wp-json\/wp\/v2\/pages\/6435"}],"wp:attachment":[{"href":"https:\/\/thescrumacademy.com\/es\/wp-json\/wp\/v2\/media?parent=6425"}],"curies":[{"name":"wp","href":"https:\/\/api.w.org\/{rel}","templated":true}]}}