{"id":6418,"date":"2024-04-12T02:39:35","date_gmt":"2024-04-12T01:39:35","guid":{"rendered":"https:\/\/thescrumacademy.com\/quieres-programar-una-formacion-cerrada\/"},"modified":"2024-06-21T17:22:12","modified_gmt":"2024-06-21T16:22:12","slug":"entrenamiento-equipo-scrum","status":"publish","type":"page","link":"https:\/\/thescrumacademy.com\/es\/entrenamiento-equipo-scrum\/","title":{"rendered":"\u00bfQuieres Programar una Formaci\u00f3n Cerrada?"},"content":{"rendered":"<div class=\"fusion-fullwidth fullwidth-box fusion-builder-row-1 fusion-flex-container nonhundred-percent-fullwidth non-hundred-percent-height-scrolling\" style=\"--awb-border-radius-top-left:0px;--awb-border-radius-top-right:0px;--awb-border-radius-bottom-right:0px;--awb-border-radius-bottom-left:0px;--awb-flex-wrap:wrap;\" ><div class=\"fusion-builder-row fusion-row fusion-flex-align-items-flex-start fusion-flex-content-wrap\" style=\"max-width:1144px;margin-left: calc(-4% \/ 2 );margin-right: calc(-4% \/ 2 );\"><div class=\"fusion-layout-column fusion_builder_column fusion-builder-column-0 fusion_builder_column_1_1 1_1 fusion-flex-column\" style=\"--awb-bg-blend:overlay;--awb-bg-size:cover;--awb-width-large:100%;--awb-margin-top-large:0px;--awb-spacing-right-large:1.92%;--awb-margin-bottom-large:0px;--awb-spacing-left-large:1.92%;--awb-width-medium:100%;--awb-spacing-right-medium:1.92%;--awb-spacing-left-medium:1.92%;--awb-width-small:100%;--awb-spacing-right-small:1.92%;--awb-spacing-left-small:1.92%;\"><div class=\"fusion-column-wrapper fusion-flex-justify-content-flex-start fusion-content-layout-column\"><div class=\"fusion-text fusion-text-1\"><p>Si nuestras aulas abiertas no satisfacen tus necesidades o tienes uno, o m\u00e1s, equipos para entrenar, \u00a1The Scrum Academy puede ayudarte! Todas las formaciones cerradas pueden ser personalizadas y moldeadas a tu organizaci\u00f3n. Cont\u00e1ctanos y veremos c\u00f3mo podemos servirte y a tu negocio.<\/p>\n<\/div><div ><a class=\"fusion-button button-flat fusion-button-default-size button-default fusion-button-default button-1 fusion-button-default-span fusion-button-default-type\" target=\"_self\" href=\"https:\/\/thescrumacademy.com\/es\/contacto\/\"><span class=\"fusion-button-text awb-button__text awb-button__text--default\">Solicitar una Cotizaci\u00f3n<\/span><\/a><\/div><\/div><\/div><\/div><\/div>\n","protected":false},"excerpt":{"rendered":"","protected":false},"author":4,"featured_media":0,"parent":0,"menu_order":0,"comment_status":"closed","ping_status":"closed","template":"100-width.php","meta":{"_monsterinsights_skip_tracking":false,"_monsterinsights_sitenote_active":false,"_monsterinsights_sitenote_note":"","_monsterinsights_sitenote_category":0,"_price":"","_stock":"","_tribe_ticket_header":"","_tribe_default_ticket_provider":"TEC\\Tickets\\Commerce\\Module","_tribe_ticket_capacity":"0","_ticket_start_date":"","_ticket_end_date":"","_tribe_ticket_show_description":"","_tribe_ticket_show_not_going":false,"_tribe_ticket_use_global_stock":"","_tribe_ticket_global_stock_level":"","_global_stock_mode":"","_global_stock_cap":"","_tribe_rsvp_for_event":"","_tribe_ticket_going_count":"","_tribe_ticket_not_going_count":"","_tribe_tickets_list":"[]","_tribe_ticket_has_attendee_info_fields":false,"footnotes":"","_tec_slr_enabled":"","_tec_slr_layout":""},"class_list":["post-6418","page","type-page","status-publish","hentry"],"yoast_head":"<!-- This site is optimized with the Yoast SEO plugin v27.1.1 - https:\/\/yoast.com\/product\/yoast-seo-wordpress\/ -->\n<title>\u00bfQuieres Programar una Formaci\u00f3n Cerrada? - The Scrum Academy<\/title>\n<meta name=\"robots\" content=\"index, follow, max-snippet:-1, max-image-preview:large, max-video-preview:-1\" \/>\n<link rel=\"canonical\" href=\"https:\/\/thescrumacademy.com\/es\/entrenamiento-equipo-scrum\/\" \/>\n<meta property=\"og:locale\" content=\"es_ES\" \/>\n<meta property=\"og:type\" content=\"article\" \/>\n<meta property=\"og:title\" content=\"\u00bfQuieres Programar una Formaci\u00f3n Cerrada? - The Scrum Academy\" \/>\n<meta property=\"og:url\" content=\"https:\/\/thescrumacademy.com\/es\/entrenamiento-equipo-scrum\/\" \/>\n<meta property=\"og:site_name\" content=\"The Scrum Academy\" \/>\n<meta property=\"article:modified_time\" content=\"2024-06-21T16:22:12+00:00\" \/>\n<meta name=\"twitter:card\" content=\"summary_large_image\" \/>\n<meta name=\"twitter:label1\" content=\"Tiempo de lectura\" \/>\n\t<meta name=\"twitter:data1\" content=\"1 minuto\" \/>\n<script type=\"application\/ld+json\" class=\"yoast-schema-graph\">{\"@context\":\"https:\/\/schema.org\",\"@graph\":[{\"@type\":\"WebPage\",\"@id\":\"https:\/\/thescrumacademy.com\/es\/entrenamiento-equipo-scrum\/\",\"url\":\"https:\/\/thescrumacademy.com\/es\/entrenamiento-equipo-scrum\/\",\"name\":\"\u00bfQuieres Programar una Formaci\u00f3n Cerrada? - The Scrum Academy\",\"isPartOf\":{\"@id\":\"https:\/\/thescrumacademy.com\/es\/#website\"},\"datePublished\":\"2024-04-12T01:39:35+00:00\",\"dateModified\":\"2024-06-21T16:22:12+00:00\",\"breadcrumb\":{\"@id\":\"https:\/\/thescrumacademy.com\/es\/entrenamiento-equipo-scrum\/#breadcrumb\"},\"inLanguage\":\"es\",\"potentialAction\":[{\"@type\":\"ReadAction\",\"target\":[\"https:\/\/thescrumacademy.com\/es\/entrenamiento-equipo-scrum\/\"]}]},{\"@type\":\"BreadcrumbList\",\"@id\":\"https:\/\/thescrumacademy.com\/es\/entrenamiento-equipo-scrum\/#breadcrumb\",\"itemListElement\":[{\"@type\":\"ListItem\",\"position\":1,\"name\":\"Home\",\"item\":\"https:\/\/thescrumacademy.com\/es\/\"},{\"@type\":\"ListItem\",\"position\":2,\"name\":\"\u00bfQuieres Programar una Formaci\u00f3n Cerrada?\"}]},{\"@type\":\"WebSite\",\"@id\":\"https:\/\/thescrumacademy.com\/es\/#website\",\"url\":\"https:\/\/thescrumacademy.com\/es\/\",\"name\":\"The Scrum Academy\",\"description\":\"Everyone anywhere can do better Scrum\",\"potentialAction\":[{\"@type\":\"SearchAction\",\"target\":{\"@type\":\"EntryPoint\",\"urlTemplate\":\"https:\/\/thescrumacademy.com\/es\/?s={search_term_string}\"},\"query-input\":{\"@type\":\"PropertyValueSpecification\",\"valueRequired\":true,\"valueName\":\"search_term_string\"}}],\"inLanguage\":\"es\"}]}<\/script>\n<!-- \/ Yoast SEO plugin. -->","yoast_head_json":{"title":"\u00bfQuieres Programar una Formaci\u00f3n Cerrada? - The Scrum Academy","robots":{"index":"index","follow":"follow","max-snippet":"max-snippet:-1","max-image-preview":"max-image-preview:large","max-video-preview":"max-video-preview:-1"},"canonical":"https:\/\/thescrumacademy.com\/es\/entrenamiento-equipo-scrum\/","og_locale":"es_ES","og_type":"article","og_title":"\u00bfQuieres Programar una Formaci\u00f3n Cerrada? - The Scrum Academy","og_url":"https:\/\/thescrumacademy.com\/es\/entrenamiento-equipo-scrum\/","og_site_name":"The Scrum Academy","article_modified_time":"2024-06-21T16:22:12+00:00","twitter_card":"summary_large_image","twitter_misc":{"Tiempo de lectura":"1 minuto"},"schema":{"@context":"https:\/\/schema.org","@graph":[{"@type":"WebPage","@id":"https:\/\/thescrumacademy.com\/es\/entrenamiento-equipo-scrum\/","url":"https:\/\/thescrumacademy.com\/es\/entrenamiento-equipo-scrum\/","name":"\u00bfQuieres Programar una Formaci\u00f3n Cerrada? - The Scrum Academy","isPartOf":{"@id":"https:\/\/thescrumacademy.com\/es\/#website"},"datePublished":"2024-04-12T01:39:35+00:00","dateModified":"2024-06-21T16:22:12+00:00","breadcrumb":{"@id":"https:\/\/thescrumacademy.com\/es\/entrenamiento-equipo-scrum\/#breadcrumb"},"inLanguage":"es","potentialAction":[{"@type":"ReadAction","target":["https:\/\/thescrumacademy.com\/es\/entrenamiento-equipo-scrum\/"]}]},{"@type":"BreadcrumbList","@id":"https:\/\/thescrumacademy.com\/es\/entrenamiento-equipo-scrum\/#breadcrumb","itemListElement":[{"@type":"ListItem","position":1,"name":"Home","item":"https:\/\/thescrumacademy.com\/es\/"},{"@type":"ListItem","position":2,"name":"\u00bfQuieres Programar una Formaci\u00f3n Cerrada?"}]},{"@type":"WebSite","@id":"https:\/\/thescrumacademy.com\/es\/#website","url":"https:\/\/thescrumacademy.com\/es\/","name":"The Scrum Academy","description":"Everyone anywhere can do better Scrum","potentialAction":[{"@type":"SearchAction","target":{"@type":"EntryPoint","urlTemplate":"https:\/\/thescrumacademy.com\/es\/?s={search_term_string}"},"query-input":{"@type":"PropertyValueSpecification","valueRequired":true,"valueName":"search_term_string"}}],"inLanguage":"es"}]}},"ticketed":false,"_links":{"self":[{"href":"https:\/\/thescrumacademy.com\/es\/wp-json\/wp\/v2\/pages\/6418","targetHints":{"allow":["GET"]}}],"collection":[{"href":"https:\/\/thescrumacademy.com\/es\/wp-json\/wp\/v2\/pages"}],"about":[{"href":"https:\/\/thescrumacademy.com\/es\/wp-json\/wp\/v2\/types\/page"}],"author":[{"embeddable":true,"href":"https:\/\/thescrumacademy.com\/es\/wp-json\/wp\/v2\/users\/4"}],"replies":[{"embeddable":true,"href":"https:\/\/thescrumacademy.com\/es\/wp-json\/wp\/v2\/comments?post=6418"}],"version-history":[{"count":0,"href":"https:\/\/thescrumacademy.com\/es\/wp-json\/wp\/v2\/pages\/6418\/revisions"}],"wp:attachment":[{"href":"https:\/\/thescrumacademy.com\/es\/wp-json\/wp\/v2\/media?parent=6418"}],"curies":[{"name":"wp","href":"https:\/\/api.w.org\/{rel}","templated":true}]}}